{"id":155888,"date":"2026-03-08T12:40:43","date_gmt":"2026-03-08T11:40:43","guid":{"rendered":"https:\/\/www.lookforward.at\/?post_type=product&#038;p=155888"},"modified":"2026-04-05T13:38:44","modified_gmt":"2026-04-05T11:38:44","slug":"ns03-lace-knit-cardigan-creme-weiss","status":"publish","type":"product","link":"https:\/\/www.lookforward.at\/en\/produkt\/ns03-lace-knit-cardigan-creme-weiss\/","title":{"rendered":"NS03 Lace Knit Cardigan \u2013 Creme \/ Wei\u00df"},"content":{"rendered":"","protected":false},"excerpt":{"rendered":"<p><b>NS03 Lace Knit Cardigan \u2013 Creme \/ Wei\u00df<\/b><\/p>\n<p>Softe Farben.<\/p>\n<p>Starke Haltung.<\/p>\n<p>F\u00fcr Frauen, die f\u00fchlen, sprechen und ihr Herz nicht kleiner machen.<\/p>\n<p>Dieser leichte Cardigan mit feinem Lochmuster verleiht jedem Outfit eine feminine und elegante Note \u2013 perfekt zum Layern \u00fcber Tops, Kleider oder Blusen.<\/p>\n<p><b>Eigenschaften<\/b><\/p>\n<p>\u2022 Gr\u00f6\u00dfe: One Size \u2013 passt von 36\u201344<\/p>\n<p>\u2022 Farben: Creme, Wei\u00df<\/p>\n<p>\u2022 Material: Baumwolle<\/p>\n<p>\u2022 Feines Lochmuster \/ H\u00e4keloptik<\/p>\n<p>\u2022 Knopfleiste vorne<\/p>\n<p>\u2022 Lockerer Schnitt<\/p>\n<p>\u2022 Made in Italy<\/p>\n<p>\u2022 Pflegehinweis: Waschbar auf 30 Grad \ud83c\udf38<\/p>\n","protected":false},"featured_media":155807,"template":"","meta":{"inline_featured_image":false},"product_brand":[],"product_cat":[499,500,65],"product_tag":[],"class_list":{"0":"post-155888","1":"product","2":"type-product","3":"status-publish","4":"has-post-thumbnail","6":"product_cat-fruehling-2026","7":"product_cat-soft-candy-colour-kollektion","8":"product_cat-cardigan","10":"first","11":"onbackorder","12":"taxable","13":"shipping-taxable","14":"purchasable","15":"product-type-variable"},"bundled_by":[],"bundle_stock_status":"onbackorder","bundle_stock_quantity":null,"bundle_virtual":false,"bundle_layout":"","bundle_add_to_cart_form_location":"","bundle_editable_in_cart":false,"bundle_sold_individually_context":"","bundle_item_grouping":"","bundle_min_size":"","bundle_max_size":"","bundle_price":[],"bundled_items":[],"bundle_sell_ids":[],"yoast_head":"<!-- This site is optimized with the Yoast SEO plugin v26.5 - https:\/\/yoast.com\/wordpress\/plugins\/seo\/ -->\n<title>NS03 Lace Knit Cardigan \u2013 Creme \/ Wei\u00df<\/title>\n<meta name=\"robots\" content=\"index, follow, max-snippet:-1, max-image-preview:large, max-video-preview:-1\" \/>\n<link rel=\"canonical\" href=\"https:\/\/www.lookforward.at\/en\/produkt\/ns03-lace-knit-cardigan-creme-weiss\/\" \/>\n<meta property=\"og:locale\" content=\"en_US\" \/>\n<meta property=\"og:locale:alternate\" content=\"de_DE\" \/>\n<meta property=\"og:type\" content=\"article\" \/>\n<meta property=\"og:title\" content=\"NS03 Lace Knit Cardigan \u2013 Creme \/ Wei\u00df\" \/>\n<meta property=\"og:description\" content=\"NS03 Lace Knit Cardigan \u2013 Creme \/ Wei\u00df  Softe Farben.  Starke Haltung.  F\u00fcr Frauen, die f\u00fchlen, sprechen und ihr Herz nicht kleiner machen.  Dieser leichte Cardigan mit feinem Lochmuster verleiht jedem Outfit eine feminine und elegante Note \u2013 perfekt zum Layern \u00fcber Tops, Kleider oder Blusen.  Eigenschaften  \u2022 Gr\u00f6\u00dfe: One Size \u2013 passt von 36\u201344  \u2022 Farben: Creme, Wei\u00df  \u2022 Material: Baumwolle  \u2022 Feines Lochmuster \/ H\u00e4keloptik  \u2022 Knopfleiste vorne  \u2022 Lockerer Schnitt  \u2022 Made in Italy  \u2022 Pflegehinweis: Waschbar auf 30 Grad \ud83c\udf38\" \/>\n<meta property=\"og:url\" content=\"https:\/\/www.lookforward.at\/en\/produkt\/ns03-lace-knit-cardigan-creme-weiss\/\" \/>\n<meta property=\"og:site_name\" content=\"lookforward Shop\" \/>\n<meta property=\"article:modified_time\" content=\"2026-04-05T11:38:44+00:00\" \/>\n<meta property=\"og:image\" content=\"https:\/\/www.lookforward.at\/wp-content\/uploads\/2026\/03\/IMG_2015-scaled.jpg\" \/>\n\t<meta property=\"og:image:width\" content=\"1920\" \/>\n\t<meta property=\"og:image:height\" content=\"2560\" \/>\n\t<meta property=\"og:image:type\" content=\"image\/jpeg\" \/>\n<meta name=\"twitter:card\" content=\"summary_large_image\" \/>\n<meta name=\"twitter:label1\" content=\"Est. reading time\" \/>\n\t<meta name=\"twitter:data1\" content=\"1 minute\" \/>\n<script type=\"application\/ld+json\" class=\"yoast-schema-graph\">{\"@context\":\"https:\/\/schema.org\",\"@graph\":[{\"@type\":\"WebPage\",\"@id\":\"https:\/\/www.lookforward.at\/produkt\/ns03-lace-knit-cardigan-creme-weiss\/\",\"url\":\"https:\/\/www.lookforward.at\/produkt\/ns03-lace-knit-cardigan-creme-weiss\/\",\"name\":\"NS03 Lace Knit Cardigan \u2013 Creme \/ Wei\u00df\",\"isPartOf\":{\"@id\":\"https:\/\/www.lookforward.at\/#website\"},\"primaryImageOfPage\":{\"@id\":\"https:\/\/www.lookforward.at\/produkt\/ns03-lace-knit-cardigan-creme-weiss\/#primaryimage\"},\"image\":{\"@id\":\"https:\/\/www.lookforward.at\/produkt\/ns03-lace-knit-cardigan-creme-weiss\/#primaryimage\"},\"thumbnailUrl\":\"https:\/\/www.lookforward.at\/wp-content\/uploads\/2026\/03\/IMG_2015-scaled.jpg\",\"datePublished\":\"2026-03-08T11:40:43+00:00\",\"dateModified\":\"2026-04-05T11:38:44+00:00\",\"breadcrumb\":{\"@id\":\"https:\/\/www.lookforward.at\/produkt\/ns03-lace-knit-cardigan-creme-weiss\/#breadcrumb\"},\"inLanguage\":\"en-US\",\"potentialAction\":[{\"@type\":\"ReadAction\",\"target\":[\"https:\/\/www.lookforward.at\/produkt\/ns03-lace-knit-cardigan-creme-weiss\/\"]}]},{\"@type\":\"ImageObject\",\"inLanguage\":\"en-US\",\"@id\":\"https:\/\/www.lookforward.at\/produkt\/ns03-lace-knit-cardigan-creme-weiss\/#primaryimage\",\"url\":\"https:\/\/www.lookforward.at\/wp-content\/uploads\/2026\/03\/IMG_2015-scaled.jpg\",\"contentUrl\":\"https:\/\/www.lookforward.at\/wp-content\/uploads\/2026\/03\/IMG_2015-scaled.jpg\",\"width\":1920,\"height\":2560},{\"@type\":\"BreadcrumbList\",\"@id\":\"https:\/\/www.lookforward.at\/produkt\/ns03-lace-knit-cardigan-creme-weiss\/#breadcrumb\",\"itemListElement\":[{\"@type\":\"ListItem\",\"position\":1,\"name\":\"Startseite\",\"item\":\"https:\/\/www.lookforward.at\/\"},{\"@type\":\"ListItem\",\"position\":2,\"name\":\"Shop\",\"item\":\"https:\/\/www.lookforward.at\/shop\/\"},{\"@type\":\"ListItem\",\"position\":3,\"name\":\"NS03 Lace Knit Cardigan \u2013 Creme \/ Wei\u00df\"}]},{\"@type\":\"WebSite\",\"@id\":\"https:\/\/www.lookforward.at\/#website\",\"url\":\"https:\/\/www.lookforward.at\/\",\"name\":\"lookforward Shop\",\"description\":\"Der neue Shop f\u00fcr Fashion, Lifestyle, Family, Food and Beauty.\",\"publisher\":{\"@id\":\"https:\/\/www.lookforward.at\/#organization\"},\"potentialAction\":[{\"@type\":\"SearchAction\",\"target\":{\"@type\":\"EntryPoint\",\"urlTemplate\":\"https:\/\/www.lookforward.at\/?s={search_term_string}\"},\"query-input\":{\"@type\":\"PropertyValueSpecification\",\"valueRequired\":true,\"valueName\":\"search_term_string\"}}],\"inLanguage\":\"en-US\"},{\"@type\":\"Organization\",\"@id\":\"https:\/\/www.lookforward.at\/#organization\",\"name\":\"KB lookforward\",\"url\":\"https:\/\/www.lookforward.at\/\",\"logo\":{\"@type\":\"ImageObject\",\"inLanguage\":\"en-US\",\"@id\":\"https:\/\/www.lookforward.at\/#\/schema\/logo\/image\/\",\"url\":\"https:\/\/www.lookforward.at\/wp-content\/uploads\/2023\/10\/Icon-KB.svg\",\"contentUrl\":\"https:\/\/www.lookforward.at\/wp-content\/uploads\/2023\/10\/Icon-KB.svg\",\"caption\":\"KB lookforward\"},\"image\":{\"@id\":\"https:\/\/www.lookforward.at\/#\/schema\/logo\/image\/\"}}]}<\/script>\n<!-- \/ Yoast SEO plugin. -->","yoast_head_json":{"title":"NS03 Lace Knit Cardigan \u2013 Creme \/ Wei\u00df","robots":{"index":"index","follow":"follow","max-snippet":"max-snippet:-1","max-image-preview":"max-image-preview:large","max-video-preview":"max-video-preview:-1"},"canonical":"https:\/\/www.lookforward.at\/en\/produkt\/ns03-lace-knit-cardigan-creme-weiss\/","og_locale":"en_US","og_type":"article","og_title":"[:de]NS03 Lace Knit Cardigan \u2013 Creme \/ Wei\u00df[:] - lookforward Shop","og_description":"NS03 Lace Knit Cardigan \u2013 Creme \/ Wei\u00df  Softe Farben.  Starke Haltung.  F\u00fcr Frauen, die f\u00fchlen, sprechen und ihr Herz nicht kleiner machen.  Dieser leichte Cardigan mit feinem Lochmuster verleiht jedem Outfit eine feminine und elegante Note \u2013 perfekt zum Layern \u00fcber Tops, Kleider oder Blusen.  Eigenschaften  \u2022 Gr\u00f6\u00dfe: One Size \u2013 passt von 36\u201344  \u2022 Farben: Creme, Wei\u00df  \u2022 Material: Baumwolle  \u2022 Feines Lochmuster \/ H\u00e4keloptik  \u2022 Knopfleiste vorne  \u2022 Lockerer Schnitt  \u2022 Made in Italy  \u2022 Pflegehinweis: Waschbar auf 30 Grad \ud83c\udf38","og_url":"https:\/\/www.lookforward.at\/en\/produkt\/ns03-lace-knit-cardigan-creme-weiss\/","og_site_name":"lookforward Shop","article_modified_time":"2026-04-05T11:38:44+00:00","og_image":[{"width":1920,"height":2560,"url":"https:\/\/www.lookforward.at\/wp-content\/uploads\/2026\/03\/IMG_2015-scaled.jpg","type":"image\/jpeg"}],"twitter_card":"summary_large_image","twitter_misc":{"Est. reading time":"1 minute"},"schema":{"@context":"https:\/\/schema.org","@graph":[{"@type":"WebPage","@id":"https:\/\/www.lookforward.at\/produkt\/ns03-lace-knit-cardigan-creme-weiss\/","url":"https:\/\/www.lookforward.at\/produkt\/ns03-lace-knit-cardigan-creme-weiss\/","name":"NS03 Lace Knit Cardigan \u2013 Creme \/ Wei\u00df","isPartOf":{"@id":"https:\/\/www.lookforward.at\/#website"},"primaryImageOfPage":{"@id":"https:\/\/www.lookforward.at\/produkt\/ns03-lace-knit-cardigan-creme-weiss\/#primaryimage"},"image":{"@id":"https:\/\/www.lookforward.at\/produkt\/ns03-lace-knit-cardigan-creme-weiss\/#primaryimage"},"thumbnailUrl":"https:\/\/www.lookforward.at\/wp-content\/uploads\/2026\/03\/IMG_2015-scaled.jpg","datePublished":"2026-03-08T11:40:43+00:00","dateModified":"2026-04-05T11:38:44+00:00","breadcrumb":{"@id":"https:\/\/www.lookforward.at\/produkt\/ns03-lace-knit-cardigan-creme-weiss\/#breadcrumb"},"inLanguage":"en-US","potentialAction":[{"@type":"ReadAction","target":["https:\/\/www.lookforward.at\/produkt\/ns03-lace-knit-cardigan-creme-weiss\/"]}]},{"@type":"ImageObject","inLanguage":"en-US","@id":"https:\/\/www.lookforward.at\/produkt\/ns03-lace-knit-cardigan-creme-weiss\/#primaryimage","url":"https:\/\/www.lookforward.at\/wp-content\/uploads\/2026\/03\/IMG_2015-scaled.jpg","contentUrl":"https:\/\/www.lookforward.at\/wp-content\/uploads\/2026\/03\/IMG_2015-scaled.jpg","width":1920,"height":2560},{"@type":"BreadcrumbList","@id":"https:\/\/www.lookforward.at\/produkt\/ns03-lace-knit-cardigan-creme-weiss\/#breadcrumb","itemListElement":[{"@type":"ListItem","position":1,"name":"Startseite","item":"https:\/\/www.lookforward.at\/"},{"@type":"ListItem","position":2,"name":"Shop","item":"https:\/\/www.lookforward.at\/shop\/"},{"@type":"ListItem","position":3,"name":"NS03 Lace Knit Cardigan \u2013 Creme \/ Wei\u00df"}]},{"@type":"WebSite","@id":"https:\/\/www.lookforward.at\/#website","url":"https:\/\/www.lookforward.at\/","name":"lookforward Shop","description":"Der neue Shop f\u00fcr Fashion, Lifestyle, Family, Food and Beauty.","publisher":{"@id":"https:\/\/www.lookforward.at\/#organization"},"potentialAction":[{"@type":"SearchAction","target":{"@type":"EntryPoint","urlTemplate":"https:\/\/www.lookforward.at\/?s={search_term_string}"},"query-input":{"@type":"PropertyValueSpecification","valueRequired":true,"valueName":"search_term_string"}}],"inLanguage":"en-US"},{"@type":"Organization","@id":"https:\/\/www.lookforward.at\/#organization","name":"KB lookforward","url":"https:\/\/www.lookforward.at\/","logo":{"@type":"ImageObject","inLanguage":"en-US","@id":"https:\/\/www.lookforward.at\/#\/schema\/logo\/image\/","url":"https:\/\/www.lookforward.at\/wp-content\/uploads\/2023\/10\/Icon-KB.svg","contentUrl":"https:\/\/www.lookforward.at\/wp-content\/uploads\/2023\/10\/Icon-KB.svg","caption":"KB lookforward"},"image":{"@id":"https:\/\/www.lookforward.at\/#\/schema\/logo\/image\/"}}]}},"_links":{"self":[{"href":"https:\/\/www.lookforward.at\/en\/wp-json\/wp\/v2\/product\/155888","targetHints":{"allow":["GET"]}}],"collection":[{"href":"https:\/\/www.lookforward.at\/en\/wp-json\/wp\/v2\/product"}],"about":[{"href":"https:\/\/www.lookforward.at\/en\/wp-json\/wp\/v2\/types\/product"}],"wp:featuredmedia":[{"embeddable":true,"href":"https:\/\/www.lookforward.at\/en\/wp-json\/wp\/v2\/media\/155807"}],"wp:attachment":[{"href":"https:\/\/www.lookforward.at\/en\/wp-json\/wp\/v2\/media?parent=155888"}],"wp:term":[{"taxonomy":"product_brand","embeddable":true,"href":"https:\/\/www.lookforward.at\/en\/wp-json\/wp\/v2\/product_brand?post=155888"},{"taxonomy":"product_cat","embeddable":true,"href":"https:\/\/www.lookforward.at\/en\/wp-json\/wp\/v2\/product_cat?post=155888"},{"taxonomy":"product_tag","embeddable":true,"href":"https:\/\/www.lookforward.at\/en\/wp-json\/wp\/v2\/product_tag?post=155888"}],"curies":[{"name":"wp","href":"https:\/\/api.w.org\/{rel}","templated":true}]}}