{"id":155894,"date":"2026-03-08T13:20:58","date_gmt":"2026-03-08T12:20:58","guid":{"rendered":"https:\/\/www.lookforward.at\/?post_type=product&#038;p=155894"},"modified":"2026-03-27T21:15:24","modified_gmt":"2026-03-27T20:15:24","slug":"sp-02-cotton-lace-cardigan-weiss","status":"publish","type":"product","link":"https:\/\/www.lookforward.at\/en\/produkt\/sp-02-cotton-lace-cardigan-weiss\/","title":{"rendered":"\u00a0SP 02 Cotton Lace Cardigan \u2013 Wei\u00df"},"content":{"rendered":"","protected":false},"excerpt":{"rendered":"<p><b>\u00a0Cotton Lace Cardigan \u2013 Wei\u00df<\/b><\/p>\n<p>Softe Farben.<\/p>\n<p>Starke Haltung.<\/p>\n<p>F\u00fcr Frauen, die f\u00fchlen, sprechen und ihr Herz nicht kleiner machen.<\/p>\n<p>Dieser leichte Baumwoll-Cardigan mit feinen Spitzen-Details bringt eine romantische und feminine Note in deinen Look \u2013 perfekt f\u00fcr sommerliche Layering-Outfits.<\/p>\n<p><b>Eigenschaften<\/b><\/p>\n<p>\u2022 Gr\u00f6\u00dfe: One Size \u2013 passt von 36\u201344<\/p>\n<p>\u2022 Farbe: Wei\u00df<\/p>\n<p>\u2022 Material: 100 % Baumwolle<\/p>\n<p>\u2022 Bindeband vorne<\/p>\n<p>\u2022 Spitzen- und Lochstickerei Details<\/p>\n<p>\u2022 Lockerer, kurzer Schnitt<\/p>\n<p>\u2022 Made in Italy<\/p>\n<p>\u2022 Pflegehinweis: Waschbar auf 30 Grad \ud83c\udf38<\/p>\n","protected":false},"featured_media":155828,"template":"","meta":{"inline_featured_image":false},"product_brand":[],"product_cat":[431,499,500],"product_tag":[],"class_list":{"0":"post-155894","1":"product","2":"type-product","3":"status-publish","4":"has-post-thumbnail","6":"product_cat-blusen","7":"product_cat-fruehling-2026","8":"product_cat-soft-candy-colour-kollektion","10":"first","11":"onbackorder","12":"taxable","13":"shipping-taxable","14":"purchasable","15":"product-type-simple"},"bundled_by":[],"bundle_stock_status":"onbackorder","bundle_stock_quantity":-8,"bundle_virtual":false,"bundle_layout":"","bundle_add_to_cart_form_location":"","bundle_editable_in_cart":false,"bundle_sold_individually_context":"","bundle_item_grouping":"","bundle_min_size":"","bundle_max_size":"","bundle_price":[],"bundled_items":[],"bundle_sell_ids":[],"yoast_head":"<!-- This site is optimized with the Yoast SEO plugin v26.5 - https:\/\/yoast.com\/wordpress\/plugins\/seo\/ -->\n<title>\u00a0SP 02 Cotton Lace Cardigan \u2013 Wei\u00df<\/title>\n<meta name=\"robots\" content=\"index, follow, max-snippet:-1, max-image-preview:large, max-video-preview:-1\" \/>\n<link rel=\"canonical\" href=\"https:\/\/www.lookforward.at\/en\/produkt\/sp-02-cotton-lace-cardigan-weiss\/\" \/>\n<meta property=\"og:locale\" content=\"en_US\" \/>\n<meta property=\"og:locale:alternate\" content=\"de_DE\" \/>\n<meta property=\"og:type\" content=\"article\" \/>\n<meta property=\"og:title\" content=\"\u00a0SP 02 Cotton Lace Cardigan \u2013 Wei\u00df\" \/>\n<meta property=\"og:description\" content=\"\u00a0Cotton Lace Cardigan \u2013 Wei\u00df  Softe Farben.  Starke Haltung.  F\u00fcr Frauen, die f\u00fchlen, sprechen und ihr Herz nicht kleiner machen.  Dieser leichte Baumwoll-Cardigan mit feinen Spitzen-Details bringt eine romantische und feminine Note in deinen Look \u2013 perfekt f\u00fcr sommerliche Layering-Outfits.  Eigenschaften  \u2022 Gr\u00f6\u00dfe: One Size \u2013 passt von 36\u201344  \u2022 Farbe: Wei\u00df  \u2022 Material: 100 % Baumwolle  \u2022 Bindeband vorne  \u2022 Spitzen- und Lochstickerei Details  \u2022 Lockerer, kurzer Schnitt  \u2022 Made in Italy  \u2022 Pflegehinweis: Waschbar auf 30 Grad \ud83c\udf38\" \/>\n<meta property=\"og:url\" content=\"https:\/\/www.lookforward.at\/en\/produkt\/sp-02-cotton-lace-cardigan-weiss\/\" \/>\n<meta property=\"og:site_name\" content=\"lookforward Shop\" \/>\n<meta property=\"article:modified_time\" content=\"2026-03-27T20:15:24+00:00\" \/>\n<meta name=\"twitter:card\" content=\"summary_large_image\" \/>\n<meta name=\"twitter:label1\" content=\"Est. reading time\" \/>\n\t<meta name=\"twitter:data1\" content=\"1 minute\" \/>\n<script type=\"application\/ld+json\" class=\"yoast-schema-graph\">{\"@context\":\"https:\/\/schema.org\",\"@graph\":[{\"@type\":\"WebPage\",\"@id\":\"https:\/\/www.lookforward.at\/produkt\/sp-02-cotton-lace-cardigan-weiss\/\",\"url\":\"https:\/\/www.lookforward.at\/produkt\/sp-02-cotton-lace-cardigan-weiss\/\",\"name\":\"\u00a0SP 02 Cotton Lace Cardigan \u2013 Wei\u00df\",\"isPartOf\":{\"@id\":\"https:\/\/www.lookforward.at\/#website\"},\"primaryImageOfPage\":{\"@id\":\"https:\/\/www.lookforward.at\/produkt\/sp-02-cotton-lace-cardigan-weiss\/#primaryimage\"},\"image\":{\"@id\":\"https:\/\/www.lookforward.at\/produkt\/sp-02-cotton-lace-cardigan-weiss\/#primaryimage\"},\"thumbnailUrl\":\"https:\/\/www.lookforward.at\/wp-content\/uploads\/2026\/03\/IMG_2221-scaled.jpg\",\"datePublished\":\"2026-03-08T12:20:58+00:00\",\"dateModified\":\"2026-03-27T20:15:24+00:00\",\"breadcrumb\":{\"@id\":\"https:\/\/www.lookforward.at\/produkt\/sp-02-cotton-lace-cardigan-weiss\/#breadcrumb\"},\"inLanguage\":\"en-US\",\"potentialAction\":[{\"@type\":\"ReadAction\",\"target\":[\"https:\/\/www.lookforward.at\/produkt\/sp-02-cotton-lace-cardigan-weiss\/\"]}]},{\"@type\":\"ImageObject\",\"inLanguage\":\"en-US\",\"@id\":\"https:\/\/www.lookforward.at\/produkt\/sp-02-cotton-lace-cardigan-weiss\/#primaryimage\",\"url\":\"https:\/\/www.lookforward.at\/wp-content\/uploads\/2026\/03\/IMG_2221-scaled.jpg\",\"contentUrl\":\"https:\/\/www.lookforward.at\/wp-content\/uploads\/2026\/03\/IMG_2221-scaled.jpg\",\"width\":1920,\"height\":2560},{\"@type\":\"BreadcrumbList\",\"@id\":\"https:\/\/www.lookforward.at\/produkt\/sp-02-cotton-lace-cardigan-weiss\/#breadcrumb\",\"itemListElement\":[{\"@type\":\"ListItem\",\"position\":1,\"name\":\"Startseite\",\"item\":\"https:\/\/www.lookforward.at\/\"},{\"@type\":\"ListItem\",\"position\":2,\"name\":\"Shop\",\"item\":\"https:\/\/www.lookforward.at\/shop\/\"},{\"@type\":\"ListItem\",\"position\":3,\"name\":\"\u00a0SP 02 Cotton Lace Cardigan \u2013 Wei\u00df\"}]},{\"@type\":\"WebSite\",\"@id\":\"https:\/\/www.lookforward.at\/#website\",\"url\":\"https:\/\/www.lookforward.at\/\",\"name\":\"lookforward Shop\",\"description\":\"Der neue Shop f\u00fcr Fashion, Lifestyle, Family, Food and Beauty.\",\"publisher\":{\"@id\":\"https:\/\/www.lookforward.at\/#organization\"},\"potentialAction\":[{\"@type\":\"SearchAction\",\"target\":{\"@type\":\"EntryPoint\",\"urlTemplate\":\"https:\/\/www.lookforward.at\/?s={search_term_string}\"},\"query-input\":{\"@type\":\"PropertyValueSpecification\",\"valueRequired\":true,\"valueName\":\"search_term_string\"}}],\"inLanguage\":\"en-US\"},{\"@type\":\"Organization\",\"@id\":\"https:\/\/www.lookforward.at\/#organization\",\"name\":\"KB lookforward\",\"url\":\"https:\/\/www.lookforward.at\/\",\"logo\":{\"@type\":\"ImageObject\",\"inLanguage\":\"en-US\",\"@id\":\"https:\/\/www.lookforward.at\/#\/schema\/logo\/image\/\",\"url\":\"https:\/\/www.lookforward.at\/wp-content\/uploads\/2023\/10\/Icon-KB.svg\",\"contentUrl\":\"https:\/\/www.lookforward.at\/wp-content\/uploads\/2023\/10\/Icon-KB.svg\",\"caption\":\"KB lookforward\"},\"image\":{\"@id\":\"https:\/\/www.lookforward.at\/#\/schema\/logo\/image\/\"}}]}<\/script>\n<!-- \/ Yoast SEO plugin. -->","yoast_head_json":{"title":"\u00a0SP 02 Cotton Lace Cardigan \u2013 Wei\u00df","robots":{"index":"index","follow":"follow","max-snippet":"max-snippet:-1","max-image-preview":"max-image-preview:large","max-video-preview":"max-video-preview:-1"},"canonical":"https:\/\/www.lookforward.at\/en\/produkt\/sp-02-cotton-lace-cardigan-weiss\/","og_locale":"en_US","og_type":"article","og_title":"[:de]\u00a0SP 02 Cotton Lace Cardigan \u2013 Wei\u00df[:] - lookforward Shop","og_description":"\u00a0Cotton Lace Cardigan \u2013 Wei\u00df  Softe Farben.  Starke Haltung.  F\u00fcr Frauen, die f\u00fchlen, sprechen und ihr Herz nicht kleiner machen.  Dieser leichte Baumwoll-Cardigan mit feinen Spitzen-Details bringt eine romantische und feminine Note in deinen Look \u2013 perfekt f\u00fcr sommerliche Layering-Outfits.  Eigenschaften  \u2022 Gr\u00f6\u00dfe: One Size \u2013 passt von 36\u201344  \u2022 Farbe: Wei\u00df  \u2022 Material: 100 % Baumwolle  \u2022 Bindeband vorne  \u2022 Spitzen- und Lochstickerei Details  \u2022 Lockerer, kurzer Schnitt  \u2022 Made in Italy  \u2022 Pflegehinweis: Waschbar auf 30 Grad \ud83c\udf38","og_url":"https:\/\/www.lookforward.at\/en\/produkt\/sp-02-cotton-lace-cardigan-weiss\/","og_site_name":"lookforward Shop","article_modified_time":"2026-03-27T20:15:24+00:00","twitter_card":"summary_large_image","twitter_misc":{"Est. reading time":"1 minute"},"schema":{"@context":"https:\/\/schema.org","@graph":[{"@type":"WebPage","@id":"https:\/\/www.lookforward.at\/produkt\/sp-02-cotton-lace-cardigan-weiss\/","url":"https:\/\/www.lookforward.at\/produkt\/sp-02-cotton-lace-cardigan-weiss\/","name":"\u00a0SP 02 Cotton Lace Cardigan \u2013 Wei\u00df","isPartOf":{"@id":"https:\/\/www.lookforward.at\/#website"},"primaryImageOfPage":{"@id":"https:\/\/www.lookforward.at\/produkt\/sp-02-cotton-lace-cardigan-weiss\/#primaryimage"},"image":{"@id":"https:\/\/www.lookforward.at\/produkt\/sp-02-cotton-lace-cardigan-weiss\/#primaryimage"},"thumbnailUrl":"https:\/\/www.lookforward.at\/wp-content\/uploads\/2026\/03\/IMG_2221-scaled.jpg","datePublished":"2026-03-08T12:20:58+00:00","dateModified":"2026-03-27T20:15:24+00:00","breadcrumb":{"@id":"https:\/\/www.lookforward.at\/produkt\/sp-02-cotton-lace-cardigan-weiss\/#breadcrumb"},"inLanguage":"en-US","potentialAction":[{"@type":"ReadAction","target":["https:\/\/www.lookforward.at\/produkt\/sp-02-cotton-lace-cardigan-weiss\/"]}]},{"@type":"ImageObject","inLanguage":"en-US","@id":"https:\/\/www.lookforward.at\/produkt\/sp-02-cotton-lace-cardigan-weiss\/#primaryimage","url":"https:\/\/www.lookforward.at\/wp-content\/uploads\/2026\/03\/IMG_2221-scaled.jpg","contentUrl":"https:\/\/www.lookforward.at\/wp-content\/uploads\/2026\/03\/IMG_2221-scaled.jpg","width":1920,"height":2560},{"@type":"BreadcrumbList","@id":"https:\/\/www.lookforward.at\/produkt\/sp-02-cotton-lace-cardigan-weiss\/#breadcrumb","itemListElement":[{"@type":"ListItem","position":1,"name":"Startseite","item":"https:\/\/www.lookforward.at\/"},{"@type":"ListItem","position":2,"name":"Shop","item":"https:\/\/www.lookforward.at\/shop\/"},{"@type":"ListItem","position":3,"name":"\u00a0SP 02 Cotton Lace Cardigan \u2013 Wei\u00df"}]},{"@type":"WebSite","@id":"https:\/\/www.lookforward.at\/#website","url":"https:\/\/www.lookforward.at\/","name":"lookforward Shop","description":"Der neue Shop f\u00fcr Fashion, Lifestyle, Family, Food and Beauty.","publisher":{"@id":"https:\/\/www.lookforward.at\/#organization"},"potentialAction":[{"@type":"SearchAction","target":{"@type":"EntryPoint","urlTemplate":"https:\/\/www.lookforward.at\/?s={search_term_string}"},"query-input":{"@type":"PropertyValueSpecification","valueRequired":true,"valueName":"search_term_string"}}],"inLanguage":"en-US"},{"@type":"Organization","@id":"https:\/\/www.lookforward.at\/#organization","name":"KB lookforward","url":"https:\/\/www.lookforward.at\/","logo":{"@type":"ImageObject","inLanguage":"en-US","@id":"https:\/\/www.lookforward.at\/#\/schema\/logo\/image\/","url":"https:\/\/www.lookforward.at\/wp-content\/uploads\/2023\/10\/Icon-KB.svg","contentUrl":"https:\/\/www.lookforward.at\/wp-content\/uploads\/2023\/10\/Icon-KB.svg","caption":"KB lookforward"},"image":{"@id":"https:\/\/www.lookforward.at\/#\/schema\/logo\/image\/"}}]}},"_links":{"self":[{"href":"https:\/\/www.lookforward.at\/en\/wp-json\/wp\/v2\/product\/155894","targetHints":{"allow":["GET"]}}],"collection":[{"href":"https:\/\/www.lookforward.at\/en\/wp-json\/wp\/v2\/product"}],"about":[{"href":"https:\/\/www.lookforward.at\/en\/wp-json\/wp\/v2\/types\/product"}],"wp:featuredmedia":[{"embeddable":true,"href":"https:\/\/www.lookforward.at\/en\/wp-json\/wp\/v2\/media\/155828"}],"wp:attachment":[{"href":"https:\/\/www.lookforward.at\/en\/wp-json\/wp\/v2\/media?parent=155894"}],"wp:term":[{"taxonomy":"product_brand","embeddable":true,"href":"https:\/\/www.lookforward.at\/en\/wp-json\/wp\/v2\/product_brand?post=155894"},{"taxonomy":"product_cat","embeddable":true,"href":"https:\/\/www.lookforward.at\/en\/wp-json\/wp\/v2\/product_cat?post=155894"},{"taxonomy":"product_tag","embeddable":true,"href":"https:\/\/www.lookforward.at\/en\/wp-json\/wp\/v2\/product_tag?post=155894"}],"curies":[{"name":"wp","href":"https:\/\/api.w.org\/{rel}","templated":true}]}}