{"id":155944,"date":"2026-03-08T14:21:42","date_gmt":"2026-03-08T13:21:42","guid":{"rendered":"https:\/\/www.lookforward.at\/?post_type=product&#038;p=155944"},"modified":"2026-05-02T21:12:56","modified_gmt":"2026-05-02T19:12:56","slug":"ef13-baggy-jeans-hellblau-2","status":"publish","type":"product","link":"https:\/\/www.lookforward.at\/en\/produkt\/ef13-baggy-jeans-hellblau-2\/","title":{"rendered":"EF13 Baggy Jeans \u2013 Hellblau"},"content":{"rendered":"","protected":false},"excerpt":{"rendered":"<p><b>EF13 Baggy Jeans \u2013 Hellblau<\/b><\/p>\n<p>Softe Farben.<\/p>\n<p>Starke Haltung.<\/p>\n<p>F\u00fcr Frauen, die f\u00fchlen, sprechen und ihr Herz nicht kleiner machen.<\/p>\n<p>Diese Baggy Jeans steht f\u00fcr einen entspannten, modernen Look. Der lockere Schnitt sorgt f\u00fcr maximale Bewegungsfreiheit und macht sie zum perfekten Begleiter f\u00fcr l\u00e4ssige Alltags-Outfits.<\/p>\n<p><b>Eigenschaften<\/b><\/p>\n<p>S-L locker geschnitten , Nummer kleiner nehmen<span class=\"Apple-converted-space\">\u00a0<\/span><\/p>\n<p>\u2022 Farbe: Hellblau<\/p>\n<p>\u2022 Baggy Fit \/ lockerer Schnitt<\/p>\n<p>\u2022 Material: 100 % Baumwolle<\/p>\n<p>\u2022 Angenehm zu tragen mit l\u00e4ssiger Passform<\/p>\n<p>\u2022 Made in Italy<\/p>\n<p>\u2022 Pflegehinweis: Waschbar auf 30 Grad \ud83c\udf38<\/p>\n","protected":false},"featured_media":155813,"template":"","meta":{"inline_featured_image":false},"product_brand":[],"product_cat":[499,500,48],"product_tag":[],"class_list":{"0":"post-155944","1":"product","2":"type-product","3":"status-publish","4":"has-post-thumbnail","6":"product_cat-fruehling-2026","7":"product_cat-soft-candy-colour-kollektion","8":"product_cat-hosen","10":"first","11":"onbackorder","12":"taxable","13":"shipping-taxable","14":"purchasable","15":"product-type-variable"},"bundled_by":[],"bundle_stock_status":"onbackorder","bundle_stock_quantity":null,"bundle_virtual":false,"bundle_layout":"","bundle_add_to_cart_form_location":"","bundle_editable_in_cart":false,"bundle_sold_individually_context":"","bundle_item_grouping":"","bundle_min_size":"","bundle_max_size":"","bundle_price":[],"bundled_items":[],"bundle_sell_ids":[],"yoast_head":"<!-- This site is optimized with the Yoast SEO plugin v26.5 - https:\/\/yoast.com\/wordpress\/plugins\/seo\/ -->\n<title>EF13 Baggy Jeans \u2013 Hellblau<\/title>\n<meta name=\"robots\" content=\"index, follow, max-snippet:-1, max-image-preview:large, max-video-preview:-1\" \/>\n<link rel=\"canonical\" href=\"https:\/\/www.lookforward.at\/en\/produkt\/ef13-baggy-jeans-hellblau-2\/\" \/>\n<meta property=\"og:locale\" content=\"en_US\" \/>\n<meta property=\"og:locale:alternate\" content=\"de_DE\" \/>\n<meta property=\"og:type\" content=\"article\" \/>\n<meta property=\"og:title\" content=\"EF13 Baggy Jeans \u2013 Hellblau\" \/>\n<meta property=\"og:description\" content=\"EF13 Baggy Jeans \u2013 Hellblau  Softe Farben.  Starke Haltung.  F\u00fcr Frauen, die f\u00fchlen, sprechen und ihr Herz nicht kleiner machen.  Diese Baggy Jeans steht f\u00fcr einen entspannten, modernen Look. Der lockere Schnitt sorgt f\u00fcr maximale Bewegungsfreiheit und macht sie zum perfekten Begleiter f\u00fcr l\u00e4ssige Alltags-Outfits.  Eigenschaften  S-L locker geschnitten , Nummer kleiner nehmen\u00a0  \u2022 Farbe: Hellblau  \u2022 Baggy Fit \/ lockerer Schnitt  \u2022 Material: 100 % Baumwolle  \u2022 Angenehm zu tragen mit l\u00e4ssiger Passform  \u2022 Made in Italy  \u2022 Pflegehinweis: Waschbar auf 30 Grad \ud83c\udf38\" \/>\n<meta property=\"og:url\" content=\"https:\/\/www.lookforward.at\/en\/produkt\/ef13-baggy-jeans-hellblau-2\/\" \/>\n<meta property=\"og:site_name\" content=\"lookforward Shop\" \/>\n<meta property=\"article:modified_time\" content=\"2026-05-02T19:12:56+00:00\" \/>\n<meta property=\"og:image\" content=\"https:\/\/www.lookforward.at\/wp-content\/uploads\/2026\/03\/IMG_2079-scaled.jpg\" \/>\n\t<meta property=\"og:image:width\" content=\"1920\" \/>\n\t<meta property=\"og:image:height\" content=\"2560\" \/>\n\t<meta property=\"og:image:type\" content=\"image\/jpeg\" \/>\n<meta name=\"twitter:card\" content=\"summary_large_image\" \/>\n<meta name=\"twitter:label1\" content=\"Est. reading time\" \/>\n\t<meta name=\"twitter:data1\" content=\"1 minute\" \/>\n<script type=\"application\/ld+json\" class=\"yoast-schema-graph\">{\"@context\":\"https:\/\/schema.org\",\"@graph\":[{\"@type\":\"WebPage\",\"@id\":\"https:\/\/www.lookforward.at\/produkt\/ef13-baggy-jeans-hellblau-2\/\",\"url\":\"https:\/\/www.lookforward.at\/produkt\/ef13-baggy-jeans-hellblau-2\/\",\"name\":\"EF13 Baggy Jeans \u2013 Hellblau\",\"isPartOf\":{\"@id\":\"https:\/\/www.lookforward.at\/#website\"},\"primaryImageOfPage\":{\"@id\":\"https:\/\/www.lookforward.at\/produkt\/ef13-baggy-jeans-hellblau-2\/#primaryimage\"},\"image\":{\"@id\":\"https:\/\/www.lookforward.at\/produkt\/ef13-baggy-jeans-hellblau-2\/#primaryimage\"},\"thumbnailUrl\":\"https:\/\/www.lookforward.at\/wp-content\/uploads\/2026\/03\/IMG_2079-scaled.jpg\",\"datePublished\":\"2026-03-08T13:21:42+00:00\",\"dateModified\":\"2026-05-02T19:12:56+00:00\",\"breadcrumb\":{\"@id\":\"https:\/\/www.lookforward.at\/produkt\/ef13-baggy-jeans-hellblau-2\/#breadcrumb\"},\"inLanguage\":\"en-US\",\"potentialAction\":[{\"@type\":\"ReadAction\",\"target\":[\"https:\/\/www.lookforward.at\/produkt\/ef13-baggy-jeans-hellblau-2\/\"]}]},{\"@type\":\"ImageObject\",\"inLanguage\":\"en-US\",\"@id\":\"https:\/\/www.lookforward.at\/produkt\/ef13-baggy-jeans-hellblau-2\/#primaryimage\",\"url\":\"https:\/\/www.lookforward.at\/wp-content\/uploads\/2026\/03\/IMG_2079-scaled.jpg\",\"contentUrl\":\"https:\/\/www.lookforward.at\/wp-content\/uploads\/2026\/03\/IMG_2079-scaled.jpg\",\"width\":1920,\"height\":2560},{\"@type\":\"BreadcrumbList\",\"@id\":\"https:\/\/www.lookforward.at\/produkt\/ef13-baggy-jeans-hellblau-2\/#breadcrumb\",\"itemListElement\":[{\"@type\":\"ListItem\",\"position\":1,\"name\":\"Startseite\",\"item\":\"https:\/\/www.lookforward.at\/\"},{\"@type\":\"ListItem\",\"position\":2,\"name\":\"Shop\",\"item\":\"https:\/\/www.lookforward.at\/shop\/\"},{\"@type\":\"ListItem\",\"position\":3,\"name\":\"EF13 Baggy Jeans \u2013 Hellblau\"}]},{\"@type\":\"WebSite\",\"@id\":\"https:\/\/www.lookforward.at\/#website\",\"url\":\"https:\/\/www.lookforward.at\/\",\"name\":\"lookforward Shop\",\"description\":\"Der neue Shop f\u00fcr Fashion, Lifestyle, Family, Food and Beauty.\",\"publisher\":{\"@id\":\"https:\/\/www.lookforward.at\/#organization\"},\"potentialAction\":[{\"@type\":\"SearchAction\",\"target\":{\"@type\":\"EntryPoint\",\"urlTemplate\":\"https:\/\/www.lookforward.at\/?s={search_term_string}\"},\"query-input\":{\"@type\":\"PropertyValueSpecification\",\"valueRequired\":true,\"valueName\":\"search_term_string\"}}],\"inLanguage\":\"en-US\"},{\"@type\":\"Organization\",\"@id\":\"https:\/\/www.lookforward.at\/#organization\",\"name\":\"KB lookforward\",\"url\":\"https:\/\/www.lookforward.at\/\",\"logo\":{\"@type\":\"ImageObject\",\"inLanguage\":\"en-US\",\"@id\":\"https:\/\/www.lookforward.at\/#\/schema\/logo\/image\/\",\"url\":\"https:\/\/www.lookforward.at\/wp-content\/uploads\/2023\/10\/Icon-KB.svg\",\"contentUrl\":\"https:\/\/www.lookforward.at\/wp-content\/uploads\/2023\/10\/Icon-KB.svg\",\"caption\":\"KB lookforward\"},\"image\":{\"@id\":\"https:\/\/www.lookforward.at\/#\/schema\/logo\/image\/\"}}]}<\/script>\n<!-- \/ Yoast SEO plugin. -->","yoast_head_json":{"title":"EF13 Baggy Jeans \u2013 Hellblau","robots":{"index":"index","follow":"follow","max-snippet":"max-snippet:-1","max-image-preview":"max-image-preview:large","max-video-preview":"max-video-preview:-1"},"canonical":"https:\/\/www.lookforward.at\/en\/produkt\/ef13-baggy-jeans-hellblau-2\/","og_locale":"en_US","og_type":"article","og_title":"[:de]EF13 Baggy Jeans \u2013 Hellblau[:] - lookforward Shop","og_description":"EF13 Baggy Jeans \u2013 Hellblau  Softe Farben.  Starke Haltung.  F\u00fcr Frauen, die f\u00fchlen, sprechen und ihr Herz nicht kleiner machen.  Diese Baggy Jeans steht f\u00fcr einen entspannten, modernen Look. Der lockere Schnitt sorgt f\u00fcr maximale Bewegungsfreiheit und macht sie zum perfekten Begleiter f\u00fcr l\u00e4ssige Alltags-Outfits.  Eigenschaften  S-L locker geschnitten , Nummer kleiner nehmen\u00a0  \u2022 Farbe: Hellblau  \u2022 Baggy Fit \/ lockerer Schnitt  \u2022 Material: 100 % Baumwolle  \u2022 Angenehm zu tragen mit l\u00e4ssiger Passform  \u2022 Made in Italy  \u2022 Pflegehinweis: Waschbar auf 30 Grad \ud83c\udf38","og_url":"https:\/\/www.lookforward.at\/en\/produkt\/ef13-baggy-jeans-hellblau-2\/","og_site_name":"lookforward Shop","article_modified_time":"2026-05-02T19:12:56+00:00","og_image":[{"width":1920,"height":2560,"url":"https:\/\/www.lookforward.at\/wp-content\/uploads\/2026\/03\/IMG_2079-scaled.jpg","type":"image\/jpeg"}],"twitter_card":"summary_large_image","twitter_misc":{"Est. reading time":"1 minute"},"schema":{"@context":"https:\/\/schema.org","@graph":[{"@type":"WebPage","@id":"https:\/\/www.lookforward.at\/produkt\/ef13-baggy-jeans-hellblau-2\/","url":"https:\/\/www.lookforward.at\/produkt\/ef13-baggy-jeans-hellblau-2\/","name":"EF13 Baggy Jeans \u2013 Hellblau","isPartOf":{"@id":"https:\/\/www.lookforward.at\/#website"},"primaryImageOfPage":{"@id":"https:\/\/www.lookforward.at\/produkt\/ef13-baggy-jeans-hellblau-2\/#primaryimage"},"image":{"@id":"https:\/\/www.lookforward.at\/produkt\/ef13-baggy-jeans-hellblau-2\/#primaryimage"},"thumbnailUrl":"https:\/\/www.lookforward.at\/wp-content\/uploads\/2026\/03\/IMG_2079-scaled.jpg","datePublished":"2026-03-08T13:21:42+00:00","dateModified":"2026-05-02T19:12:56+00:00","breadcrumb":{"@id":"https:\/\/www.lookforward.at\/produkt\/ef13-baggy-jeans-hellblau-2\/#breadcrumb"},"inLanguage":"en-US","potentialAction":[{"@type":"ReadAction","target":["https:\/\/www.lookforward.at\/produkt\/ef13-baggy-jeans-hellblau-2\/"]}]},{"@type":"ImageObject","inLanguage":"en-US","@id":"https:\/\/www.lookforward.at\/produkt\/ef13-baggy-jeans-hellblau-2\/#primaryimage","url":"https:\/\/www.lookforward.at\/wp-content\/uploads\/2026\/03\/IMG_2079-scaled.jpg","contentUrl":"https:\/\/www.lookforward.at\/wp-content\/uploads\/2026\/03\/IMG_2079-scaled.jpg","width":1920,"height":2560},{"@type":"BreadcrumbList","@id":"https:\/\/www.lookforward.at\/produkt\/ef13-baggy-jeans-hellblau-2\/#breadcrumb","itemListElement":[{"@type":"ListItem","position":1,"name":"Startseite","item":"https:\/\/www.lookforward.at\/"},{"@type":"ListItem","position":2,"name":"Shop","item":"https:\/\/www.lookforward.at\/shop\/"},{"@type":"ListItem","position":3,"name":"EF13 Baggy Jeans \u2013 Hellblau"}]},{"@type":"WebSite","@id":"https:\/\/www.lookforward.at\/#website","url":"https:\/\/www.lookforward.at\/","name":"lookforward Shop","description":"Der neue Shop f\u00fcr Fashion, Lifestyle, Family, Food and Beauty.","publisher":{"@id":"https:\/\/www.lookforward.at\/#organization"},"potentialAction":[{"@type":"SearchAction","target":{"@type":"EntryPoint","urlTemplate":"https:\/\/www.lookforward.at\/?s={search_term_string}"},"query-input":{"@type":"PropertyValueSpecification","valueRequired":true,"valueName":"search_term_string"}}],"inLanguage":"en-US"},{"@type":"Organization","@id":"https:\/\/www.lookforward.at\/#organization","name":"KB lookforward","url":"https:\/\/www.lookforward.at\/","logo":{"@type":"ImageObject","inLanguage":"en-US","@id":"https:\/\/www.lookforward.at\/#\/schema\/logo\/image\/","url":"https:\/\/www.lookforward.at\/wp-content\/uploads\/2023\/10\/Icon-KB.svg","contentUrl":"https:\/\/www.lookforward.at\/wp-content\/uploads\/2023\/10\/Icon-KB.svg","caption":"KB lookforward"},"image":{"@id":"https:\/\/www.lookforward.at\/#\/schema\/logo\/image\/"}}]}},"_links":{"self":[{"href":"https:\/\/www.lookforward.at\/en\/wp-json\/wp\/v2\/product\/155944","targetHints":{"allow":["GET"]}}],"collection":[{"href":"https:\/\/www.lookforward.at\/en\/wp-json\/wp\/v2\/product"}],"about":[{"href":"https:\/\/www.lookforward.at\/en\/wp-json\/wp\/v2\/types\/product"}],"wp:featuredmedia":[{"embeddable":true,"href":"https:\/\/www.lookforward.at\/en\/wp-json\/wp\/v2\/media\/155813"}],"wp:attachment":[{"href":"https:\/\/www.lookforward.at\/en\/wp-json\/wp\/v2\/media?parent=155944"}],"wp:term":[{"taxonomy":"product_brand","embeddable":true,"href":"https:\/\/www.lookforward.at\/en\/wp-json\/wp\/v2\/product_brand?post=155944"},{"taxonomy":"product_cat","embeddable":true,"href":"https:\/\/www.lookforward.at\/en\/wp-json\/wp\/v2\/product_cat?post=155944"},{"taxonomy":"product_tag","embeddable":true,"href":"https:\/\/www.lookforward.at\/en\/wp-json\/wp\/v2\/product_tag?post=155944"}],"curies":[{"name":"wp","href":"https:\/\/api.w.org\/{rel}","templated":true}]}}