{"id":156030,"date":"2026-03-13T20:41:06","date_gmt":"2026-03-13T19:41:06","guid":{"rendered":"https:\/\/www.lookforward.at\/?post_type=product&#038;p=156030"},"modified":"2026-03-16T18:14:27","modified_gmt":"2026-03-16T17:14:27","slug":"boho-traegertop-ns05","status":"publish","type":"product","link":"https:\/\/www.lookforward.at\/en\/produkt\/boho-traegertop-ns05\/","title":{"rendered":"Boho Tr\u00e4gertop NS05"},"content":{"rendered":"","protected":false},"excerpt":{"rendered":"<p><b>Boho Tr\u00e4gertop NS05<\/b><\/p>\n<p>Leicht, feminin und perfekt f\u00fcr warme Tage.<\/p>\n<p>Das Boho Tr\u00e4gertop bringt mit seinem besonderen R\u00fccken-Detail eine verspielte Leichtigkeit in deinen Look.<\/p>\n<p><b>Eigenschaften<\/b><\/p>\n<p>\u2022Gr\u00f6\u00dfe: <b>One Size (passt von 36\u201344)<\/b><\/p>\n<p>\u2022Farbe: <b>Braun<\/b><\/p>\n<p>\u2728 <b>Good to know<\/b><\/p>\n<p>\u2022<b>Lockere, flie\u00dfende Passform<\/b><\/p>\n<p>\u2022<b>D\u00fcnne Spaghettitr\u00e4ger<\/b><\/p>\n<p>\u2022<b>R\u00fccken-Detail mit Schmuckelement<\/b> f\u00fcr einen besonderen Hingucker<\/p>\n<p>\u2022<b>Leichter, luftiger Stoff<\/b> \u2013 ideal f\u00fcr den Sommer<\/p>\n<p>\u2022<b>Made in Italy<\/b><\/p>\n<p>\u2022<b>Pflegehinweis:<\/b> Waschbar bei <b>30 \u00b0C<\/b><\/p>\n","protected":false},"featured_media":156014,"template":"","meta":{"inline_featured_image":false},"product_brand":[],"product_cat":[501,499,69],"product_tag":[],"class_list":{"0":"post-156030","1":"product","2":"type-product","3":"status-publish","4":"has-post-thumbnail","6":"product_cat-boho-kollektion","7":"product_cat-fruehling-2026","8":"product_cat-top","10":"first","11":"onbackorder","12":"taxable","13":"shipping-taxable","14":"purchasable","15":"product-type-simple"},"bundled_by":[],"bundle_stock_status":"onbackorder","bundle_stock_quantity":-1,"bundle_virtual":false,"bundle_layout":"","bundle_add_to_cart_form_location":"","bundle_editable_in_cart":false,"bundle_sold_individually_context":"","bundle_item_grouping":"","bundle_min_size":"","bundle_max_size":"","bundle_price":[],"bundled_items":[],"bundle_sell_ids":[],"yoast_head":"<!-- This site is optimized with the Yoast SEO plugin v26.5 - https:\/\/yoast.com\/wordpress\/plugins\/seo\/ -->\n<title>Boho Tr\u00e4gertop NS05<\/title>\n<meta name=\"robots\" content=\"index, follow, max-snippet:-1, max-image-preview:large, max-video-preview:-1\" \/>\n<link rel=\"canonical\" href=\"https:\/\/www.lookforward.at\/en\/produkt\/boho-traegertop-ns05\/\" \/>\n<meta property=\"og:locale\" content=\"en_US\" \/>\n<meta property=\"og:locale:alternate\" content=\"de_DE\" \/>\n<meta property=\"og:type\" content=\"article\" \/>\n<meta property=\"og:title\" content=\"Boho Tr\u00e4gertop NS05\" \/>\n<meta property=\"og:description\" content=\"Boho Tr\u00e4gertop NS05  Leicht, feminin und perfekt f\u00fcr warme Tage.  Das Boho Tr\u00e4gertop bringt mit seinem besonderen R\u00fccken-Detail eine verspielte Leichtigkeit in deinen Look.  Eigenschaften  \u2022Gr\u00f6\u00dfe: One Size (passt von 36\u201344)  \u2022Farbe: Braun  \u2728 Good to know  \u2022Lockere, flie\u00dfende Passform  \u2022D\u00fcnne Spaghettitr\u00e4ger  \u2022R\u00fccken-Detail mit Schmuckelement f\u00fcr einen besonderen Hingucker  \u2022Leichter, luftiger Stoff \u2013 ideal f\u00fcr den Sommer  \u2022Made in Italy  \u2022Pflegehinweis: Waschbar bei 30 \u00b0C\" \/>\n<meta property=\"og:url\" content=\"https:\/\/www.lookforward.at\/en\/produkt\/boho-traegertop-ns05\/\" \/>\n<meta property=\"og:site_name\" content=\"lookforward Shop\" \/>\n<meta property=\"article:modified_time\" content=\"2026-03-16T17:14:27+00:00\" \/>\n<meta name=\"twitter:card\" content=\"summary_large_image\" \/>\n<meta name=\"twitter:label1\" content=\"Est. reading time\" \/>\n\t<meta name=\"twitter:data1\" content=\"1 minute\" \/>\n<script type=\"application\/ld+json\" class=\"yoast-schema-graph\">{\"@context\":\"https:\/\/schema.org\",\"@graph\":[{\"@type\":\"WebPage\",\"@id\":\"https:\/\/www.lookforward.at\/produkt\/boho-traegertop-ns05\/\",\"url\":\"https:\/\/www.lookforward.at\/produkt\/boho-traegertop-ns05\/\",\"name\":\"Boho Tr\u00e4gertop NS05\",\"isPartOf\":{\"@id\":\"https:\/\/www.lookforward.at\/#website\"},\"primaryImageOfPage\":{\"@id\":\"https:\/\/www.lookforward.at\/produkt\/boho-traegertop-ns05\/#primaryimage\"},\"image\":{\"@id\":\"https:\/\/www.lookforward.at\/produkt\/boho-traegertop-ns05\/#primaryimage\"},\"thumbnailUrl\":\"https:\/\/www.lookforward.at\/wp-content\/uploads\/2026\/03\/IMG_7788-scaled.jpeg\",\"datePublished\":\"2026-03-13T19:41:06+00:00\",\"dateModified\":\"2026-03-16T17:14:27+00:00\",\"breadcrumb\":{\"@id\":\"https:\/\/www.lookforward.at\/produkt\/boho-traegertop-ns05\/#breadcrumb\"},\"inLanguage\":\"en-US\",\"potentialAction\":[{\"@type\":\"ReadAction\",\"target\":[\"https:\/\/www.lookforward.at\/produkt\/boho-traegertop-ns05\/\"]}]},{\"@type\":\"ImageObject\",\"inLanguage\":\"en-US\",\"@id\":\"https:\/\/www.lookforward.at\/produkt\/boho-traegertop-ns05\/#primaryimage\",\"url\":\"https:\/\/www.lookforward.at\/wp-content\/uploads\/2026\/03\/IMG_7788-scaled.jpeg\",\"contentUrl\":\"https:\/\/www.lookforward.at\/wp-content\/uploads\/2026\/03\/IMG_7788-scaled.jpeg\",\"width\":1920,\"height\":2560},{\"@type\":\"BreadcrumbList\",\"@id\":\"https:\/\/www.lookforward.at\/produkt\/boho-traegertop-ns05\/#breadcrumb\",\"itemListElement\":[{\"@type\":\"ListItem\",\"position\":1,\"name\":\"Startseite\",\"item\":\"https:\/\/www.lookforward.at\/\"},{\"@type\":\"ListItem\",\"position\":2,\"name\":\"Shop\",\"item\":\"https:\/\/www.lookforward.at\/shop\/\"},{\"@type\":\"ListItem\",\"position\":3,\"name\":\"Boho Tr\u00e4gertop NS05\"}]},{\"@type\":\"WebSite\",\"@id\":\"https:\/\/www.lookforward.at\/#website\",\"url\":\"https:\/\/www.lookforward.at\/\",\"name\":\"lookforward Shop\",\"description\":\"Der neue Shop f\u00fcr Fashion, Lifestyle, Family, Food and Beauty.\",\"publisher\":{\"@id\":\"https:\/\/www.lookforward.at\/#organization\"},\"potentialAction\":[{\"@type\":\"SearchAction\",\"target\":{\"@type\":\"EntryPoint\",\"urlTemplate\":\"https:\/\/www.lookforward.at\/?s={search_term_string}\"},\"query-input\":{\"@type\":\"PropertyValueSpecification\",\"valueRequired\":true,\"valueName\":\"search_term_string\"}}],\"inLanguage\":\"en-US\"},{\"@type\":\"Organization\",\"@id\":\"https:\/\/www.lookforward.at\/#organization\",\"name\":\"KB lookforward\",\"url\":\"https:\/\/www.lookforward.at\/\",\"logo\":{\"@type\":\"ImageObject\",\"inLanguage\":\"en-US\",\"@id\":\"https:\/\/www.lookforward.at\/#\/schema\/logo\/image\/\",\"url\":\"https:\/\/www.lookforward.at\/wp-content\/uploads\/2023\/10\/Icon-KB.svg\",\"contentUrl\":\"https:\/\/www.lookforward.at\/wp-content\/uploads\/2023\/10\/Icon-KB.svg\",\"caption\":\"KB lookforward\"},\"image\":{\"@id\":\"https:\/\/www.lookforward.at\/#\/schema\/logo\/image\/\"}}]}<\/script>\n<!-- \/ Yoast SEO plugin. -->","yoast_head_json":{"title":"Boho Tr\u00e4gertop NS05","robots":{"index":"index","follow":"follow","max-snippet":"max-snippet:-1","max-image-preview":"max-image-preview:large","max-video-preview":"max-video-preview:-1"},"canonical":"https:\/\/www.lookforward.at\/en\/produkt\/boho-traegertop-ns05\/","og_locale":"en_US","og_type":"article","og_title":"[:de]Boho Tr\u00e4gertop NS05[:] - lookforward Shop","og_description":"Boho Tr\u00e4gertop NS05  Leicht, feminin und perfekt f\u00fcr warme Tage.  Das Boho Tr\u00e4gertop bringt mit seinem besonderen R\u00fccken-Detail eine verspielte Leichtigkeit in deinen Look.  Eigenschaften  \u2022Gr\u00f6\u00dfe: One Size (passt von 36\u201344)  \u2022Farbe: Braun  \u2728 Good to know  \u2022Lockere, flie\u00dfende Passform  \u2022D\u00fcnne Spaghettitr\u00e4ger  \u2022R\u00fccken-Detail mit Schmuckelement f\u00fcr einen besonderen Hingucker  \u2022Leichter, luftiger Stoff \u2013 ideal f\u00fcr den Sommer  \u2022Made in Italy  \u2022Pflegehinweis: Waschbar bei 30 \u00b0C","og_url":"https:\/\/www.lookforward.at\/en\/produkt\/boho-traegertop-ns05\/","og_site_name":"lookforward Shop","article_modified_time":"2026-03-16T17:14:27+00:00","twitter_card":"summary_large_image","twitter_misc":{"Est. reading time":"1 minute"},"schema":{"@context":"https:\/\/schema.org","@graph":[{"@type":"WebPage","@id":"https:\/\/www.lookforward.at\/produkt\/boho-traegertop-ns05\/","url":"https:\/\/www.lookforward.at\/produkt\/boho-traegertop-ns05\/","name":"Boho Tr\u00e4gertop NS05","isPartOf":{"@id":"https:\/\/www.lookforward.at\/#website"},"primaryImageOfPage":{"@id":"https:\/\/www.lookforward.at\/produkt\/boho-traegertop-ns05\/#primaryimage"},"image":{"@id":"https:\/\/www.lookforward.at\/produkt\/boho-traegertop-ns05\/#primaryimage"},"thumbnailUrl":"https:\/\/www.lookforward.at\/wp-content\/uploads\/2026\/03\/IMG_7788-scaled.jpeg","datePublished":"2026-03-13T19:41:06+00:00","dateModified":"2026-03-16T17:14:27+00:00","breadcrumb":{"@id":"https:\/\/www.lookforward.at\/produkt\/boho-traegertop-ns05\/#breadcrumb"},"inLanguage":"en-US","potentialAction":[{"@type":"ReadAction","target":["https:\/\/www.lookforward.at\/produkt\/boho-traegertop-ns05\/"]}]},{"@type":"ImageObject","inLanguage":"en-US","@id":"https:\/\/www.lookforward.at\/produkt\/boho-traegertop-ns05\/#primaryimage","url":"https:\/\/www.lookforward.at\/wp-content\/uploads\/2026\/03\/IMG_7788-scaled.jpeg","contentUrl":"https:\/\/www.lookforward.at\/wp-content\/uploads\/2026\/03\/IMG_7788-scaled.jpeg","width":1920,"height":2560},{"@type":"BreadcrumbList","@id":"https:\/\/www.lookforward.at\/produkt\/boho-traegertop-ns05\/#breadcrumb","itemListElement":[{"@type":"ListItem","position":1,"name":"Startseite","item":"https:\/\/www.lookforward.at\/"},{"@type":"ListItem","position":2,"name":"Shop","item":"https:\/\/www.lookforward.at\/shop\/"},{"@type":"ListItem","position":3,"name":"Boho Tr\u00e4gertop NS05"}]},{"@type":"WebSite","@id":"https:\/\/www.lookforward.at\/#website","url":"https:\/\/www.lookforward.at\/","name":"lookforward Shop","description":"Der neue Shop f\u00fcr Fashion, Lifestyle, Family, Food and Beauty.","publisher":{"@id":"https:\/\/www.lookforward.at\/#organization"},"potentialAction":[{"@type":"SearchAction","target":{"@type":"EntryPoint","urlTemplate":"https:\/\/www.lookforward.at\/?s={search_term_string}"},"query-input":{"@type":"PropertyValueSpecification","valueRequired":true,"valueName":"search_term_string"}}],"inLanguage":"en-US"},{"@type":"Organization","@id":"https:\/\/www.lookforward.at\/#organization","name":"KB lookforward","url":"https:\/\/www.lookforward.at\/","logo":{"@type":"ImageObject","inLanguage":"en-US","@id":"https:\/\/www.lookforward.at\/#\/schema\/logo\/image\/","url":"https:\/\/www.lookforward.at\/wp-content\/uploads\/2023\/10\/Icon-KB.svg","contentUrl":"https:\/\/www.lookforward.at\/wp-content\/uploads\/2023\/10\/Icon-KB.svg","caption":"KB lookforward"},"image":{"@id":"https:\/\/www.lookforward.at\/#\/schema\/logo\/image\/"}}]}},"_links":{"self":[{"href":"https:\/\/www.lookforward.at\/en\/wp-json\/wp\/v2\/product\/156030","targetHints":{"allow":["GET"]}}],"collection":[{"href":"https:\/\/www.lookforward.at\/en\/wp-json\/wp\/v2\/product"}],"about":[{"href":"https:\/\/www.lookforward.at\/en\/wp-json\/wp\/v2\/types\/product"}],"wp:featuredmedia":[{"embeddable":true,"href":"https:\/\/www.lookforward.at\/en\/wp-json\/wp\/v2\/media\/156014"}],"wp:attachment":[{"href":"https:\/\/www.lookforward.at\/en\/wp-json\/wp\/v2\/media?parent=156030"}],"wp:term":[{"taxonomy":"product_brand","embeddable":true,"href":"https:\/\/www.lookforward.at\/en\/wp-json\/wp\/v2\/product_brand?post=156030"},{"taxonomy":"product_cat","embeddable":true,"href":"https:\/\/www.lookforward.at\/en\/wp-json\/wp\/v2\/product_cat?post=156030"},{"taxonomy":"product_tag","embeddable":true,"href":"https:\/\/www.lookforward.at\/en\/wp-json\/wp\/v2\/product_tag?post=156030"}],"curies":[{"name":"wp","href":"https:\/\/api.w.org\/{rel}","templated":true}]}}