{"id":156041,"date":"2026-03-14T21:47:10","date_gmt":"2026-03-14T20:47:10","guid":{"rendered":"https:\/\/www.lookforward.at\/?post_type=product&#038;p=156041"},"modified":"2026-04-04T21:39:10","modified_gmt":"2026-04-04T19:39:10","slug":"boho-haekel-top-ly02","status":"publish","type":"product","link":"https:\/\/www.lookforward.at\/en\/produkt\/boho-haekel-top-ly02\/","title":{"rendered":"Boho H\u00e4kel Top LY02"},"content":{"rendered":"","protected":false},"excerpt":{"rendered":"<p><b>Boho H\u00e4kel Top LY02<\/b><\/p>\n<p>Leicht, verspielt und voller Boho-Charme.<\/p>\n<p>Das H\u00e4kel Top bringt sommerliche Leichtigkeit in deinen Look und verleiht jedem Outfit eine besondere, feminine Note.<\/p>\n<p><b>Eigenschaften<\/b><\/p>\n<p>\u2022Gr\u00f6\u00dfe: <b>One Size (passt von 36\u201344)<\/b><\/p>\n<p>\u2022Farbe: <b>Wei\u00df<\/b><\/p>\n<p>\u2022Material: <b>Baumwolle<\/b><\/p>\n<p>\u2728 <b>Good to know<\/b><\/p>\n<p>\u2022<b>Aufwendiges H\u00e4kelmuster<\/b> im Boho-Stil<\/p>\n<p>\u2022<b>Locker fallende Passform<\/b><\/p>\n<p>\u2022<b>Tiefer V-Ausschnitt vorne und hinten<\/b><\/p>\n<p>\u2022<b>Luftige Struktur<\/b> \u2013 perfekt f\u00fcr warme Tage<\/p>\n<p>\u2022Ideal <b>\u00fcber Tops, Bikinis oder Bralettes<\/b><\/p>\n<p>\u2022<b>Made in Italy<\/b><\/p>\n<p>\u2022<b>Pflegehinweis:<\/b> Waschbar bei <b>30 \u00b0C<\/b><\/p>\n","protected":false},"featured_media":156199,"template":"","meta":{"inline_featured_image":false},"product_brand":[],"product_cat":[501,69],"product_tag":[],"class_list":{"0":"post-156041","1":"product","2":"type-product","3":"status-publish","4":"has-post-thumbnail","6":"product_cat-boho-kollektion","7":"product_cat-top","9":"first","10":"onbackorder","11":"taxable","12":"shipping-taxable","13":"purchasable","14":"product-type-simple"},"bundled_by":[],"bundle_stock_status":"onbackorder","bundle_stock_quantity":-4,"bundle_virtual":false,"bundle_layout":"","bundle_add_to_cart_form_location":"","bundle_editable_in_cart":false,"bundle_sold_individually_context":"","bundle_item_grouping":"","bundle_min_size":"","bundle_max_size":"","bundle_price":[],"bundled_items":[],"bundle_sell_ids":[],"yoast_head":"<!-- This site is optimized with the Yoast SEO plugin v26.5 - https:\/\/yoast.com\/wordpress\/plugins\/seo\/ -->\n<title>Boho H\u00e4kel Top LY02<\/title>\n<meta name=\"robots\" content=\"index, follow, max-snippet:-1, max-image-preview:large, max-video-preview:-1\" \/>\n<link rel=\"canonical\" href=\"https:\/\/www.lookforward.at\/en\/produkt\/boho-haekel-top-ly02\/\" \/>\n<meta property=\"og:locale\" content=\"en_US\" \/>\n<meta property=\"og:locale:alternate\" content=\"de_DE\" \/>\n<meta property=\"og:type\" content=\"article\" \/>\n<meta property=\"og:title\" content=\"Boho H\u00e4kel Top LY02\" \/>\n<meta property=\"og:description\" content=\"Boho H\u00e4kel Top LY02  Leicht, verspielt und voller Boho-Charme.  Das H\u00e4kel Top bringt sommerliche Leichtigkeit in deinen Look und verleiht jedem Outfit eine besondere, feminine Note.  Eigenschaften  \u2022Gr\u00f6\u00dfe: One Size (passt von 36\u201344)  \u2022Farbe: Wei\u00df  \u2022Material: Baumwolle  \u2728 Good to know  \u2022Aufwendiges H\u00e4kelmuster im Boho-Stil  \u2022Locker fallende Passform  \u2022Tiefer V-Ausschnitt vorne und hinten  \u2022Luftige Struktur \u2013 perfekt f\u00fcr warme Tage  \u2022Ideal \u00fcber Tops, Bikinis oder Bralettes  \u2022Made in Italy  \u2022Pflegehinweis: Waschbar bei 30 \u00b0C\" \/>\n<meta property=\"og:url\" content=\"https:\/\/www.lookforward.at\/en\/produkt\/boho-haekel-top-ly02\/\" \/>\n<meta property=\"og:site_name\" content=\"lookforward Shop\" \/>\n<meta property=\"article:modified_time\" content=\"2026-04-04T19:39:10+00:00\" \/>\n<meta name=\"twitter:card\" content=\"summary_large_image\" \/>\n<meta name=\"twitter:label1\" content=\"Est. reading time\" \/>\n\t<meta name=\"twitter:data1\" content=\"1 minute\" \/>\n<script type=\"application\/ld+json\" class=\"yoast-schema-graph\">{\"@context\":\"https:\/\/schema.org\",\"@graph\":[{\"@type\":\"WebPage\",\"@id\":\"https:\/\/www.lookforward.at\/produkt\/boho-haekel-top-ly02\/\",\"url\":\"https:\/\/www.lookforward.at\/produkt\/boho-haekel-top-ly02\/\",\"name\":\"Boho H\u00e4kel Top LY02\",\"isPartOf\":{\"@id\":\"https:\/\/www.lookforward.at\/#website\"},\"primaryImageOfPage\":{\"@id\":\"https:\/\/www.lookforward.at\/produkt\/boho-haekel-top-ly02\/#primaryimage\"},\"image\":{\"@id\":\"https:\/\/www.lookforward.at\/produkt\/boho-haekel-top-ly02\/#primaryimage\"},\"thumbnailUrl\":\"https:\/\/www.lookforward.at\/wp-content\/uploads\/2026\/03\/IMG_3400-1-scaled.jpg\",\"datePublished\":\"2026-03-14T20:47:10+00:00\",\"dateModified\":\"2026-04-04T19:39:10+00:00\",\"breadcrumb\":{\"@id\":\"https:\/\/www.lookforward.at\/produkt\/boho-haekel-top-ly02\/#breadcrumb\"},\"inLanguage\":\"en-US\",\"potentialAction\":[{\"@type\":\"ReadAction\",\"target\":[\"https:\/\/www.lookforward.at\/produkt\/boho-haekel-top-ly02\/\"]}]},{\"@type\":\"ImageObject\",\"inLanguage\":\"en-US\",\"@id\":\"https:\/\/www.lookforward.at\/produkt\/boho-haekel-top-ly02\/#primaryimage\",\"url\":\"https:\/\/www.lookforward.at\/wp-content\/uploads\/2026\/03\/IMG_3400-1-scaled.jpg\",\"contentUrl\":\"https:\/\/www.lookforward.at\/wp-content\/uploads\/2026\/03\/IMG_3400-1-scaled.jpg\",\"width\":1920,\"height\":2560},{\"@type\":\"BreadcrumbList\",\"@id\":\"https:\/\/www.lookforward.at\/produkt\/boho-haekel-top-ly02\/#breadcrumb\",\"itemListElement\":[{\"@type\":\"ListItem\",\"position\":1,\"name\":\"Startseite\",\"item\":\"https:\/\/www.lookforward.at\/\"},{\"@type\":\"ListItem\",\"position\":2,\"name\":\"Shop\",\"item\":\"https:\/\/www.lookforward.at\/shop\/\"},{\"@type\":\"ListItem\",\"position\":3,\"name\":\"Boho H\u00e4kel Top LY02\"}]},{\"@type\":\"WebSite\",\"@id\":\"https:\/\/www.lookforward.at\/#website\",\"url\":\"https:\/\/www.lookforward.at\/\",\"name\":\"lookforward Shop\",\"description\":\"Der neue Shop f\u00fcr Fashion, Lifestyle, Family, Food and Beauty.\",\"publisher\":{\"@id\":\"https:\/\/www.lookforward.at\/#organization\"},\"potentialAction\":[{\"@type\":\"SearchAction\",\"target\":{\"@type\":\"EntryPoint\",\"urlTemplate\":\"https:\/\/www.lookforward.at\/?s={search_term_string}\"},\"query-input\":{\"@type\":\"PropertyValueSpecification\",\"valueRequired\":true,\"valueName\":\"search_term_string\"}}],\"inLanguage\":\"en-US\"},{\"@type\":\"Organization\",\"@id\":\"https:\/\/www.lookforward.at\/#organization\",\"name\":\"KB lookforward\",\"url\":\"https:\/\/www.lookforward.at\/\",\"logo\":{\"@type\":\"ImageObject\",\"inLanguage\":\"en-US\",\"@id\":\"https:\/\/www.lookforward.at\/#\/schema\/logo\/image\/\",\"url\":\"https:\/\/www.lookforward.at\/wp-content\/uploads\/2023\/10\/Icon-KB.svg\",\"contentUrl\":\"https:\/\/www.lookforward.at\/wp-content\/uploads\/2023\/10\/Icon-KB.svg\",\"caption\":\"KB lookforward\"},\"image\":{\"@id\":\"https:\/\/www.lookforward.at\/#\/schema\/logo\/image\/\"}}]}<\/script>\n<!-- \/ Yoast SEO plugin. -->","yoast_head_json":{"title":"Boho H\u00e4kel Top LY02","robots":{"index":"index","follow":"follow","max-snippet":"max-snippet:-1","max-image-preview":"max-image-preview:large","max-video-preview":"max-video-preview:-1"},"canonical":"https:\/\/www.lookforward.at\/en\/produkt\/boho-haekel-top-ly02\/","og_locale":"en_US","og_type":"article","og_title":"[:de]Boho H\u00e4kel Top LY02[:] - lookforward Shop","og_description":"Boho H\u00e4kel Top LY02  Leicht, verspielt und voller Boho-Charme.  Das H\u00e4kel Top bringt sommerliche Leichtigkeit in deinen Look und verleiht jedem Outfit eine besondere, feminine Note.  Eigenschaften  \u2022Gr\u00f6\u00dfe: One Size (passt von 36\u201344)  \u2022Farbe: Wei\u00df  \u2022Material: Baumwolle  \u2728 Good to know  \u2022Aufwendiges H\u00e4kelmuster im Boho-Stil  \u2022Locker fallende Passform  \u2022Tiefer V-Ausschnitt vorne und hinten  \u2022Luftige Struktur \u2013 perfekt f\u00fcr warme Tage  \u2022Ideal \u00fcber Tops, Bikinis oder Bralettes  \u2022Made in Italy  \u2022Pflegehinweis: Waschbar bei 30 \u00b0C","og_url":"https:\/\/www.lookforward.at\/en\/produkt\/boho-haekel-top-ly02\/","og_site_name":"lookforward Shop","article_modified_time":"2026-04-04T19:39:10+00:00","twitter_card":"summary_large_image","twitter_misc":{"Est. reading time":"1 minute"},"schema":{"@context":"https:\/\/schema.org","@graph":[{"@type":"WebPage","@id":"https:\/\/www.lookforward.at\/produkt\/boho-haekel-top-ly02\/","url":"https:\/\/www.lookforward.at\/produkt\/boho-haekel-top-ly02\/","name":"Boho H\u00e4kel Top LY02","isPartOf":{"@id":"https:\/\/www.lookforward.at\/#website"},"primaryImageOfPage":{"@id":"https:\/\/www.lookforward.at\/produkt\/boho-haekel-top-ly02\/#primaryimage"},"image":{"@id":"https:\/\/www.lookforward.at\/produkt\/boho-haekel-top-ly02\/#primaryimage"},"thumbnailUrl":"https:\/\/www.lookforward.at\/wp-content\/uploads\/2026\/03\/IMG_3400-1-scaled.jpg","datePublished":"2026-03-14T20:47:10+00:00","dateModified":"2026-04-04T19:39:10+00:00","breadcrumb":{"@id":"https:\/\/www.lookforward.at\/produkt\/boho-haekel-top-ly02\/#breadcrumb"},"inLanguage":"en-US","potentialAction":[{"@type":"ReadAction","target":["https:\/\/www.lookforward.at\/produkt\/boho-haekel-top-ly02\/"]}]},{"@type":"ImageObject","inLanguage":"en-US","@id":"https:\/\/www.lookforward.at\/produkt\/boho-haekel-top-ly02\/#primaryimage","url":"https:\/\/www.lookforward.at\/wp-content\/uploads\/2026\/03\/IMG_3400-1-scaled.jpg","contentUrl":"https:\/\/www.lookforward.at\/wp-content\/uploads\/2026\/03\/IMG_3400-1-scaled.jpg","width":1920,"height":2560},{"@type":"BreadcrumbList","@id":"https:\/\/www.lookforward.at\/produkt\/boho-haekel-top-ly02\/#breadcrumb","itemListElement":[{"@type":"ListItem","position":1,"name":"Startseite","item":"https:\/\/www.lookforward.at\/"},{"@type":"ListItem","position":2,"name":"Shop","item":"https:\/\/www.lookforward.at\/shop\/"},{"@type":"ListItem","position":3,"name":"Boho H\u00e4kel Top LY02"}]},{"@type":"WebSite","@id":"https:\/\/www.lookforward.at\/#website","url":"https:\/\/www.lookforward.at\/","name":"lookforward Shop","description":"Der neue Shop f\u00fcr Fashion, Lifestyle, Family, Food and Beauty.","publisher":{"@id":"https:\/\/www.lookforward.at\/#organization"},"potentialAction":[{"@type":"SearchAction","target":{"@type":"EntryPoint","urlTemplate":"https:\/\/www.lookforward.at\/?s={search_term_string}"},"query-input":{"@type":"PropertyValueSpecification","valueRequired":true,"valueName":"search_term_string"}}],"inLanguage":"en-US"},{"@type":"Organization","@id":"https:\/\/www.lookforward.at\/#organization","name":"KB lookforward","url":"https:\/\/www.lookforward.at\/","logo":{"@type":"ImageObject","inLanguage":"en-US","@id":"https:\/\/www.lookforward.at\/#\/schema\/logo\/image\/","url":"https:\/\/www.lookforward.at\/wp-content\/uploads\/2023\/10\/Icon-KB.svg","contentUrl":"https:\/\/www.lookforward.at\/wp-content\/uploads\/2023\/10\/Icon-KB.svg","caption":"KB lookforward"},"image":{"@id":"https:\/\/www.lookforward.at\/#\/schema\/logo\/image\/"}}]}},"_links":{"self":[{"href":"https:\/\/www.lookforward.at\/en\/wp-json\/wp\/v2\/product\/156041","targetHints":{"allow":["GET"]}}],"collection":[{"href":"https:\/\/www.lookforward.at\/en\/wp-json\/wp\/v2\/product"}],"about":[{"href":"https:\/\/www.lookforward.at\/en\/wp-json\/wp\/v2\/types\/product"}],"wp:featuredmedia":[{"embeddable":true,"href":"https:\/\/www.lookforward.at\/en\/wp-json\/wp\/v2\/media\/156199"}],"wp:attachment":[{"href":"https:\/\/www.lookforward.at\/en\/wp-json\/wp\/v2\/media?parent=156041"}],"wp:term":[{"taxonomy":"product_brand","embeddable":true,"href":"https:\/\/www.lookforward.at\/en\/wp-json\/wp\/v2\/product_brand?post=156041"},{"taxonomy":"product_cat","embeddable":true,"href":"https:\/\/www.lookforward.at\/en\/wp-json\/wp\/v2\/product_cat?post=156041"},{"taxonomy":"product_tag","embeddable":true,"href":"https:\/\/www.lookforward.at\/en\/wp-json\/wp\/v2\/product_tag?post=156041"}],"curies":[{"name":"wp","href":"https:\/\/api.w.org\/{rel}","templated":true}]}}