{"id":156208,"date":"2026-03-14T22:16:11","date_gmt":"2026-03-14T21:16:11","guid":{"rendered":"https:\/\/www.lookforward.at\/?post_type=product&#038;p=156208"},"modified":"2026-04-23T08:12:52","modified_gmt":"2026-04-23T06:12:52","slug":"156208","status":"publish","type":"product","link":"https:\/\/www.lookforward.at\/en\/produkt\/156208\/","title":{"rendered":"Boho Jacke NS 07"},"content":{"rendered":"","protected":false},"excerpt":{"rendered":"<p><b>Boho Jacke NS 07<\/b><\/p>\n<p>Leicht, modern und vielseitig kombinierbar.<\/p>\n<p>Die Boho Jacke verbindet l\u00e4ssige Leichtigkeit mit auff\u00e4lligen Details und ist das perfekte Layer-Piece f\u00fcr entspannte Looks.<\/p>\n<p><b>Eigenschaften<\/b><\/p>\n<p>\u2022Gr\u00f6\u00dfe: <b>One Size (passt von 36\u201344)<\/b><\/p>\n<p>\u2022Farbe: <b>Schwarz<\/b><\/p>\n<p>\u2022Material: <b>85 % Viskose, 15 % Polyamid<\/b><\/p>\n<p>\u2728 <b>Good to know<\/b><\/p>\n<p>\u2022<b>Leichter, luftiger Stoff<\/b><\/p>\n<p>\u2022<b>Gro\u00dfe Kn\u00f6pfe<\/b> als modisches Detail<\/p>\n<p>\u2022<b>Brusttaschen<\/b> mit Knopf<\/p>\n<p>\u2022<b>\u00c4rmel zum Hochkrempeln<\/b> mit Knopfverschluss<\/p>\n<p>\u2022<b>Elastischer Bund mit Bindeband<\/b> f\u00fcr eine sch\u00f6ne Passform<\/p>\n<p>\u2022<b>Locker fallender Schnitt<\/b><\/p>\n<p>\u2022<b>Made in Italy<\/b><\/p>\n<p>\u2022<b>Pflegehinweis:<\/b> Waschbar bei <b>30 \u00b0C<\/b><\/p>\n","protected":false},"featured_media":156844,"template":"","meta":{"inline_featured_image":false},"product_brand":[],"product_cat":[435,505,499],"product_tag":[],"class_list":{"0":"post-156208","1":"product","2":"type-product","3":"status-publish","4":"has-post-thumbnail","6":"product_cat-blazer","7":"product_cat-limitierte-easter-kollektion","8":"product_cat-fruehling-2026","10":"first","11":"onbackorder","12":"taxable","13":"shipping-taxable","14":"purchasable","15":"product-type-variable"},"bundled_by":[],"bundle_stock_status":"onbackorder","bundle_stock_quantity":-1,"bundle_virtual":false,"bundle_layout":"","bundle_add_to_cart_form_location":"","bundle_editable_in_cart":false,"bundle_sold_individually_context":"","bundle_item_grouping":"","bundle_min_size":"","bundle_max_size":"","bundle_price":[],"bundled_items":[],"bundle_sell_ids":[],"yoast_head":"<!-- This site is optimized with the Yoast SEO plugin v26.5 - https:\/\/yoast.com\/wordpress\/plugins\/seo\/ -->\n<title>Boho Jacke NS 07<\/title>\n<meta name=\"robots\" content=\"index, follow, max-snippet:-1, max-image-preview:large, max-video-preview:-1\" \/>\n<link rel=\"canonical\" href=\"https:\/\/www.lookforward.at\/en\/produkt\/156208\/\" \/>\n<meta property=\"og:locale\" content=\"en_US\" \/>\n<meta property=\"og:locale:alternate\" content=\"de_DE\" \/>\n<meta property=\"og:type\" content=\"article\" \/>\n<meta property=\"og:title\" content=\"Boho Jacke NS 07\" \/>\n<meta property=\"og:description\" content=\"Boho Jacke NS 07  Leicht, modern und vielseitig kombinierbar.  Die Boho Jacke verbindet l\u00e4ssige Leichtigkeit mit auff\u00e4lligen Details und ist das perfekte Layer-Piece f\u00fcr entspannte Looks.  Eigenschaften  \u2022Gr\u00f6\u00dfe: One Size (passt von 36\u201344)  \u2022Farbe: Schwarz  \u2022Material: 85 % Viskose, 15 % Polyamid  \u2728 Good to know  \u2022Leichter, luftiger Stoff  \u2022Gro\u00dfe Kn\u00f6pfe als modisches Detail  \u2022Brusttaschen mit Knopf  \u2022\u00c4rmel zum Hochkrempeln mit Knopfverschluss  \u2022Elastischer Bund mit Bindeband f\u00fcr eine sch\u00f6ne Passform  \u2022Locker fallender Schnitt  \u2022Made in Italy  \u2022Pflegehinweis: Waschbar bei 30 \u00b0C\" \/>\n<meta property=\"og:url\" content=\"https:\/\/www.lookforward.at\/en\/produkt\/156208\/\" \/>\n<meta property=\"og:site_name\" content=\"lookforward Shop\" \/>\n<meta property=\"article:modified_time\" content=\"2026-04-23T06:12:52+00:00\" \/>\n<meta property=\"og:image\" content=\"https:\/\/www.lookforward.at\/wp-content\/uploads\/2026\/03\/IMG_3249-1-scaled.jpg\" \/>\n\t<meta property=\"og:image:width\" content=\"1920\" \/>\n\t<meta property=\"og:image:height\" content=\"2560\" \/>\n\t<meta property=\"og:image:type\" content=\"image\/jpeg\" \/>\n<meta name=\"twitter:card\" content=\"summary_large_image\" \/>\n<meta name=\"twitter:label1\" content=\"Est. reading time\" \/>\n\t<meta name=\"twitter:data1\" content=\"1 minute\" \/>\n<script type=\"application\/ld+json\" class=\"yoast-schema-graph\">{\"@context\":\"https:\/\/schema.org\",\"@graph\":[{\"@type\":\"WebPage\",\"@id\":\"https:\/\/www.lookforward.at\/produkt\/156208\/\",\"url\":\"https:\/\/www.lookforward.at\/produkt\/156208\/\",\"name\":\"Boho Jacke NS 07\",\"isPartOf\":{\"@id\":\"https:\/\/www.lookforward.at\/#website\"},\"primaryImageOfPage\":{\"@id\":\"https:\/\/www.lookforward.at\/produkt\/156208\/#primaryimage\"},\"image\":{\"@id\":\"https:\/\/www.lookforward.at\/produkt\/156208\/#primaryimage\"},\"thumbnailUrl\":\"https:\/\/www.lookforward.at\/wp-content\/uploads\/2026\/04\/IMG_5745-1-scaled.jpg\",\"datePublished\":\"2026-03-14T21:16:11+00:00\",\"dateModified\":\"2026-04-23T06:12:52+00:00\",\"breadcrumb\":{\"@id\":\"https:\/\/www.lookforward.at\/produkt\/156208\/#breadcrumb\"},\"inLanguage\":\"en-US\",\"potentialAction\":[{\"@type\":\"ReadAction\",\"target\":[\"https:\/\/www.lookforward.at\/produkt\/156208\/\"]}]},{\"@type\":\"ImageObject\",\"inLanguage\":\"en-US\",\"@id\":\"https:\/\/www.lookforward.at\/produkt\/156208\/#primaryimage\",\"url\":\"https:\/\/www.lookforward.at\/wp-content\/uploads\/2026\/04\/IMG_5745-1-scaled.jpg\",\"contentUrl\":\"https:\/\/www.lookforward.at\/wp-content\/uploads\/2026\/04\/IMG_5745-1-scaled.jpg\",\"width\":1920,\"height\":2560},{\"@type\":\"BreadcrumbList\",\"@id\":\"https:\/\/www.lookforward.at\/produkt\/156208\/#breadcrumb\",\"itemListElement\":[{\"@type\":\"ListItem\",\"position\":1,\"name\":\"Startseite\",\"item\":\"https:\/\/www.lookforward.at\/\"},{\"@type\":\"ListItem\",\"position\":2,\"name\":\"Shop\",\"item\":\"https:\/\/www.lookforward.at\/shop\/\"},{\"@type\":\"ListItem\",\"position\":3,\"name\":\"Boho Jacke NS 07\"}]},{\"@type\":\"WebSite\",\"@id\":\"https:\/\/www.lookforward.at\/#website\",\"url\":\"https:\/\/www.lookforward.at\/\",\"name\":\"lookforward Shop\",\"description\":\"Der neue Shop f\u00fcr Fashion, Lifestyle, Family, Food and Beauty.\",\"publisher\":{\"@id\":\"https:\/\/www.lookforward.at\/#organization\"},\"potentialAction\":[{\"@type\":\"SearchAction\",\"target\":{\"@type\":\"EntryPoint\",\"urlTemplate\":\"https:\/\/www.lookforward.at\/?s={search_term_string}\"},\"query-input\":{\"@type\":\"PropertyValueSpecification\",\"valueRequired\":true,\"valueName\":\"search_term_string\"}}],\"inLanguage\":\"en-US\"},{\"@type\":\"Organization\",\"@id\":\"https:\/\/www.lookforward.at\/#organization\",\"name\":\"KB lookforward\",\"url\":\"https:\/\/www.lookforward.at\/\",\"logo\":{\"@type\":\"ImageObject\",\"inLanguage\":\"en-US\",\"@id\":\"https:\/\/www.lookforward.at\/#\/schema\/logo\/image\/\",\"url\":\"https:\/\/www.lookforward.at\/wp-content\/uploads\/2023\/10\/Icon-KB.svg\",\"contentUrl\":\"https:\/\/www.lookforward.at\/wp-content\/uploads\/2023\/10\/Icon-KB.svg\",\"caption\":\"KB lookforward\"},\"image\":{\"@id\":\"https:\/\/www.lookforward.at\/#\/schema\/logo\/image\/\"}}]}<\/script>\n<!-- \/ Yoast SEO plugin. -->","yoast_head_json":{"title":"Boho Jacke NS 07","robots":{"index":"index","follow":"follow","max-snippet":"max-snippet:-1","max-image-preview":"max-image-preview:large","max-video-preview":"max-video-preview:-1"},"canonical":"https:\/\/www.lookforward.at\/en\/produkt\/156208\/","og_locale":"en_US","og_type":"article","og_title":"[:de]Boho Jacke NS 07[:] - lookforward Shop","og_description":"Boho Jacke NS 07  Leicht, modern und vielseitig kombinierbar.  Die Boho Jacke verbindet l\u00e4ssige Leichtigkeit mit auff\u00e4lligen Details und ist das perfekte Layer-Piece f\u00fcr entspannte Looks.  Eigenschaften  \u2022Gr\u00f6\u00dfe: One Size (passt von 36\u201344)  \u2022Farbe: Schwarz  \u2022Material: 85 % Viskose, 15 % Polyamid  \u2728 Good to know  \u2022Leichter, luftiger Stoff  \u2022Gro\u00dfe Kn\u00f6pfe als modisches Detail  \u2022Brusttaschen mit Knopf  \u2022\u00c4rmel zum Hochkrempeln mit Knopfverschluss  \u2022Elastischer Bund mit Bindeband f\u00fcr eine sch\u00f6ne Passform  \u2022Locker fallender Schnitt  \u2022Made in Italy  \u2022Pflegehinweis: Waschbar bei 30 \u00b0C","og_url":"https:\/\/www.lookforward.at\/en\/produkt\/156208\/","og_site_name":"lookforward Shop","article_modified_time":"2026-04-23T06:12:52+00:00","og_image":[{"width":1920,"height":2560,"url":"https:\/\/www.lookforward.at\/wp-content\/uploads\/2026\/03\/IMG_3249-1-scaled.jpg","type":"image\/jpeg"}],"twitter_card":"summary_large_image","twitter_misc":{"Est. reading time":"1 minute"},"schema":{"@context":"https:\/\/schema.org","@graph":[{"@type":"WebPage","@id":"https:\/\/www.lookforward.at\/produkt\/156208\/","url":"https:\/\/www.lookforward.at\/produkt\/156208\/","name":"Boho Jacke NS 07","isPartOf":{"@id":"https:\/\/www.lookforward.at\/#website"},"primaryImageOfPage":{"@id":"https:\/\/www.lookforward.at\/produkt\/156208\/#primaryimage"},"image":{"@id":"https:\/\/www.lookforward.at\/produkt\/156208\/#primaryimage"},"thumbnailUrl":"https:\/\/www.lookforward.at\/wp-content\/uploads\/2026\/04\/IMG_5745-1-scaled.jpg","datePublished":"2026-03-14T21:16:11+00:00","dateModified":"2026-04-23T06:12:52+00:00","breadcrumb":{"@id":"https:\/\/www.lookforward.at\/produkt\/156208\/#breadcrumb"},"inLanguage":"en-US","potentialAction":[{"@type":"ReadAction","target":["https:\/\/www.lookforward.at\/produkt\/156208\/"]}]},{"@type":"ImageObject","inLanguage":"en-US","@id":"https:\/\/www.lookforward.at\/produkt\/156208\/#primaryimage","url":"https:\/\/www.lookforward.at\/wp-content\/uploads\/2026\/04\/IMG_5745-1-scaled.jpg","contentUrl":"https:\/\/www.lookforward.at\/wp-content\/uploads\/2026\/04\/IMG_5745-1-scaled.jpg","width":1920,"height":2560},{"@type":"BreadcrumbList","@id":"https:\/\/www.lookforward.at\/produkt\/156208\/#breadcrumb","itemListElement":[{"@type":"ListItem","position":1,"name":"Startseite","item":"https:\/\/www.lookforward.at\/"},{"@type":"ListItem","position":2,"name":"Shop","item":"https:\/\/www.lookforward.at\/shop\/"},{"@type":"ListItem","position":3,"name":"Boho Jacke NS 07"}]},{"@type":"WebSite","@id":"https:\/\/www.lookforward.at\/#website","url":"https:\/\/www.lookforward.at\/","name":"lookforward Shop","description":"Der neue Shop f\u00fcr Fashion, Lifestyle, Family, Food and Beauty.","publisher":{"@id":"https:\/\/www.lookforward.at\/#organization"},"potentialAction":[{"@type":"SearchAction","target":{"@type":"EntryPoint","urlTemplate":"https:\/\/www.lookforward.at\/?s={search_term_string}"},"query-input":{"@type":"PropertyValueSpecification","valueRequired":true,"valueName":"search_term_string"}}],"inLanguage":"en-US"},{"@type":"Organization","@id":"https:\/\/www.lookforward.at\/#organization","name":"KB lookforward","url":"https:\/\/www.lookforward.at\/","logo":{"@type":"ImageObject","inLanguage":"en-US","@id":"https:\/\/www.lookforward.at\/#\/schema\/logo\/image\/","url":"https:\/\/www.lookforward.at\/wp-content\/uploads\/2023\/10\/Icon-KB.svg","contentUrl":"https:\/\/www.lookforward.at\/wp-content\/uploads\/2023\/10\/Icon-KB.svg","caption":"KB lookforward"},"image":{"@id":"https:\/\/www.lookforward.at\/#\/schema\/logo\/image\/"}}]}},"_links":{"self":[{"href":"https:\/\/www.lookforward.at\/en\/wp-json\/wp\/v2\/product\/156208","targetHints":{"allow":["GET"]}}],"collection":[{"href":"https:\/\/www.lookforward.at\/en\/wp-json\/wp\/v2\/product"}],"about":[{"href":"https:\/\/www.lookforward.at\/en\/wp-json\/wp\/v2\/types\/product"}],"wp:featuredmedia":[{"embeddable":true,"href":"https:\/\/www.lookforward.at\/en\/wp-json\/wp\/v2\/media\/156844"}],"wp:attachment":[{"href":"https:\/\/www.lookforward.at\/en\/wp-json\/wp\/v2\/media?parent=156208"}],"wp:term":[{"taxonomy":"product_brand","embeddable":true,"href":"https:\/\/www.lookforward.at\/en\/wp-json\/wp\/v2\/product_brand?post=156208"},{"taxonomy":"product_cat","embeddable":true,"href":"https:\/\/www.lookforward.at\/en\/wp-json\/wp\/v2\/product_cat?post=156208"},{"taxonomy":"product_tag","embeddable":true,"href":"https:\/\/www.lookforward.at\/en\/wp-json\/wp\/v2\/product_tag?post=156208"}],"curies":[{"name":"wp","href":"https:\/\/api.w.org\/{rel}","templated":true}]}}