{"id":156226,"date":"2026-03-14T22:33:55","date_gmt":"2026-03-14T21:33:55","guid":{"rendered":"https:\/\/www.lookforward.at\/?post_type=product&#038;p=156226"},"modified":"2026-03-14T22:33:55","modified_gmt":"2026-03-14T21:33:55","slug":"boho-haekel-bauchtasche-sp09","status":"publish","type":"product","link":"https:\/\/www.lookforward.at\/en\/produkt\/boho-haekel-bauchtasche-sp09\/","title":{"rendered":"Boho H\u00e4kel Bauchtasche SP09"},"content":{"rendered":"","protected":false},"excerpt":{"rendered":"<p><b>Boho H\u00e4kel Bauchtasche SP09<\/b><\/p>\n<p>Nat\u00fcrlich, besonders und ein echtes Statement.<\/p>\n<p>Die Boho H\u00e4kel Bauchtasche verbindet handgemachte Optik mit praktischer Funktion und rundet deinen Look perfekt ab.<\/p>\n<p><b>Eigenschaften<\/b><\/p>\n<p>\u2022Farbe: <b>Braun<\/b><\/p>\n<p>\u2022Material: <b>60 % Baumwolle, 40 % Polyester<\/b><\/p>\n<p>\u2022Ma\u00dfe: <b>27 x 17 x 8 cm<\/b><\/p>\n<p>\u2728 <b>Good to know<\/b><\/p>\n<p>\u2022<b>Aufwendiges H\u00e4kel-Design<\/b> im Boho-Stil<\/p>\n<p>\u2022<b>Verstellbarer Gurt<\/b> f\u00fcr individuellen Sitz<\/p>\n<p>\u2022Tragbar als <b>Bauchtasche oder Crossbody Bag<\/b><\/p>\n<p>\u2022<b>Rei\u00dfverschlussfach<\/b> f\u00fcr sicheren Stauraum<\/p>\n<p>\u2022Perfekt f\u00fcr <b>Alltag, Urlaub oder Festivals<\/b><\/p>\n<p>\u2022<b>Made in Italy<\/b><\/p>\n","protected":false},"featured_media":156163,"template":"","meta":{"inline_featured_image":false},"product_brand":[],"product_cat":[501,37],"product_tag":[],"class_list":{"0":"post-156226","1":"product","2":"type-product","3":"status-publish","4":"has-post-thumbnail","6":"product_cat-boho-kollektion","7":"product_cat-taschen","9":"first","10":"onbackorder","11":"taxable","12":"shipping-taxable","13":"purchasable","14":"product-type-simple"},"bundled_by":[],"bundle_stock_status":"onbackorder","bundle_stock_quantity":0,"bundle_virtual":false,"bundle_layout":"","bundle_add_to_cart_form_location":"","bundle_editable_in_cart":false,"bundle_sold_individually_context":"","bundle_item_grouping":"","bundle_min_size":"","bundle_max_size":"","bundle_price":[],"bundled_items":[],"bundle_sell_ids":[],"yoast_head":"<!-- This site is optimized with the Yoast SEO plugin v26.5 - https:\/\/yoast.com\/wordpress\/plugins\/seo\/ -->\n<title>Boho H\u00e4kel Bauchtasche SP09<\/title>\n<meta name=\"robots\" content=\"index, follow, max-snippet:-1, max-image-preview:large, max-video-preview:-1\" \/>\n<link rel=\"canonical\" href=\"https:\/\/www.lookforward.at\/en\/produkt\/boho-haekel-bauchtasche-sp09\/\" \/>\n<meta property=\"og:locale\" content=\"en_US\" \/>\n<meta property=\"og:locale:alternate\" content=\"de_DE\" \/>\n<meta property=\"og:type\" content=\"article\" \/>\n<meta property=\"og:title\" content=\"Boho H\u00e4kel Bauchtasche SP09\" \/>\n<meta property=\"og:description\" content=\"Boho H\u00e4kel Bauchtasche SP09  Nat\u00fcrlich, besonders und ein echtes Statement.  Die Boho H\u00e4kel Bauchtasche verbindet handgemachte Optik mit praktischer Funktion und rundet deinen Look perfekt ab.  Eigenschaften  \u2022Farbe: Braun  \u2022Material: 60 % Baumwolle, 40 % Polyester  \u2022Ma\u00dfe: 27 x 17 x 8 cm  \u2728 Good to know  \u2022Aufwendiges H\u00e4kel-Design im Boho-Stil  \u2022Verstellbarer Gurt f\u00fcr individuellen Sitz  \u2022Tragbar als Bauchtasche oder Crossbody Bag  \u2022Rei\u00dfverschlussfach f\u00fcr sicheren Stauraum  \u2022Perfekt f\u00fcr Alltag, Urlaub oder Festivals  \u2022Made in Italy\" \/>\n<meta property=\"og:url\" content=\"https:\/\/www.lookforward.at\/en\/produkt\/boho-haekel-bauchtasche-sp09\/\" \/>\n<meta property=\"og:site_name\" content=\"lookforward Shop\" \/>\n<meta name=\"twitter:card\" content=\"summary_large_image\" \/>\n<meta name=\"twitter:label1\" content=\"Est. reading time\" \/>\n\t<meta name=\"twitter:data1\" content=\"1 minute\" \/>\n<script type=\"application\/ld+json\" class=\"yoast-schema-graph\">{\"@context\":\"https:\/\/schema.org\",\"@graph\":[{\"@type\":\"WebPage\",\"@id\":\"https:\/\/www.lookforward.at\/produkt\/boho-haekel-bauchtasche-sp09\/\",\"url\":\"https:\/\/www.lookforward.at\/produkt\/boho-haekel-bauchtasche-sp09\/\",\"name\":\"Boho H\u00e4kel Bauchtasche SP09\",\"isPartOf\":{\"@id\":\"https:\/\/www.lookforward.at\/#website\"},\"primaryImageOfPage\":{\"@id\":\"https:\/\/www.lookforward.at\/produkt\/boho-haekel-bauchtasche-sp09\/#primaryimage\"},\"image\":{\"@id\":\"https:\/\/www.lookforward.at\/produkt\/boho-haekel-bauchtasche-sp09\/#primaryimage\"},\"thumbnailUrl\":\"https:\/\/www.lookforward.at\/wp-content\/uploads\/2026\/03\/IMG_3156-scaled.jpg\",\"datePublished\":\"2026-03-14T21:33:55+00:00\",\"breadcrumb\":{\"@id\":\"https:\/\/www.lookforward.at\/produkt\/boho-haekel-bauchtasche-sp09\/#breadcrumb\"},\"inLanguage\":\"en-US\",\"potentialAction\":[{\"@type\":\"ReadAction\",\"target\":[\"https:\/\/www.lookforward.at\/produkt\/boho-haekel-bauchtasche-sp09\/\"]}]},{\"@type\":\"ImageObject\",\"inLanguage\":\"en-US\",\"@id\":\"https:\/\/www.lookforward.at\/produkt\/boho-haekel-bauchtasche-sp09\/#primaryimage\",\"url\":\"https:\/\/www.lookforward.at\/wp-content\/uploads\/2026\/03\/IMG_3156-scaled.jpg\",\"contentUrl\":\"https:\/\/www.lookforward.at\/wp-content\/uploads\/2026\/03\/IMG_3156-scaled.jpg\",\"width\":1920,\"height\":2560},{\"@type\":\"BreadcrumbList\",\"@id\":\"https:\/\/www.lookforward.at\/produkt\/boho-haekel-bauchtasche-sp09\/#breadcrumb\",\"itemListElement\":[{\"@type\":\"ListItem\",\"position\":1,\"name\":\"Startseite\",\"item\":\"https:\/\/www.lookforward.at\/\"},{\"@type\":\"ListItem\",\"position\":2,\"name\":\"Shop\",\"item\":\"https:\/\/www.lookforward.at\/shop\/\"},{\"@type\":\"ListItem\",\"position\":3,\"name\":\"Boho H\u00e4kel Bauchtasche SP09\"}]},{\"@type\":\"WebSite\",\"@id\":\"https:\/\/www.lookforward.at\/#website\",\"url\":\"https:\/\/www.lookforward.at\/\",\"name\":\"lookforward Shop\",\"description\":\"Der neue Shop f\u00fcr Fashion, Lifestyle, Family, Food and Beauty.\",\"publisher\":{\"@id\":\"https:\/\/www.lookforward.at\/#organization\"},\"potentialAction\":[{\"@type\":\"SearchAction\",\"target\":{\"@type\":\"EntryPoint\",\"urlTemplate\":\"https:\/\/www.lookforward.at\/?s={search_term_string}\"},\"query-input\":{\"@type\":\"PropertyValueSpecification\",\"valueRequired\":true,\"valueName\":\"search_term_string\"}}],\"inLanguage\":\"en-US\"},{\"@type\":\"Organization\",\"@id\":\"https:\/\/www.lookforward.at\/#organization\",\"name\":\"KB lookforward\",\"url\":\"https:\/\/www.lookforward.at\/\",\"logo\":{\"@type\":\"ImageObject\",\"inLanguage\":\"en-US\",\"@id\":\"https:\/\/www.lookforward.at\/#\/schema\/logo\/image\/\",\"url\":\"https:\/\/www.lookforward.at\/wp-content\/uploads\/2023\/10\/Icon-KB.svg\",\"contentUrl\":\"https:\/\/www.lookforward.at\/wp-content\/uploads\/2023\/10\/Icon-KB.svg\",\"caption\":\"KB lookforward\"},\"image\":{\"@id\":\"https:\/\/www.lookforward.at\/#\/schema\/logo\/image\/\"}}]}<\/script>\n<!-- \/ Yoast SEO plugin. -->","yoast_head_json":{"title":"Boho H\u00e4kel Bauchtasche SP09","robots":{"index":"index","follow":"follow","max-snippet":"max-snippet:-1","max-image-preview":"max-image-preview:large","max-video-preview":"max-video-preview:-1"},"canonical":"https:\/\/www.lookforward.at\/en\/produkt\/boho-haekel-bauchtasche-sp09\/","og_locale":"en_US","og_type":"article","og_title":"[:de]Boho H\u00e4kel Bauchtasche SP09[:] - lookforward Shop","og_description":"Boho H\u00e4kel Bauchtasche SP09  Nat\u00fcrlich, besonders und ein echtes Statement.  Die Boho H\u00e4kel Bauchtasche verbindet handgemachte Optik mit praktischer Funktion und rundet deinen Look perfekt ab.  Eigenschaften  \u2022Farbe: Braun  \u2022Material: 60 % Baumwolle, 40 % Polyester  \u2022Ma\u00dfe: 27 x 17 x 8 cm  \u2728 Good to know  \u2022Aufwendiges H\u00e4kel-Design im Boho-Stil  \u2022Verstellbarer Gurt f\u00fcr individuellen Sitz  \u2022Tragbar als Bauchtasche oder Crossbody Bag  \u2022Rei\u00dfverschlussfach f\u00fcr sicheren Stauraum  \u2022Perfekt f\u00fcr Alltag, Urlaub oder Festivals  \u2022Made in Italy","og_url":"https:\/\/www.lookforward.at\/en\/produkt\/boho-haekel-bauchtasche-sp09\/","og_site_name":"lookforward Shop","twitter_card":"summary_large_image","twitter_misc":{"Est. reading time":"1 minute"},"schema":{"@context":"https:\/\/schema.org","@graph":[{"@type":"WebPage","@id":"https:\/\/www.lookforward.at\/produkt\/boho-haekel-bauchtasche-sp09\/","url":"https:\/\/www.lookforward.at\/produkt\/boho-haekel-bauchtasche-sp09\/","name":"Boho H\u00e4kel Bauchtasche SP09","isPartOf":{"@id":"https:\/\/www.lookforward.at\/#website"},"primaryImageOfPage":{"@id":"https:\/\/www.lookforward.at\/produkt\/boho-haekel-bauchtasche-sp09\/#primaryimage"},"image":{"@id":"https:\/\/www.lookforward.at\/produkt\/boho-haekel-bauchtasche-sp09\/#primaryimage"},"thumbnailUrl":"https:\/\/www.lookforward.at\/wp-content\/uploads\/2026\/03\/IMG_3156-scaled.jpg","datePublished":"2026-03-14T21:33:55+00:00","breadcrumb":{"@id":"https:\/\/www.lookforward.at\/produkt\/boho-haekel-bauchtasche-sp09\/#breadcrumb"},"inLanguage":"en-US","potentialAction":[{"@type":"ReadAction","target":["https:\/\/www.lookforward.at\/produkt\/boho-haekel-bauchtasche-sp09\/"]}]},{"@type":"ImageObject","inLanguage":"en-US","@id":"https:\/\/www.lookforward.at\/produkt\/boho-haekel-bauchtasche-sp09\/#primaryimage","url":"https:\/\/www.lookforward.at\/wp-content\/uploads\/2026\/03\/IMG_3156-scaled.jpg","contentUrl":"https:\/\/www.lookforward.at\/wp-content\/uploads\/2026\/03\/IMG_3156-scaled.jpg","width":1920,"height":2560},{"@type":"BreadcrumbList","@id":"https:\/\/www.lookforward.at\/produkt\/boho-haekel-bauchtasche-sp09\/#breadcrumb","itemListElement":[{"@type":"ListItem","position":1,"name":"Startseite","item":"https:\/\/www.lookforward.at\/"},{"@type":"ListItem","position":2,"name":"Shop","item":"https:\/\/www.lookforward.at\/shop\/"},{"@type":"ListItem","position":3,"name":"Boho H\u00e4kel Bauchtasche SP09"}]},{"@type":"WebSite","@id":"https:\/\/www.lookforward.at\/#website","url":"https:\/\/www.lookforward.at\/","name":"lookforward Shop","description":"Der neue Shop f\u00fcr Fashion, Lifestyle, Family, Food and Beauty.","publisher":{"@id":"https:\/\/www.lookforward.at\/#organization"},"potentialAction":[{"@type":"SearchAction","target":{"@type":"EntryPoint","urlTemplate":"https:\/\/www.lookforward.at\/?s={search_term_string}"},"query-input":{"@type":"PropertyValueSpecification","valueRequired":true,"valueName":"search_term_string"}}],"inLanguage":"en-US"},{"@type":"Organization","@id":"https:\/\/www.lookforward.at\/#organization","name":"KB lookforward","url":"https:\/\/www.lookforward.at\/","logo":{"@type":"ImageObject","inLanguage":"en-US","@id":"https:\/\/www.lookforward.at\/#\/schema\/logo\/image\/","url":"https:\/\/www.lookforward.at\/wp-content\/uploads\/2023\/10\/Icon-KB.svg","contentUrl":"https:\/\/www.lookforward.at\/wp-content\/uploads\/2023\/10\/Icon-KB.svg","caption":"KB lookforward"},"image":{"@id":"https:\/\/www.lookforward.at\/#\/schema\/logo\/image\/"}}]}},"_links":{"self":[{"href":"https:\/\/www.lookforward.at\/en\/wp-json\/wp\/v2\/product\/156226","targetHints":{"allow":["GET"]}}],"collection":[{"href":"https:\/\/www.lookforward.at\/en\/wp-json\/wp\/v2\/product"}],"about":[{"href":"https:\/\/www.lookforward.at\/en\/wp-json\/wp\/v2\/types\/product"}],"wp:featuredmedia":[{"embeddable":true,"href":"https:\/\/www.lookforward.at\/en\/wp-json\/wp\/v2\/media\/156163"}],"wp:attachment":[{"href":"https:\/\/www.lookforward.at\/en\/wp-json\/wp\/v2\/media?parent=156226"}],"wp:term":[{"taxonomy":"product_brand","embeddable":true,"href":"https:\/\/www.lookforward.at\/en\/wp-json\/wp\/v2\/product_brand?post=156226"},{"taxonomy":"product_cat","embeddable":true,"href":"https:\/\/www.lookforward.at\/en\/wp-json\/wp\/v2\/product_cat?post=156226"},{"taxonomy":"product_tag","embeddable":true,"href":"https:\/\/www.lookforward.at\/en\/wp-json\/wp\/v2\/product_tag?post=156226"}],"curies":[{"name":"wp","href":"https:\/\/api.w.org\/{rel}","templated":true}]}}