{"id":156508,"date":"2026-03-27T19:49:23","date_gmt":"2026-03-27T18:49:23","guid":{"rendered":"https:\/\/www.lookforward.at\/?post_type=product&#038;p=156508"},"modified":"2026-04-19T23:00:56","modified_gmt":"2026-04-19T21:00:56","slug":"156508","status":"publish","type":"product","link":"https:\/\/www.lookforward.at\/en\/produkt\/156508\/","title":{"rendered":"FO011 \u2013 Que du Love Shirt \u2013 Wei\u00df"},"content":{"rendered":"","protected":false},"excerpt":{"rendered":"<p><b>FO011 \u2013 Que du Love Shirt \u2013 Wei\u00df<\/b><\/p>\n<p>PERFECT MATCH: MAN07<\/p>\n<p>Que du Love.<\/p>\n<p>Mehr brauchst du nicht.<\/p>\n<p>F\u00fcr Frauen, die f\u00fchlen, sprechen und ihr Herz nicht kleiner machen.<\/p>\n<p>Ein leichtes Statement Shirt f\u00fcr Alltag, Reisen oder besondere Momente.<\/p>\n<p><b>Eigenschaften<\/b><\/p>\n<p>\u2022 Gr\u00f6\u00dfe: One Size \u2013 passt von 36\u201344<\/p>\n<p>\u2022 Farben: Wei\u00df<\/p>\n<p>\u2022 Material: 100% Baumwolle<\/p>\n<p>\u2022 Lockerer, angenehmer Schnitt<\/p>\n<p>\u2022 Front- &#038; Backprint mit Herz-Statement<\/p>\n<p>\u2022 Angenehm weich auf der Haut<\/p>\n<p>\u2022 Made in Italy<\/p>\n<p>\u2022 Pflegehinweis: Waschbar auf 30 Grad \ud83c\udf38<\/p>\n","protected":false},"featured_media":156451,"template":"","meta":{"inline_featured_image":false},"product_brand":[],"product_cat":[502,499,42],"product_tag":[],"class_list":{"0":"post-156508","1":"product","2":"type-product","3":"status-publish","4":"has-post-thumbnail","6":"product_cat-denim-statement","7":"product_cat-fruehling-2026","8":"product_cat-t-shirts","10":"first","11":"onbackorder","12":"taxable","13":"shipping-taxable","14":"purchasable","15":"product-type-simple"},"bundled_by":[],"bundle_stock_status":"onbackorder","bundle_stock_quantity":-2,"bundle_virtual":false,"bundle_layout":"","bundle_add_to_cart_form_location":"","bundle_editable_in_cart":false,"bundle_sold_individually_context":"","bundle_item_grouping":"","bundle_min_size":"","bundle_max_size":"","bundle_price":[],"bundled_items":[],"bundle_sell_ids":[],"yoast_head":"<!-- This site is optimized with the Yoast SEO plugin v26.5 - https:\/\/yoast.com\/wordpress\/plugins\/seo\/ -->\n<title>FO011 \u2013 Que du Love Shirt \u2013 Wei\u00df<\/title>\n<meta name=\"robots\" content=\"index, follow, max-snippet:-1, max-image-preview:large, max-video-preview:-1\" \/>\n<link rel=\"canonical\" href=\"https:\/\/www.lookforward.at\/en\/produkt\/156508\/\" \/>\n<meta property=\"og:locale\" content=\"en_US\" \/>\n<meta property=\"og:locale:alternate\" content=\"de_DE\" \/>\n<meta property=\"og:type\" content=\"article\" \/>\n<meta property=\"og:title\" content=\"FO011 \u2013 Que du Love Shirt \u2013 Wei\u00df\" \/>\n<meta property=\"og:description\" content=\"FO011 \u2013 Que du Love Shirt \u2013 Wei\u00df  PERFECT MATCH: MAN07  Que du Love.  Mehr brauchst du nicht.  F\u00fcr Frauen, die f\u00fchlen, sprechen und ihr Herz nicht kleiner machen.  Ein leichtes Statement Shirt f\u00fcr Alltag, Reisen oder besondere Momente.  Eigenschaften  \u2022 Gr\u00f6\u00dfe: One Size \u2013 passt von 36\u201344  \u2022 Farben: Wei\u00df  \u2022 Material: 100% Baumwolle  \u2022 Lockerer, angenehmer Schnitt  \u2022 Front- &amp; Backprint mit Herz-Statement  \u2022 Angenehm weich auf der Haut  \u2022 Made in Italy  \u2022 Pflegehinweis: Waschbar auf 30 Grad \ud83c\udf38\" \/>\n<meta property=\"og:url\" content=\"https:\/\/www.lookforward.at\/en\/produkt\/156508\/\" \/>\n<meta property=\"og:site_name\" content=\"lookforward Shop\" \/>\n<meta property=\"article:modified_time\" content=\"2026-04-19T21:00:56+00:00\" \/>\n<meta property=\"og:image\" content=\"https:\/\/www.lookforward.at\/wp-content\/uploads\/2026\/03\/IMG_4596-2-scaled.jpg\" \/>\n\t<meta property=\"og:image:width\" content=\"1920\" \/>\n\t<meta property=\"og:image:height\" content=\"2560\" \/>\n\t<meta property=\"og:image:type\" content=\"image\/jpeg\" \/>\n<meta name=\"twitter:card\" content=\"summary_large_image\" \/>\n<meta name=\"twitter:label1\" content=\"Est. reading time\" \/>\n\t<meta name=\"twitter:data1\" content=\"1 minute\" \/>\n<script type=\"application\/ld+json\" class=\"yoast-schema-graph\">{\"@context\":\"https:\/\/schema.org\",\"@graph\":[{\"@type\":\"WebPage\",\"@id\":\"https:\/\/www.lookforward.at\/produkt\/156508\/\",\"url\":\"https:\/\/www.lookforward.at\/produkt\/156508\/\",\"name\":\"FO011 \u2013 Que du Love Shirt \u2013 Wei\u00df\",\"isPartOf\":{\"@id\":\"https:\/\/www.lookforward.at\/#website\"},\"primaryImageOfPage\":{\"@id\":\"https:\/\/www.lookforward.at\/produkt\/156508\/#primaryimage\"},\"image\":{\"@id\":\"https:\/\/www.lookforward.at\/produkt\/156508\/#primaryimage\"},\"thumbnailUrl\":\"https:\/\/www.lookforward.at\/wp-content\/uploads\/2026\/03\/IMG_4596-2-scaled.jpg\",\"datePublished\":\"2026-03-27T18:49:23+00:00\",\"dateModified\":\"2026-04-19T21:00:56+00:00\",\"breadcrumb\":{\"@id\":\"https:\/\/www.lookforward.at\/produkt\/156508\/#breadcrumb\"},\"inLanguage\":\"en-US\",\"potentialAction\":[{\"@type\":\"ReadAction\",\"target\":[\"https:\/\/www.lookforward.at\/produkt\/156508\/\"]}]},{\"@type\":\"ImageObject\",\"inLanguage\":\"en-US\",\"@id\":\"https:\/\/www.lookforward.at\/produkt\/156508\/#primaryimage\",\"url\":\"https:\/\/www.lookforward.at\/wp-content\/uploads\/2026\/03\/IMG_4596-2-scaled.jpg\",\"contentUrl\":\"https:\/\/www.lookforward.at\/wp-content\/uploads\/2026\/03\/IMG_4596-2-scaled.jpg\",\"width\":1920,\"height\":2560},{\"@type\":\"BreadcrumbList\",\"@id\":\"https:\/\/www.lookforward.at\/produkt\/156508\/#breadcrumb\",\"itemListElement\":[{\"@type\":\"ListItem\",\"position\":1,\"name\":\"Startseite\",\"item\":\"https:\/\/www.lookforward.at\/\"},{\"@type\":\"ListItem\",\"position\":2,\"name\":\"Shop\",\"item\":\"https:\/\/www.lookforward.at\/shop\/\"},{\"@type\":\"ListItem\",\"position\":3,\"name\":\"FO011 \u2013 Que du Love Shirt \u2013 Wei\u00df\"}]},{\"@type\":\"WebSite\",\"@id\":\"https:\/\/www.lookforward.at\/#website\",\"url\":\"https:\/\/www.lookforward.at\/\",\"name\":\"lookforward Shop\",\"description\":\"Der neue Shop f\u00fcr Fashion, Lifestyle, Family, Food and Beauty.\",\"publisher\":{\"@id\":\"https:\/\/www.lookforward.at\/#organization\"},\"potentialAction\":[{\"@type\":\"SearchAction\",\"target\":{\"@type\":\"EntryPoint\",\"urlTemplate\":\"https:\/\/www.lookforward.at\/?s={search_term_string}\"},\"query-input\":{\"@type\":\"PropertyValueSpecification\",\"valueRequired\":true,\"valueName\":\"search_term_string\"}}],\"inLanguage\":\"en-US\"},{\"@type\":\"Organization\",\"@id\":\"https:\/\/www.lookforward.at\/#organization\",\"name\":\"KB lookforward\",\"url\":\"https:\/\/www.lookforward.at\/\",\"logo\":{\"@type\":\"ImageObject\",\"inLanguage\":\"en-US\",\"@id\":\"https:\/\/www.lookforward.at\/#\/schema\/logo\/image\/\",\"url\":\"https:\/\/www.lookforward.at\/wp-content\/uploads\/2023\/10\/Icon-KB.svg\",\"contentUrl\":\"https:\/\/www.lookforward.at\/wp-content\/uploads\/2023\/10\/Icon-KB.svg\",\"caption\":\"KB lookforward\"},\"image\":{\"@id\":\"https:\/\/www.lookforward.at\/#\/schema\/logo\/image\/\"}}]}<\/script>\n<!-- \/ Yoast SEO plugin. -->","yoast_head_json":{"title":"FO011 \u2013 Que du Love Shirt \u2013 Wei\u00df","robots":{"index":"index","follow":"follow","max-snippet":"max-snippet:-1","max-image-preview":"max-image-preview:large","max-video-preview":"max-video-preview:-1"},"canonical":"https:\/\/www.lookforward.at\/en\/produkt\/156508\/","og_locale":"en_US","og_type":"article","og_title":"[:de]FO011 \u2013 Que du Love Shirt \u2013 Wei\u00df[:] - lookforward Shop","og_description":"FO011 \u2013 Que du Love Shirt \u2013 Wei\u00df  PERFECT MATCH: MAN07  Que du Love.  Mehr brauchst du nicht.  F\u00fcr Frauen, die f\u00fchlen, sprechen und ihr Herz nicht kleiner machen.  Ein leichtes Statement Shirt f\u00fcr Alltag, Reisen oder besondere Momente.  Eigenschaften  \u2022 Gr\u00f6\u00dfe: One Size \u2013 passt von 36\u201344  \u2022 Farben: Wei\u00df  \u2022 Material: 100% Baumwolle  \u2022 Lockerer, angenehmer Schnitt  \u2022 Front- & Backprint mit Herz-Statement  \u2022 Angenehm weich auf der Haut  \u2022 Made in Italy  \u2022 Pflegehinweis: Waschbar auf 30 Grad \ud83c\udf38","og_url":"https:\/\/www.lookforward.at\/en\/produkt\/156508\/","og_site_name":"lookforward Shop","article_modified_time":"2026-04-19T21:00:56+00:00","og_image":[{"width":1920,"height":2560,"url":"https:\/\/www.lookforward.at\/wp-content\/uploads\/2026\/03\/IMG_4596-2-scaled.jpg","type":"image\/jpeg"}],"twitter_card":"summary_large_image","twitter_misc":{"Est. reading time":"1 minute"},"schema":{"@context":"https:\/\/schema.org","@graph":[{"@type":"WebPage","@id":"https:\/\/www.lookforward.at\/produkt\/156508\/","url":"https:\/\/www.lookforward.at\/produkt\/156508\/","name":"FO011 \u2013 Que du Love Shirt \u2013 Wei\u00df","isPartOf":{"@id":"https:\/\/www.lookforward.at\/#website"},"primaryImageOfPage":{"@id":"https:\/\/www.lookforward.at\/produkt\/156508\/#primaryimage"},"image":{"@id":"https:\/\/www.lookforward.at\/produkt\/156508\/#primaryimage"},"thumbnailUrl":"https:\/\/www.lookforward.at\/wp-content\/uploads\/2026\/03\/IMG_4596-2-scaled.jpg","datePublished":"2026-03-27T18:49:23+00:00","dateModified":"2026-04-19T21:00:56+00:00","breadcrumb":{"@id":"https:\/\/www.lookforward.at\/produkt\/156508\/#breadcrumb"},"inLanguage":"en-US","potentialAction":[{"@type":"ReadAction","target":["https:\/\/www.lookforward.at\/produkt\/156508\/"]}]},{"@type":"ImageObject","inLanguage":"en-US","@id":"https:\/\/www.lookforward.at\/produkt\/156508\/#primaryimage","url":"https:\/\/www.lookforward.at\/wp-content\/uploads\/2026\/03\/IMG_4596-2-scaled.jpg","contentUrl":"https:\/\/www.lookforward.at\/wp-content\/uploads\/2026\/03\/IMG_4596-2-scaled.jpg","width":1920,"height":2560},{"@type":"BreadcrumbList","@id":"https:\/\/www.lookforward.at\/produkt\/156508\/#breadcrumb","itemListElement":[{"@type":"ListItem","position":1,"name":"Startseite","item":"https:\/\/www.lookforward.at\/"},{"@type":"ListItem","position":2,"name":"Shop","item":"https:\/\/www.lookforward.at\/shop\/"},{"@type":"ListItem","position":3,"name":"FO011 \u2013 Que du Love Shirt \u2013 Wei\u00df"}]},{"@type":"WebSite","@id":"https:\/\/www.lookforward.at\/#website","url":"https:\/\/www.lookforward.at\/","name":"lookforward Shop","description":"Der neue Shop f\u00fcr Fashion, Lifestyle, Family, Food and Beauty.","publisher":{"@id":"https:\/\/www.lookforward.at\/#organization"},"potentialAction":[{"@type":"SearchAction","target":{"@type":"EntryPoint","urlTemplate":"https:\/\/www.lookforward.at\/?s={search_term_string}"},"query-input":{"@type":"PropertyValueSpecification","valueRequired":true,"valueName":"search_term_string"}}],"inLanguage":"en-US"},{"@type":"Organization","@id":"https:\/\/www.lookforward.at\/#organization","name":"KB lookforward","url":"https:\/\/www.lookforward.at\/","logo":{"@type":"ImageObject","inLanguage":"en-US","@id":"https:\/\/www.lookforward.at\/#\/schema\/logo\/image\/","url":"https:\/\/www.lookforward.at\/wp-content\/uploads\/2023\/10\/Icon-KB.svg","contentUrl":"https:\/\/www.lookforward.at\/wp-content\/uploads\/2023\/10\/Icon-KB.svg","caption":"KB lookforward"},"image":{"@id":"https:\/\/www.lookforward.at\/#\/schema\/logo\/image\/"}}]}},"_links":{"self":[{"href":"https:\/\/www.lookforward.at\/en\/wp-json\/wp\/v2\/product\/156508","targetHints":{"allow":["GET"]}}],"collection":[{"href":"https:\/\/www.lookforward.at\/en\/wp-json\/wp\/v2\/product"}],"about":[{"href":"https:\/\/www.lookforward.at\/en\/wp-json\/wp\/v2\/types\/product"}],"wp:featuredmedia":[{"embeddable":true,"href":"https:\/\/www.lookforward.at\/en\/wp-json\/wp\/v2\/media\/156451"}],"wp:attachment":[{"href":"https:\/\/www.lookforward.at\/en\/wp-json\/wp\/v2\/media?parent=156508"}],"wp:term":[{"taxonomy":"product_brand","embeddable":true,"href":"https:\/\/www.lookforward.at\/en\/wp-json\/wp\/v2\/product_brand?post=156508"},{"taxonomy":"product_cat","embeddable":true,"href":"https:\/\/www.lookforward.at\/en\/wp-json\/wp\/v2\/product_cat?post=156508"},{"taxonomy":"product_tag","embeddable":true,"href":"https:\/\/www.lookforward.at\/en\/wp-json\/wp\/v2\/product_tag?post=156508"}],"curies":[{"name":"wp","href":"https:\/\/api.w.org\/{rel}","templated":true}]}}