{"id":156826,"date":"2026-04-03T22:29:08","date_gmt":"2026-04-03T20:29:08","guid":{"rendered":"https:\/\/www.lookforward.at\/?post_type=product&#038;p=156826"},"modified":"2026-04-08T21:55:14","modified_gmt":"2026-04-08T19:55:14","slug":"cb-02-soft-fit-hose-mit-guertel-mint-rosa-hellblau","status":"publish","type":"product","link":"https:\/\/www.lookforward.at\/en\/produkt\/cb-02-soft-fit-hose-mit-guertel-mint-rosa-hellblau\/","title":{"rendered":"CB 02 \u2013 Soft Fit Hose mit G\u00fcrtel Mint, Rosa, Hellblau"},"content":{"rendered":"","protected":false},"excerpt":{"rendered":"<p><b>CB 02 \u2013 Soft Fit Hose mit G\u00fcrtel<\/b><\/p>\n<p>Bequem, stylisch und perfekt f\u00fcr deinen Alltag.<\/p>\n<p>Diese Hose \u00fcberzeugt mit ihrem entspannten Fit und sorgt gleichzeitig f\u00fcr einen gepflegten Look.<\/p>\n<p>Der mitgelieferte G\u00fcrtel setzt einen sch\u00f6nen Akzent und macht das Outfit sofort komplett \u2013 easy zu kombinieren, ohne viel nachzudenken.<\/p>\n<p><b>One Size \u2013 passend von 36\u201344.<\/b><\/p>\n<p><b>Made in Italy.<\/b><\/p>\n<p><b>Waschbar bei 30 Grad.<\/b><\/p>\n<p><b>Material:<\/b><\/p>\n<p>65 % Viskose, 30 % Polyester, 5 % Elasthan<\/p>\n<p><b>Farben:<\/b><\/p>\n<p>Mint, Rosa, Hellblau<\/p>\n","protected":false},"featured_media":156799,"template":"","meta":{"inline_featured_image":false},"product_brand":[],"product_cat":[505,48],"product_tag":[],"class_list":{"0":"post-156826","1":"product","2":"type-product","3":"status-publish","4":"has-post-thumbnail","6":"product_cat-limitierte-easter-kollektion","7":"product_cat-hosen","9":"first","10":"onbackorder","11":"taxable","12":"shipping-taxable","13":"purchasable","14":"product-type-variable"},"bundled_by":[],"bundle_stock_status":"onbackorder","bundle_stock_quantity":null,"bundle_virtual":false,"bundle_layout":"","bundle_add_to_cart_form_location":"","bundle_editable_in_cart":false,"bundle_sold_individually_context":"","bundle_item_grouping":"","bundle_min_size":"","bundle_max_size":"","bundle_price":[],"bundled_items":[],"bundle_sell_ids":[],"yoast_head":"<!-- This site is optimized with the Yoast SEO plugin v26.5 - https:\/\/yoast.com\/wordpress\/plugins\/seo\/ -->\n<title>CB 02 \u2013 Soft Fit Hose mit G\u00fcrtel Mint, Rosa, Hellblau<\/title>\n<meta name=\"robots\" content=\"index, follow, max-snippet:-1, max-image-preview:large, max-video-preview:-1\" \/>\n<link rel=\"canonical\" href=\"https:\/\/www.lookforward.at\/en\/produkt\/cb-02-soft-fit-hose-mit-guertel-mint-rosa-hellblau\/\" \/>\n<meta property=\"og:locale\" content=\"en_US\" \/>\n<meta property=\"og:locale:alternate\" content=\"de_DE\" \/>\n<meta property=\"og:type\" content=\"article\" \/>\n<meta property=\"og:title\" content=\"CB 02 \u2013 Soft Fit Hose mit G\u00fcrtel Mint, Rosa, Hellblau\" \/>\n<meta property=\"og:description\" content=\"CB 02 \u2013 Soft Fit Hose mit G\u00fcrtel  Bequem, stylisch und perfekt f\u00fcr deinen Alltag.  Diese Hose \u00fcberzeugt mit ihrem entspannten Fit und sorgt gleichzeitig f\u00fcr einen gepflegten Look.  Der mitgelieferte G\u00fcrtel setzt einen sch\u00f6nen Akzent und macht das Outfit sofort komplett \u2013 easy zu kombinieren, ohne viel nachzudenken.  One Size \u2013 passend von 36\u201344.  Made in Italy.  Waschbar bei 30 Grad.  Material:  65 % Viskose, 30 % Polyester, 5 % Elasthan  Farben:  Mint, Rosa, Hellblau\" \/>\n<meta property=\"og:url\" content=\"https:\/\/www.lookforward.at\/en\/produkt\/cb-02-soft-fit-hose-mit-guertel-mint-rosa-hellblau\/\" \/>\n<meta property=\"og:site_name\" content=\"lookforward Shop\" \/>\n<meta property=\"article:modified_time\" content=\"2026-04-08T19:55:14+00:00\" \/>\n<meta property=\"og:image\" content=\"https:\/\/www.lookforward.at\/wp-content\/uploads\/2026\/04\/IMG_5933-scaled.jpg\" \/>\n\t<meta property=\"og:image:width\" content=\"1920\" \/>\n\t<meta property=\"og:image:height\" content=\"2560\" \/>\n\t<meta property=\"og:image:type\" content=\"image\/jpeg\" \/>\n<meta name=\"twitter:card\" content=\"summary_large_image\" \/>\n<meta name=\"twitter:label1\" content=\"Est. reading time\" \/>\n\t<meta name=\"twitter:data1\" content=\"1 minute\" \/>\n<script type=\"application\/ld+json\" class=\"yoast-schema-graph\">{\"@context\":\"https:\/\/schema.org\",\"@graph\":[{\"@type\":\"WebPage\",\"@id\":\"https:\/\/www.lookforward.at\/produkt\/cb-02-soft-fit-hose-mit-guertel-mint-rosa-hellblau\/\",\"url\":\"https:\/\/www.lookforward.at\/produkt\/cb-02-soft-fit-hose-mit-guertel-mint-rosa-hellblau\/\",\"name\":\"CB 02 \u2013 Soft Fit Hose mit G\u00fcrtel Mint, Rosa, Hellblau\",\"isPartOf\":{\"@id\":\"https:\/\/www.lookforward.at\/#website\"},\"primaryImageOfPage\":{\"@id\":\"https:\/\/www.lookforward.at\/produkt\/cb-02-soft-fit-hose-mit-guertel-mint-rosa-hellblau\/#primaryimage\"},\"image\":{\"@id\":\"https:\/\/www.lookforward.at\/produkt\/cb-02-soft-fit-hose-mit-guertel-mint-rosa-hellblau\/#primaryimage\"},\"thumbnailUrl\":\"https:\/\/www.lookforward.at\/wp-content\/uploads\/2026\/04\/IMG_5933-scaled.jpg\",\"datePublished\":\"2026-04-03T20:29:08+00:00\",\"dateModified\":\"2026-04-08T19:55:14+00:00\",\"breadcrumb\":{\"@id\":\"https:\/\/www.lookforward.at\/produkt\/cb-02-soft-fit-hose-mit-guertel-mint-rosa-hellblau\/#breadcrumb\"},\"inLanguage\":\"en-US\",\"potentialAction\":[{\"@type\":\"ReadAction\",\"target\":[\"https:\/\/www.lookforward.at\/produkt\/cb-02-soft-fit-hose-mit-guertel-mint-rosa-hellblau\/\"]}]},{\"@type\":\"ImageObject\",\"inLanguage\":\"en-US\",\"@id\":\"https:\/\/www.lookforward.at\/produkt\/cb-02-soft-fit-hose-mit-guertel-mint-rosa-hellblau\/#primaryimage\",\"url\":\"https:\/\/www.lookforward.at\/wp-content\/uploads\/2026\/04\/IMG_5933-scaled.jpg\",\"contentUrl\":\"https:\/\/www.lookforward.at\/wp-content\/uploads\/2026\/04\/IMG_5933-scaled.jpg\",\"width\":1920,\"height\":2560},{\"@type\":\"BreadcrumbList\",\"@id\":\"https:\/\/www.lookforward.at\/produkt\/cb-02-soft-fit-hose-mit-guertel-mint-rosa-hellblau\/#breadcrumb\",\"itemListElement\":[{\"@type\":\"ListItem\",\"position\":1,\"name\":\"Startseite\",\"item\":\"https:\/\/www.lookforward.at\/\"},{\"@type\":\"ListItem\",\"position\":2,\"name\":\"Shop\",\"item\":\"https:\/\/www.lookforward.at\/shop\/\"},{\"@type\":\"ListItem\",\"position\":3,\"name\":\"CB 02 \u2013 Soft Fit Hose mit G\u00fcrtel Mint, Rosa, Hellblau\"}]},{\"@type\":\"WebSite\",\"@id\":\"https:\/\/www.lookforward.at\/#website\",\"url\":\"https:\/\/www.lookforward.at\/\",\"name\":\"lookforward Shop\",\"description\":\"Der neue Shop f\u00fcr Fashion, Lifestyle, Family, Food and Beauty.\",\"publisher\":{\"@id\":\"https:\/\/www.lookforward.at\/#organization\"},\"potentialAction\":[{\"@type\":\"SearchAction\",\"target\":{\"@type\":\"EntryPoint\",\"urlTemplate\":\"https:\/\/www.lookforward.at\/?s={search_term_string}\"},\"query-input\":{\"@type\":\"PropertyValueSpecification\",\"valueRequired\":true,\"valueName\":\"search_term_string\"}}],\"inLanguage\":\"en-US\"},{\"@type\":\"Organization\",\"@id\":\"https:\/\/www.lookforward.at\/#organization\",\"name\":\"KB lookforward\",\"url\":\"https:\/\/www.lookforward.at\/\",\"logo\":{\"@type\":\"ImageObject\",\"inLanguage\":\"en-US\",\"@id\":\"https:\/\/www.lookforward.at\/#\/schema\/logo\/image\/\",\"url\":\"https:\/\/www.lookforward.at\/wp-content\/uploads\/2023\/10\/Icon-KB.svg\",\"contentUrl\":\"https:\/\/www.lookforward.at\/wp-content\/uploads\/2023\/10\/Icon-KB.svg\",\"caption\":\"KB lookforward\"},\"image\":{\"@id\":\"https:\/\/www.lookforward.at\/#\/schema\/logo\/image\/\"}}]}<\/script>\n<!-- \/ Yoast SEO plugin. -->","yoast_head_json":{"title":"CB 02 \u2013 Soft Fit Hose mit G\u00fcrtel Mint, Rosa, Hellblau","robots":{"index":"index","follow":"follow","max-snippet":"max-snippet:-1","max-image-preview":"max-image-preview:large","max-video-preview":"max-video-preview:-1"},"canonical":"https:\/\/www.lookforward.at\/en\/produkt\/cb-02-soft-fit-hose-mit-guertel-mint-rosa-hellblau\/","og_locale":"en_US","og_type":"article","og_title":"[:de]CB 02 \u2013 Soft Fit Hose mit G\u00fcrtel Mint, Rosa, Hellblau[:] - lookforward Shop","og_description":"CB 02 \u2013 Soft Fit Hose mit G\u00fcrtel  Bequem, stylisch und perfekt f\u00fcr deinen Alltag.  Diese Hose \u00fcberzeugt mit ihrem entspannten Fit und sorgt gleichzeitig f\u00fcr einen gepflegten Look.  Der mitgelieferte G\u00fcrtel setzt einen sch\u00f6nen Akzent und macht das Outfit sofort komplett \u2013 easy zu kombinieren, ohne viel nachzudenken.  One Size \u2013 passend von 36\u201344.  Made in Italy.  Waschbar bei 30 Grad.  Material:  65 % Viskose, 30 % Polyester, 5 % Elasthan  Farben:  Mint, Rosa, Hellblau","og_url":"https:\/\/www.lookforward.at\/en\/produkt\/cb-02-soft-fit-hose-mit-guertel-mint-rosa-hellblau\/","og_site_name":"lookforward Shop","article_modified_time":"2026-04-08T19:55:14+00:00","og_image":[{"width":1920,"height":2560,"url":"https:\/\/www.lookforward.at\/wp-content\/uploads\/2026\/04\/IMG_5933-scaled.jpg","type":"image\/jpeg"}],"twitter_card":"summary_large_image","twitter_misc":{"Est. reading time":"1 minute"},"schema":{"@context":"https:\/\/schema.org","@graph":[{"@type":"WebPage","@id":"https:\/\/www.lookforward.at\/produkt\/cb-02-soft-fit-hose-mit-guertel-mint-rosa-hellblau\/","url":"https:\/\/www.lookforward.at\/produkt\/cb-02-soft-fit-hose-mit-guertel-mint-rosa-hellblau\/","name":"CB 02 \u2013 Soft Fit Hose mit G\u00fcrtel Mint, Rosa, Hellblau","isPartOf":{"@id":"https:\/\/www.lookforward.at\/#website"},"primaryImageOfPage":{"@id":"https:\/\/www.lookforward.at\/produkt\/cb-02-soft-fit-hose-mit-guertel-mint-rosa-hellblau\/#primaryimage"},"image":{"@id":"https:\/\/www.lookforward.at\/produkt\/cb-02-soft-fit-hose-mit-guertel-mint-rosa-hellblau\/#primaryimage"},"thumbnailUrl":"https:\/\/www.lookforward.at\/wp-content\/uploads\/2026\/04\/IMG_5933-scaled.jpg","datePublished":"2026-04-03T20:29:08+00:00","dateModified":"2026-04-08T19:55:14+00:00","breadcrumb":{"@id":"https:\/\/www.lookforward.at\/produkt\/cb-02-soft-fit-hose-mit-guertel-mint-rosa-hellblau\/#breadcrumb"},"inLanguage":"en-US","potentialAction":[{"@type":"ReadAction","target":["https:\/\/www.lookforward.at\/produkt\/cb-02-soft-fit-hose-mit-guertel-mint-rosa-hellblau\/"]}]},{"@type":"ImageObject","inLanguage":"en-US","@id":"https:\/\/www.lookforward.at\/produkt\/cb-02-soft-fit-hose-mit-guertel-mint-rosa-hellblau\/#primaryimage","url":"https:\/\/www.lookforward.at\/wp-content\/uploads\/2026\/04\/IMG_5933-scaled.jpg","contentUrl":"https:\/\/www.lookforward.at\/wp-content\/uploads\/2026\/04\/IMG_5933-scaled.jpg","width":1920,"height":2560},{"@type":"BreadcrumbList","@id":"https:\/\/www.lookforward.at\/produkt\/cb-02-soft-fit-hose-mit-guertel-mint-rosa-hellblau\/#breadcrumb","itemListElement":[{"@type":"ListItem","position":1,"name":"Startseite","item":"https:\/\/www.lookforward.at\/"},{"@type":"ListItem","position":2,"name":"Shop","item":"https:\/\/www.lookforward.at\/shop\/"},{"@type":"ListItem","position":3,"name":"CB 02 \u2013 Soft Fit Hose mit G\u00fcrtel Mint, Rosa, Hellblau"}]},{"@type":"WebSite","@id":"https:\/\/www.lookforward.at\/#website","url":"https:\/\/www.lookforward.at\/","name":"lookforward Shop","description":"Der neue Shop f\u00fcr Fashion, Lifestyle, Family, Food and Beauty.","publisher":{"@id":"https:\/\/www.lookforward.at\/#organization"},"potentialAction":[{"@type":"SearchAction","target":{"@type":"EntryPoint","urlTemplate":"https:\/\/www.lookforward.at\/?s={search_term_string}"},"query-input":{"@type":"PropertyValueSpecification","valueRequired":true,"valueName":"search_term_string"}}],"inLanguage":"en-US"},{"@type":"Organization","@id":"https:\/\/www.lookforward.at\/#organization","name":"KB lookforward","url":"https:\/\/www.lookforward.at\/","logo":{"@type":"ImageObject","inLanguage":"en-US","@id":"https:\/\/www.lookforward.at\/#\/schema\/logo\/image\/","url":"https:\/\/www.lookforward.at\/wp-content\/uploads\/2023\/10\/Icon-KB.svg","contentUrl":"https:\/\/www.lookforward.at\/wp-content\/uploads\/2023\/10\/Icon-KB.svg","caption":"KB lookforward"},"image":{"@id":"https:\/\/www.lookforward.at\/#\/schema\/logo\/image\/"}}]}},"_links":{"self":[{"href":"https:\/\/www.lookforward.at\/en\/wp-json\/wp\/v2\/product\/156826","targetHints":{"allow":["GET"]}}],"collection":[{"href":"https:\/\/www.lookforward.at\/en\/wp-json\/wp\/v2\/product"}],"about":[{"href":"https:\/\/www.lookforward.at\/en\/wp-json\/wp\/v2\/types\/product"}],"wp:featuredmedia":[{"embeddable":true,"href":"https:\/\/www.lookforward.at\/en\/wp-json\/wp\/v2\/media\/156799"}],"wp:attachment":[{"href":"https:\/\/www.lookforward.at\/en\/wp-json\/wp\/v2\/media?parent=156826"}],"wp:term":[{"taxonomy":"product_brand","embeddable":true,"href":"https:\/\/www.lookforward.at\/en\/wp-json\/wp\/v2\/product_brand?post=156826"},{"taxonomy":"product_cat","embeddable":true,"href":"https:\/\/www.lookforward.at\/en\/wp-json\/wp\/v2\/product_cat?post=156826"},{"taxonomy":"product_tag","embeddable":true,"href":"https:\/\/www.lookforward.at\/en\/wp-json\/wp\/v2\/product_tag?post=156826"}],"curies":[{"name":"wp","href":"https:\/\/api.w.org\/{rel}","templated":true}]}}