{"id":156837,"date":"2026-04-03T23:02:53","date_gmt":"2026-04-03T21:02:53","guid":{"rendered":"https:\/\/www.lookforward.at\/?post_type=product&#038;p=156837"},"modified":"2026-04-08T23:55:14","modified_gmt":"2026-04-08T21:55:14","slug":"cb-04-open-soft-jacket","status":"publish","type":"product","link":"https:\/\/www.lookforward.at\/en\/produkt\/cb-04-open-soft-jacket\/","title":{"rendered":"CB 04 \u2013 Open Soft Jacket"},"content":{"rendered":"","protected":false},"excerpt":{"rendered":"<p><b>CB 04 \u2013 Open Soft Jacket<\/b><\/p>\n<p>Leicht, unkompliziert und perfekt zum Dr\u00fcberwerfen.<\/p>\n<p>Diese offene Jacke bringt Struktur in deinen Look, ohne schwer zu wirken, und ist ideal f\u00fcr entspannte Layering-Outfits.<\/p>\n<p>Die Fronttaschen geben ihr einen l\u00e4ssigen Touch und machen sie zu einem praktischen Everyday-Piece.<\/p>\n<p><b>One Size \u2013 passend von 36\u201344.<\/b><\/p>\n<p><b>Made in Italy.<\/b><\/p>\n<p><b>Waschbar bei 30 Grad.<\/b><\/p>\n<p><b>Material:<\/b><\/p>\n<p>50 % Polyester, 45 % Viskose, 5 % Elasthan<\/p>\n<p><b>Farben:<\/b><\/p>\n<p>Rosa, Hellblau, Gelb<\/p>\n","protected":false},"featured_media":156838,"template":"","meta":{"inline_featured_image":false},"product_brand":[],"product_cat":[435,505,499],"product_tag":[],"class_list":{"0":"post-156837","1":"product","2":"type-product","3":"status-publish","4":"has-post-thumbnail","6":"product_cat-blazer","7":"product_cat-limitierte-easter-kollektion","8":"product_cat-fruehling-2026","10":"first","11":"onbackorder","12":"taxable","13":"shipping-taxable","14":"purchasable","15":"product-type-variable"},"bundled_by":[],"bundle_stock_status":"onbackorder","bundle_stock_quantity":null,"bundle_virtual":false,"bundle_layout":"","bundle_add_to_cart_form_location":"","bundle_editable_in_cart":false,"bundle_sold_individually_context":"","bundle_item_grouping":"","bundle_min_size":"","bundle_max_size":"","bundle_price":[],"bundled_items":[],"bundle_sell_ids":[],"yoast_head":"<!-- This site is optimized with the Yoast SEO plugin v26.5 - https:\/\/yoast.com\/wordpress\/plugins\/seo\/ -->\n<title>CB 04 \u2013 Open Soft Jacket<\/title>\n<meta name=\"robots\" content=\"index, follow, max-snippet:-1, max-image-preview:large, max-video-preview:-1\" \/>\n<link rel=\"canonical\" href=\"https:\/\/www.lookforward.at\/en\/produkt\/cb-04-open-soft-jacket\/\" \/>\n<meta property=\"og:locale\" content=\"en_US\" \/>\n<meta property=\"og:locale:alternate\" content=\"de_DE\" \/>\n<meta property=\"og:type\" content=\"article\" \/>\n<meta property=\"og:title\" content=\"CB 04 \u2013 Open Soft Jacket\" \/>\n<meta property=\"og:description\" content=\"CB 04 \u2013 Open Soft Jacket  Leicht, unkompliziert und perfekt zum Dr\u00fcberwerfen.  Diese offene Jacke bringt Struktur in deinen Look, ohne schwer zu wirken, und ist ideal f\u00fcr entspannte Layering-Outfits.  Die Fronttaschen geben ihr einen l\u00e4ssigen Touch und machen sie zu einem praktischen Everyday-Piece.  One Size \u2013 passend von 36\u201344.  Made in Italy.  Waschbar bei 30 Grad.  Material:  50 % Polyester, 45 % Viskose, 5 % Elasthan  Farben:  Rosa, Hellblau, Gelb\" \/>\n<meta property=\"og:url\" content=\"https:\/\/www.lookforward.at\/en\/produkt\/cb-04-open-soft-jacket\/\" \/>\n<meta property=\"og:site_name\" content=\"lookforward Shop\" \/>\n<meta property=\"article:modified_time\" content=\"2026-04-08T21:55:14+00:00\" \/>\n<meta name=\"twitter:card\" content=\"summary_large_image\" \/>\n<meta name=\"twitter:label1\" content=\"Est. reading time\" \/>\n\t<meta name=\"twitter:data1\" content=\"1 minute\" \/>\n<script type=\"application\/ld+json\" class=\"yoast-schema-graph\">{\"@context\":\"https:\/\/schema.org\",\"@graph\":[{\"@type\":\"WebPage\",\"@id\":\"https:\/\/www.lookforward.at\/produkt\/cb-04-open-soft-jacket\/\",\"url\":\"https:\/\/www.lookforward.at\/produkt\/cb-04-open-soft-jacket\/\",\"name\":\"CB 04 \u2013 Open Soft Jacket\",\"isPartOf\":{\"@id\":\"https:\/\/www.lookforward.at\/#website\"},\"primaryImageOfPage\":{\"@id\":\"https:\/\/www.lookforward.at\/produkt\/cb-04-open-soft-jacket\/#primaryimage\"},\"image\":{\"@id\":\"https:\/\/www.lookforward.at\/produkt\/cb-04-open-soft-jacket\/#primaryimage\"},\"thumbnailUrl\":\"https:\/\/www.lookforward.at\/wp-content\/uploads\/2026\/04\/IMG_5756-1-scaled.jpg\",\"datePublished\":\"2026-04-03T21:02:53+00:00\",\"dateModified\":\"2026-04-08T21:55:14+00:00\",\"breadcrumb\":{\"@id\":\"https:\/\/www.lookforward.at\/produkt\/cb-04-open-soft-jacket\/#breadcrumb\"},\"inLanguage\":\"en-US\",\"potentialAction\":[{\"@type\":\"ReadAction\",\"target\":[\"https:\/\/www.lookforward.at\/produkt\/cb-04-open-soft-jacket\/\"]}]},{\"@type\":\"ImageObject\",\"inLanguage\":\"en-US\",\"@id\":\"https:\/\/www.lookforward.at\/produkt\/cb-04-open-soft-jacket\/#primaryimage\",\"url\":\"https:\/\/www.lookforward.at\/wp-content\/uploads\/2026\/04\/IMG_5756-1-scaled.jpg\",\"contentUrl\":\"https:\/\/www.lookforward.at\/wp-content\/uploads\/2026\/04\/IMG_5756-1-scaled.jpg\",\"width\":1920,\"height\":2560},{\"@type\":\"BreadcrumbList\",\"@id\":\"https:\/\/www.lookforward.at\/produkt\/cb-04-open-soft-jacket\/#breadcrumb\",\"itemListElement\":[{\"@type\":\"ListItem\",\"position\":1,\"name\":\"Startseite\",\"item\":\"https:\/\/www.lookforward.at\/\"},{\"@type\":\"ListItem\",\"position\":2,\"name\":\"Shop\",\"item\":\"https:\/\/www.lookforward.at\/shop\/\"},{\"@type\":\"ListItem\",\"position\":3,\"name\":\"CB 04 \u2013 Open Soft Jacket\"}]},{\"@type\":\"WebSite\",\"@id\":\"https:\/\/www.lookforward.at\/#website\",\"url\":\"https:\/\/www.lookforward.at\/\",\"name\":\"lookforward Shop\",\"description\":\"Der neue Shop f\u00fcr Fashion, Lifestyle, Family, Food and Beauty.\",\"publisher\":{\"@id\":\"https:\/\/www.lookforward.at\/#organization\"},\"potentialAction\":[{\"@type\":\"SearchAction\",\"target\":{\"@type\":\"EntryPoint\",\"urlTemplate\":\"https:\/\/www.lookforward.at\/?s={search_term_string}\"},\"query-input\":{\"@type\":\"PropertyValueSpecification\",\"valueRequired\":true,\"valueName\":\"search_term_string\"}}],\"inLanguage\":\"en-US\"},{\"@type\":\"Organization\",\"@id\":\"https:\/\/www.lookforward.at\/#organization\",\"name\":\"KB lookforward\",\"url\":\"https:\/\/www.lookforward.at\/\",\"logo\":{\"@type\":\"ImageObject\",\"inLanguage\":\"en-US\",\"@id\":\"https:\/\/www.lookforward.at\/#\/schema\/logo\/image\/\",\"url\":\"https:\/\/www.lookforward.at\/wp-content\/uploads\/2023\/10\/Icon-KB.svg\",\"contentUrl\":\"https:\/\/www.lookforward.at\/wp-content\/uploads\/2023\/10\/Icon-KB.svg\",\"caption\":\"KB lookforward\"},\"image\":{\"@id\":\"https:\/\/www.lookforward.at\/#\/schema\/logo\/image\/\"}}]}<\/script>\n<!-- \/ Yoast SEO plugin. -->","yoast_head_json":{"title":"CB 04 \u2013 Open Soft Jacket","robots":{"index":"index","follow":"follow","max-snippet":"max-snippet:-1","max-image-preview":"max-image-preview:large","max-video-preview":"max-video-preview:-1"},"canonical":"https:\/\/www.lookforward.at\/en\/produkt\/cb-04-open-soft-jacket\/","og_locale":"en_US","og_type":"article","og_title":"[:de]CB 04 \u2013 Open Soft Jacket[:] - lookforward Shop","og_description":"CB 04 \u2013 Open Soft Jacket  Leicht, unkompliziert und perfekt zum Dr\u00fcberwerfen.  Diese offene Jacke bringt Struktur in deinen Look, ohne schwer zu wirken, und ist ideal f\u00fcr entspannte Layering-Outfits.  Die Fronttaschen geben ihr einen l\u00e4ssigen Touch und machen sie zu einem praktischen Everyday-Piece.  One Size \u2013 passend von 36\u201344.  Made in Italy.  Waschbar bei 30 Grad.  Material:  50 % Polyester, 45 % Viskose, 5 % Elasthan  Farben:  Rosa, Hellblau, Gelb","og_url":"https:\/\/www.lookforward.at\/en\/produkt\/cb-04-open-soft-jacket\/","og_site_name":"lookforward Shop","article_modified_time":"2026-04-08T21:55:14+00:00","twitter_card":"summary_large_image","twitter_misc":{"Est. reading time":"1 minute"},"schema":{"@context":"https:\/\/schema.org","@graph":[{"@type":"WebPage","@id":"https:\/\/www.lookforward.at\/produkt\/cb-04-open-soft-jacket\/","url":"https:\/\/www.lookforward.at\/produkt\/cb-04-open-soft-jacket\/","name":"CB 04 \u2013 Open Soft Jacket","isPartOf":{"@id":"https:\/\/www.lookforward.at\/#website"},"primaryImageOfPage":{"@id":"https:\/\/www.lookforward.at\/produkt\/cb-04-open-soft-jacket\/#primaryimage"},"image":{"@id":"https:\/\/www.lookforward.at\/produkt\/cb-04-open-soft-jacket\/#primaryimage"},"thumbnailUrl":"https:\/\/www.lookforward.at\/wp-content\/uploads\/2026\/04\/IMG_5756-1-scaled.jpg","datePublished":"2026-04-03T21:02:53+00:00","dateModified":"2026-04-08T21:55:14+00:00","breadcrumb":{"@id":"https:\/\/www.lookforward.at\/produkt\/cb-04-open-soft-jacket\/#breadcrumb"},"inLanguage":"en-US","potentialAction":[{"@type":"ReadAction","target":["https:\/\/www.lookforward.at\/produkt\/cb-04-open-soft-jacket\/"]}]},{"@type":"ImageObject","inLanguage":"en-US","@id":"https:\/\/www.lookforward.at\/produkt\/cb-04-open-soft-jacket\/#primaryimage","url":"https:\/\/www.lookforward.at\/wp-content\/uploads\/2026\/04\/IMG_5756-1-scaled.jpg","contentUrl":"https:\/\/www.lookforward.at\/wp-content\/uploads\/2026\/04\/IMG_5756-1-scaled.jpg","width":1920,"height":2560},{"@type":"BreadcrumbList","@id":"https:\/\/www.lookforward.at\/produkt\/cb-04-open-soft-jacket\/#breadcrumb","itemListElement":[{"@type":"ListItem","position":1,"name":"Startseite","item":"https:\/\/www.lookforward.at\/"},{"@type":"ListItem","position":2,"name":"Shop","item":"https:\/\/www.lookforward.at\/shop\/"},{"@type":"ListItem","position":3,"name":"CB 04 \u2013 Open Soft Jacket"}]},{"@type":"WebSite","@id":"https:\/\/www.lookforward.at\/#website","url":"https:\/\/www.lookforward.at\/","name":"lookforward Shop","description":"Der neue Shop f\u00fcr Fashion, Lifestyle, Family, Food and Beauty.","publisher":{"@id":"https:\/\/www.lookforward.at\/#organization"},"potentialAction":[{"@type":"SearchAction","target":{"@type":"EntryPoint","urlTemplate":"https:\/\/www.lookforward.at\/?s={search_term_string}"},"query-input":{"@type":"PropertyValueSpecification","valueRequired":true,"valueName":"search_term_string"}}],"inLanguage":"en-US"},{"@type":"Organization","@id":"https:\/\/www.lookforward.at\/#organization","name":"KB lookforward","url":"https:\/\/www.lookforward.at\/","logo":{"@type":"ImageObject","inLanguage":"en-US","@id":"https:\/\/www.lookforward.at\/#\/schema\/logo\/image\/","url":"https:\/\/www.lookforward.at\/wp-content\/uploads\/2023\/10\/Icon-KB.svg","contentUrl":"https:\/\/www.lookforward.at\/wp-content\/uploads\/2023\/10\/Icon-KB.svg","caption":"KB lookforward"},"image":{"@id":"https:\/\/www.lookforward.at\/#\/schema\/logo\/image\/"}}]}},"_links":{"self":[{"href":"https:\/\/www.lookforward.at\/en\/wp-json\/wp\/v2\/product\/156837","targetHints":{"allow":["GET"]}}],"collection":[{"href":"https:\/\/www.lookforward.at\/en\/wp-json\/wp\/v2\/product"}],"about":[{"href":"https:\/\/www.lookforward.at\/en\/wp-json\/wp\/v2\/types\/product"}],"wp:featuredmedia":[{"embeddable":true,"href":"https:\/\/www.lookforward.at\/en\/wp-json\/wp\/v2\/media\/156838"}],"wp:attachment":[{"href":"https:\/\/www.lookforward.at\/en\/wp-json\/wp\/v2\/media?parent=156837"}],"wp:term":[{"taxonomy":"product_brand","embeddable":true,"href":"https:\/\/www.lookforward.at\/en\/wp-json\/wp\/v2\/product_brand?post=156837"},{"taxonomy":"product_cat","embeddable":true,"href":"https:\/\/www.lookforward.at\/en\/wp-json\/wp\/v2\/product_cat?post=156837"},{"taxonomy":"product_tag","embeddable":true,"href":"https:\/\/www.lookforward.at\/en\/wp-json\/wp\/v2\/product_tag?post=156837"}],"curies":[{"name":"wp","href":"https:\/\/api.w.org\/{rel}","templated":true}]}}