{"id":156842,"date":"2026-04-03T23:07:32","date_gmt":"2026-04-03T21:07:32","guid":{"rendered":"https:\/\/www.lookforward.at\/?post_type=product&#038;p=156842"},"modified":"2026-04-08T23:55:14","modified_gmt":"2026-04-08T21:55:14","slug":"ns-08-plissierter-chiffonrock-beige-hellblau-rosa","status":"publish","type":"product","link":"https:\/\/www.lookforward.at\/en\/produkt\/ns-08-plissierter-chiffonrock-beige-hellblau-rosa\/","title":{"rendered":"NS 08 \u2013 Plissierter Chiffonrock Beige, Hellblau, Rosa"},"content":{"rendered":"","protected":false},"excerpt":{"rendered":"<p><b>NS 08 \u2013 Plissierter Chiffonrock<\/b><\/p>\n<p>Leicht, flie\u00dfend und einfach feminin.<\/p>\n<p>Dieser plissierte Rock bringt Bewegung in deinen Look und sorgt f\u00fcr eine elegante, aber dennoch entspannte Ausstrahlung.<\/p>\n<p>Der elastische Bund macht ihn super angenehm zu tragen und l\u00e4sst sich vielseitig kombinieren \u2013 ob casual mit Sneakern oder etwas schicker gestylt.<\/p>\n<p><b>One Size \u2013 passend von 36\u201344.<\/b><\/p>\n<p><b>Made in Italy.<\/b><\/p>\n<p><b>Waschbar bei 30 Grad.<\/b><\/p>\n<p><b>Material:<\/b><\/p>\n<p>100 % Polyester<\/p>\n<p><b>Farben:<\/b><\/p>\n<p>Beige, Hellblau, Rosa<\/p>\n","protected":false},"featured_media":156843,"template":"","meta":{"inline_featured_image":false},"product_brand":[],"product_cat":[505,499,432],"product_tag":[],"class_list":{"0":"post-156842","1":"product","2":"type-product","3":"status-publish","4":"has-post-thumbnail","6":"product_cat-limitierte-easter-kollektion","7":"product_cat-fruehling-2026","8":"product_cat-rock","10":"first","11":"onbackorder","12":"taxable","13":"shipping-taxable","14":"purchasable","15":"product-type-variable"},"bundled_by":[],"bundle_stock_status":"onbackorder","bundle_stock_quantity":null,"bundle_virtual":false,"bundle_layout":"","bundle_add_to_cart_form_location":"","bundle_editable_in_cart":false,"bundle_sold_individually_context":"","bundle_item_grouping":"","bundle_min_size":"","bundle_max_size":"","bundle_price":[],"bundled_items":[],"bundle_sell_ids":[],"yoast_head":"<!-- This site is optimized with the Yoast SEO plugin v26.5 - https:\/\/yoast.com\/wordpress\/plugins\/seo\/ -->\n<title>NS 08 \u2013 Plissierter Chiffonrock Beige, Hellblau, Rosa<\/title>\n<meta name=\"robots\" content=\"index, follow, max-snippet:-1, max-image-preview:large, max-video-preview:-1\" \/>\n<link rel=\"canonical\" href=\"https:\/\/www.lookforward.at\/en\/produkt\/ns-08-plissierter-chiffonrock-beige-hellblau-rosa\/\" \/>\n<meta property=\"og:locale\" content=\"en_US\" \/>\n<meta property=\"og:locale:alternate\" content=\"de_DE\" \/>\n<meta property=\"og:type\" content=\"article\" \/>\n<meta property=\"og:title\" content=\"NS 08 \u2013 Plissierter Chiffonrock Beige, Hellblau, Rosa\" \/>\n<meta property=\"og:description\" content=\"NS 08 \u2013 Plissierter Chiffonrock  Leicht, flie\u00dfend und einfach feminin.  Dieser plissierte Rock bringt Bewegung in deinen Look und sorgt f\u00fcr eine elegante, aber dennoch entspannte Ausstrahlung.  Der elastische Bund macht ihn super angenehm zu tragen und l\u00e4sst sich vielseitig kombinieren \u2013 ob casual mit Sneakern oder etwas schicker gestylt.  One Size \u2013 passend von 36\u201344.  Made in Italy.  Waschbar bei 30 Grad.  Material:  100 % Polyester  Farben:  Beige, Hellblau, Rosa\" \/>\n<meta property=\"og:url\" content=\"https:\/\/www.lookforward.at\/en\/produkt\/ns-08-plissierter-chiffonrock-beige-hellblau-rosa\/\" \/>\n<meta property=\"og:site_name\" content=\"lookforward Shop\" \/>\n<meta property=\"article:modified_time\" content=\"2026-04-08T21:55:14+00:00\" \/>\n<meta name=\"twitter:card\" content=\"summary_large_image\" \/>\n<meta name=\"twitter:label1\" content=\"Est. reading time\" \/>\n\t<meta name=\"twitter:data1\" content=\"1 minute\" \/>\n<script type=\"application\/ld+json\" class=\"yoast-schema-graph\">{\"@context\":\"https:\/\/schema.org\",\"@graph\":[{\"@type\":\"WebPage\",\"@id\":\"https:\/\/www.lookforward.at\/produkt\/ns-08-plissierter-chiffonrock-beige-hellblau-rosa\/\",\"url\":\"https:\/\/www.lookforward.at\/produkt\/ns-08-plissierter-chiffonrock-beige-hellblau-rosa\/\",\"name\":\"NS 08 \u2013 Plissierter Chiffonrock Beige, Hellblau, Rosa\",\"isPartOf\":{\"@id\":\"https:\/\/www.lookforward.at\/#website\"},\"primaryImageOfPage\":{\"@id\":\"https:\/\/www.lookforward.at\/produkt\/ns-08-plissierter-chiffonrock-beige-hellblau-rosa\/#primaryimage\"},\"image\":{\"@id\":\"https:\/\/www.lookforward.at\/produkt\/ns-08-plissierter-chiffonrock-beige-hellblau-rosa\/#primaryimage\"},\"thumbnailUrl\":\"https:\/\/www.lookforward.at\/wp-content\/uploads\/2026\/04\/IMG_5734-1-scaled.jpg\",\"datePublished\":\"2026-04-03T21:07:32+00:00\",\"dateModified\":\"2026-04-08T21:55:14+00:00\",\"breadcrumb\":{\"@id\":\"https:\/\/www.lookforward.at\/produkt\/ns-08-plissierter-chiffonrock-beige-hellblau-rosa\/#breadcrumb\"},\"inLanguage\":\"en-US\",\"potentialAction\":[{\"@type\":\"ReadAction\",\"target\":[\"https:\/\/www.lookforward.at\/produkt\/ns-08-plissierter-chiffonrock-beige-hellblau-rosa\/\"]}]},{\"@type\":\"ImageObject\",\"inLanguage\":\"en-US\",\"@id\":\"https:\/\/www.lookforward.at\/produkt\/ns-08-plissierter-chiffonrock-beige-hellblau-rosa\/#primaryimage\",\"url\":\"https:\/\/www.lookforward.at\/wp-content\/uploads\/2026\/04\/IMG_5734-1-scaled.jpg\",\"contentUrl\":\"https:\/\/www.lookforward.at\/wp-content\/uploads\/2026\/04\/IMG_5734-1-scaled.jpg\",\"width\":1920,\"height\":2560},{\"@type\":\"BreadcrumbList\",\"@id\":\"https:\/\/www.lookforward.at\/produkt\/ns-08-plissierter-chiffonrock-beige-hellblau-rosa\/#breadcrumb\",\"itemListElement\":[{\"@type\":\"ListItem\",\"position\":1,\"name\":\"Startseite\",\"item\":\"https:\/\/www.lookforward.at\/\"},{\"@type\":\"ListItem\",\"position\":2,\"name\":\"Shop\",\"item\":\"https:\/\/www.lookforward.at\/shop\/\"},{\"@type\":\"ListItem\",\"position\":3,\"name\":\"NS 08 \u2013 Plissierter Chiffonrock Beige, Hellblau, Rosa\"}]},{\"@type\":\"WebSite\",\"@id\":\"https:\/\/www.lookforward.at\/#website\",\"url\":\"https:\/\/www.lookforward.at\/\",\"name\":\"lookforward Shop\",\"description\":\"Der neue Shop f\u00fcr Fashion, Lifestyle, Family, Food and Beauty.\",\"publisher\":{\"@id\":\"https:\/\/www.lookforward.at\/#organization\"},\"potentialAction\":[{\"@type\":\"SearchAction\",\"target\":{\"@type\":\"EntryPoint\",\"urlTemplate\":\"https:\/\/www.lookforward.at\/?s={search_term_string}\"},\"query-input\":{\"@type\":\"PropertyValueSpecification\",\"valueRequired\":true,\"valueName\":\"search_term_string\"}}],\"inLanguage\":\"en-US\"},{\"@type\":\"Organization\",\"@id\":\"https:\/\/www.lookforward.at\/#organization\",\"name\":\"KB lookforward\",\"url\":\"https:\/\/www.lookforward.at\/\",\"logo\":{\"@type\":\"ImageObject\",\"inLanguage\":\"en-US\",\"@id\":\"https:\/\/www.lookforward.at\/#\/schema\/logo\/image\/\",\"url\":\"https:\/\/www.lookforward.at\/wp-content\/uploads\/2023\/10\/Icon-KB.svg\",\"contentUrl\":\"https:\/\/www.lookforward.at\/wp-content\/uploads\/2023\/10\/Icon-KB.svg\",\"caption\":\"KB lookforward\"},\"image\":{\"@id\":\"https:\/\/www.lookforward.at\/#\/schema\/logo\/image\/\"}}]}<\/script>\n<!-- \/ Yoast SEO plugin. -->","yoast_head_json":{"title":"NS 08 \u2013 Plissierter Chiffonrock Beige, Hellblau, Rosa","robots":{"index":"index","follow":"follow","max-snippet":"max-snippet:-1","max-image-preview":"max-image-preview:large","max-video-preview":"max-video-preview:-1"},"canonical":"https:\/\/www.lookforward.at\/en\/produkt\/ns-08-plissierter-chiffonrock-beige-hellblau-rosa\/","og_locale":"en_US","og_type":"article","og_title":"[:de]NS 08 \u2013 Plissierter Chiffonrock Beige, Hellblau, Rosa[:] - lookforward Shop","og_description":"NS 08 \u2013 Plissierter Chiffonrock  Leicht, flie\u00dfend und einfach feminin.  Dieser plissierte Rock bringt Bewegung in deinen Look und sorgt f\u00fcr eine elegante, aber dennoch entspannte Ausstrahlung.  Der elastische Bund macht ihn super angenehm zu tragen und l\u00e4sst sich vielseitig kombinieren \u2013 ob casual mit Sneakern oder etwas schicker gestylt.  One Size \u2013 passend von 36\u201344.  Made in Italy.  Waschbar bei 30 Grad.  Material:  100 % Polyester  Farben:  Beige, Hellblau, Rosa","og_url":"https:\/\/www.lookforward.at\/en\/produkt\/ns-08-plissierter-chiffonrock-beige-hellblau-rosa\/","og_site_name":"lookforward Shop","article_modified_time":"2026-04-08T21:55:14+00:00","twitter_card":"summary_large_image","twitter_misc":{"Est. reading time":"1 minute"},"schema":{"@context":"https:\/\/schema.org","@graph":[{"@type":"WebPage","@id":"https:\/\/www.lookforward.at\/produkt\/ns-08-plissierter-chiffonrock-beige-hellblau-rosa\/","url":"https:\/\/www.lookforward.at\/produkt\/ns-08-plissierter-chiffonrock-beige-hellblau-rosa\/","name":"NS 08 \u2013 Plissierter Chiffonrock Beige, Hellblau, Rosa","isPartOf":{"@id":"https:\/\/www.lookforward.at\/#website"},"primaryImageOfPage":{"@id":"https:\/\/www.lookforward.at\/produkt\/ns-08-plissierter-chiffonrock-beige-hellblau-rosa\/#primaryimage"},"image":{"@id":"https:\/\/www.lookforward.at\/produkt\/ns-08-plissierter-chiffonrock-beige-hellblau-rosa\/#primaryimage"},"thumbnailUrl":"https:\/\/www.lookforward.at\/wp-content\/uploads\/2026\/04\/IMG_5734-1-scaled.jpg","datePublished":"2026-04-03T21:07:32+00:00","dateModified":"2026-04-08T21:55:14+00:00","breadcrumb":{"@id":"https:\/\/www.lookforward.at\/produkt\/ns-08-plissierter-chiffonrock-beige-hellblau-rosa\/#breadcrumb"},"inLanguage":"en-US","potentialAction":[{"@type":"ReadAction","target":["https:\/\/www.lookforward.at\/produkt\/ns-08-plissierter-chiffonrock-beige-hellblau-rosa\/"]}]},{"@type":"ImageObject","inLanguage":"en-US","@id":"https:\/\/www.lookforward.at\/produkt\/ns-08-plissierter-chiffonrock-beige-hellblau-rosa\/#primaryimage","url":"https:\/\/www.lookforward.at\/wp-content\/uploads\/2026\/04\/IMG_5734-1-scaled.jpg","contentUrl":"https:\/\/www.lookforward.at\/wp-content\/uploads\/2026\/04\/IMG_5734-1-scaled.jpg","width":1920,"height":2560},{"@type":"BreadcrumbList","@id":"https:\/\/www.lookforward.at\/produkt\/ns-08-plissierter-chiffonrock-beige-hellblau-rosa\/#breadcrumb","itemListElement":[{"@type":"ListItem","position":1,"name":"Startseite","item":"https:\/\/www.lookforward.at\/"},{"@type":"ListItem","position":2,"name":"Shop","item":"https:\/\/www.lookforward.at\/shop\/"},{"@type":"ListItem","position":3,"name":"NS 08 \u2013 Plissierter Chiffonrock Beige, Hellblau, Rosa"}]},{"@type":"WebSite","@id":"https:\/\/www.lookforward.at\/#website","url":"https:\/\/www.lookforward.at\/","name":"lookforward Shop","description":"Der neue Shop f\u00fcr Fashion, Lifestyle, Family, Food and Beauty.","publisher":{"@id":"https:\/\/www.lookforward.at\/#organization"},"potentialAction":[{"@type":"SearchAction","target":{"@type":"EntryPoint","urlTemplate":"https:\/\/www.lookforward.at\/?s={search_term_string}"},"query-input":{"@type":"PropertyValueSpecification","valueRequired":true,"valueName":"search_term_string"}}],"inLanguage":"en-US"},{"@type":"Organization","@id":"https:\/\/www.lookforward.at\/#organization","name":"KB lookforward","url":"https:\/\/www.lookforward.at\/","logo":{"@type":"ImageObject","inLanguage":"en-US","@id":"https:\/\/www.lookforward.at\/#\/schema\/logo\/image\/","url":"https:\/\/www.lookforward.at\/wp-content\/uploads\/2023\/10\/Icon-KB.svg","contentUrl":"https:\/\/www.lookforward.at\/wp-content\/uploads\/2023\/10\/Icon-KB.svg","caption":"KB lookforward"},"image":{"@id":"https:\/\/www.lookforward.at\/#\/schema\/logo\/image\/"}}]}},"_links":{"self":[{"href":"https:\/\/www.lookforward.at\/en\/wp-json\/wp\/v2\/product\/156842","targetHints":{"allow":["GET"]}}],"collection":[{"href":"https:\/\/www.lookforward.at\/en\/wp-json\/wp\/v2\/product"}],"about":[{"href":"https:\/\/www.lookforward.at\/en\/wp-json\/wp\/v2\/types\/product"}],"wp:featuredmedia":[{"embeddable":true,"href":"https:\/\/www.lookforward.at\/en\/wp-json\/wp\/v2\/media\/156843"}],"wp:attachment":[{"href":"https:\/\/www.lookforward.at\/en\/wp-json\/wp\/v2\/media?parent=156842"}],"wp:term":[{"taxonomy":"product_brand","embeddable":true,"href":"https:\/\/www.lookforward.at\/en\/wp-json\/wp\/v2\/product_brand?post=156842"},{"taxonomy":"product_cat","embeddable":true,"href":"https:\/\/www.lookforward.at\/en\/wp-json\/wp\/v2\/product_cat?post=156842"},{"taxonomy":"product_tag","embeddable":true,"href":"https:\/\/www.lookforward.at\/en\/wp-json\/wp\/v2\/product_tag?post=156842"}],"curies":[{"name":"wp","href":"https:\/\/api.w.org\/{rel}","templated":true}]}}