{"id":157907,"date":"2026-04-25T16:06:13","date_gmt":"2026-04-25T14:06:13","guid":{"rendered":"https:\/\/www.lookforward.at\/?post_type=product&#038;p=157907"},"modified":"2026-04-26T19:53:04","modified_gmt":"2026-04-26T17:53:04","slug":"cb-07-leichte-musselin-bluse-dein-everyday-favorite-%e2%9c%a8","status":"publish","type":"product","link":"https:\/\/www.lookforward.at\/en\/produkt\/cb-07-leichte-musselin-bluse-dein-everyday-favorite-%e2%9c%a8\/","title":{"rendered":"CB 07 Leichte Musselin Bluse \u2013 dein Everyday Favorite \u2728"},"content":{"rendered":"","protected":false},"excerpt":{"rendered":"<p><b>Leichte Musselin Bluse \u2013 dein Everyday Favorite <\/b>\u2728<\/p>\n<p>Diese Bluse ist einfach gemacht f\u00fcr Tage, an denen du dich wohlf\u00fchlen und trotzdem m\u00fchelos gut aussehen willst. Der lockere Schnitt f\u00e4llt sch\u00f6n flie\u00dfend und ist <b>auch perfekt f\u00fcr Plus Size geeignet<\/b>, ohne einzuengen. Die weiche Musselin-Struktur und die aufrollbaren \u00c4rmel machen sie zu deinem entspannten Go-to Look.<\/p>\n<p>Der Stoff ist super angenehm auf der Haut, leicht und atmungsaktiv \u2013 ideal f\u00fcr Fr\u00fchling &#038; Sommer. Die Brusttasche und die Knopfleiste geben dem Look eine l\u00e4ssige, aber dennoch feminine Note.<\/p>\n<p><b>Details:<\/b><\/p>\n<p>\u2022 One Size (passt ca. 36\u201346) \u2013 Plus Size geeignet<\/p>\n<p>\u2022 Made in Italy<\/p>\n<p>\u2022 100 % Baumwolle (Musselin)<\/p>\n<p>\u2022 Waschbar bei 30 Grad<\/p>\n<p>\u2022 Farben: Beige, Gelb, Rosa, Blau, Khaki, Schwarz<\/p>\n","protected":false},"featured_media":157948,"template":"","meta":{"inline_featured_image":false},"product_brand":[],"product_cat":[431,499],"product_tag":[],"class_list":{"0":"post-157907","1":"product","2":"type-product","3":"status-publish","4":"has-post-thumbnail","6":"product_cat-blusen","7":"product_cat-fruehling-2026","9":"first","10":"onbackorder","11":"taxable","12":"shipping-taxable","13":"purchasable","14":"product-type-variable"},"bundled_by":[],"bundle_stock_status":"onbackorder","bundle_stock_quantity":null,"bundle_virtual":false,"bundle_layout":"","bundle_add_to_cart_form_location":"","bundle_editable_in_cart":false,"bundle_sold_individually_context":"","bundle_item_grouping":"","bundle_min_size":"","bundle_max_size":"","bundle_price":[],"bundled_items":[],"bundle_sell_ids":[],"yoast_head":"<!-- This site is optimized with the Yoast SEO plugin v26.5 - https:\/\/yoast.com\/wordpress\/plugins\/seo\/ -->\n<title>CB 07 Leichte Musselin Bluse \u2013 dein Everyday Favorite \u2728<\/title>\n<meta name=\"robots\" content=\"index, follow, max-snippet:-1, max-image-preview:large, max-video-preview:-1\" \/>\n<link rel=\"canonical\" href=\"https:\/\/www.lookforward.at\/en\/produkt\/cb-07-leichte-musselin-bluse-dein-everyday-favorite-\u2728\/\" \/>\n<meta property=\"og:locale\" content=\"en_US\" \/>\n<meta property=\"og:locale:alternate\" content=\"de_DE\" \/>\n<meta property=\"og:type\" content=\"article\" \/>\n<meta property=\"og:title\" content=\"CB 07 Leichte Musselin Bluse \u2013 dein Everyday Favorite \u2728\" \/>\n<meta property=\"og:description\" content=\"Leichte Musselin Bluse \u2013 dein Everyday Favorite \u2728  Diese Bluse ist einfach gemacht f\u00fcr Tage, an denen du dich wohlf\u00fchlen und trotzdem m\u00fchelos gut aussehen willst. Der lockere Schnitt f\u00e4llt sch\u00f6n flie\u00dfend und ist auch perfekt f\u00fcr Plus Size geeignet, ohne einzuengen. Die weiche Musselin-Struktur und die aufrollbaren \u00c4rmel machen sie zu deinem entspannten Go-to Look.  Der Stoff ist super angenehm auf der Haut, leicht und atmungsaktiv \u2013 ideal f\u00fcr Fr\u00fchling &amp; Sommer. Die Brusttasche und die Knopfleiste geben dem Look eine l\u00e4ssige, aber dennoch feminine Note.  Details:  \u2022 One Size (passt ca. 36\u201346) \u2013 Plus Size geeignet  \u2022 Made in Italy  \u2022 100 % Baumwolle (Musselin)  \u2022 Waschbar bei 30 Grad  \u2022 Farben: Beige, Gelb, Rosa, Blau, Khaki, Schwarz\" \/>\n<meta property=\"og:url\" content=\"https:\/\/www.lookforward.at\/en\/produkt\/cb-07-leichte-musselin-bluse-dein-everyday-favorite-\u2728\/\" \/>\n<meta property=\"og:site_name\" content=\"lookforward Shop\" \/>\n<meta property=\"article:modified_time\" content=\"2026-04-26T17:53:04+00:00\" \/>\n<meta name=\"twitter:card\" content=\"summary_large_image\" \/>\n<meta name=\"twitter:label1\" content=\"Est. reading time\" \/>\n\t<meta name=\"twitter:data1\" content=\"1 minute\" \/>\n<script type=\"application\/ld+json\" class=\"yoast-schema-graph\">{\"@context\":\"https:\/\/schema.org\",\"@graph\":[{\"@type\":\"WebPage\",\"@id\":\"https:\/\/www.lookforward.at\/produkt\/cb-07-leichte-musselin-bluse-dein-everyday-favorite-%e2%9c%a8\/\",\"url\":\"https:\/\/www.lookforward.at\/produkt\/cb-07-leichte-musselin-bluse-dein-everyday-favorite-%e2%9c%a8\/\",\"name\":\"CB 07 Leichte Musselin Bluse \u2013 dein Everyday Favorite \u2728\",\"isPartOf\":{\"@id\":\"https:\/\/www.lookforward.at\/#website\"},\"primaryImageOfPage\":{\"@id\":\"https:\/\/www.lookforward.at\/produkt\/cb-07-leichte-musselin-bluse-dein-everyday-favorite-%e2%9c%a8\/#primaryimage\"},\"image\":{\"@id\":\"https:\/\/www.lookforward.at\/produkt\/cb-07-leichte-musselin-bluse-dein-everyday-favorite-%e2%9c%a8\/#primaryimage\"},\"thumbnailUrl\":\"https:\/\/www.lookforward.at\/wp-content\/uploads\/2026\/04\/IMG_7506-scaled.jpg\",\"datePublished\":\"2026-04-25T14:06:13+00:00\",\"dateModified\":\"2026-04-26T17:53:04+00:00\",\"breadcrumb\":{\"@id\":\"https:\/\/www.lookforward.at\/produkt\/cb-07-leichte-musselin-bluse-dein-everyday-favorite-%e2%9c%a8\/#breadcrumb\"},\"inLanguage\":\"en-US\",\"potentialAction\":[{\"@type\":\"ReadAction\",\"target\":[\"https:\/\/www.lookforward.at\/produkt\/cb-07-leichte-musselin-bluse-dein-everyday-favorite-%e2%9c%a8\/\"]}]},{\"@type\":\"ImageObject\",\"inLanguage\":\"en-US\",\"@id\":\"https:\/\/www.lookforward.at\/produkt\/cb-07-leichte-musselin-bluse-dein-everyday-favorite-%e2%9c%a8\/#primaryimage\",\"url\":\"https:\/\/www.lookforward.at\/wp-content\/uploads\/2026\/04\/IMG_7506-scaled.jpg\",\"contentUrl\":\"https:\/\/www.lookforward.at\/wp-content\/uploads\/2026\/04\/IMG_7506-scaled.jpg\",\"width\":1920,\"height\":2560},{\"@type\":\"BreadcrumbList\",\"@id\":\"https:\/\/www.lookforward.at\/produkt\/cb-07-leichte-musselin-bluse-dein-everyday-favorite-%e2%9c%a8\/#breadcrumb\",\"itemListElement\":[{\"@type\":\"ListItem\",\"position\":1,\"name\":\"Startseite\",\"item\":\"https:\/\/www.lookforward.at\/\"},{\"@type\":\"ListItem\",\"position\":2,\"name\":\"Shop\",\"item\":\"https:\/\/www.lookforward.at\/shop\/\"},{\"@type\":\"ListItem\",\"position\":3,\"name\":\"CB 07 Leichte Musselin Bluse \u2013 dein Everyday Favorite \u2728\"}]},{\"@type\":\"WebSite\",\"@id\":\"https:\/\/www.lookforward.at\/#website\",\"url\":\"https:\/\/www.lookforward.at\/\",\"name\":\"lookforward Shop\",\"description\":\"Der neue Shop f\u00fcr Fashion, Lifestyle, Family, Food and Beauty.\",\"publisher\":{\"@id\":\"https:\/\/www.lookforward.at\/#organization\"},\"potentialAction\":[{\"@type\":\"SearchAction\",\"target\":{\"@type\":\"EntryPoint\",\"urlTemplate\":\"https:\/\/www.lookforward.at\/?s={search_term_string}\"},\"query-input\":{\"@type\":\"PropertyValueSpecification\",\"valueRequired\":true,\"valueName\":\"search_term_string\"}}],\"inLanguage\":\"en-US\"},{\"@type\":\"Organization\",\"@id\":\"https:\/\/www.lookforward.at\/#organization\",\"name\":\"KB lookforward\",\"url\":\"https:\/\/www.lookforward.at\/\",\"logo\":{\"@type\":\"ImageObject\",\"inLanguage\":\"en-US\",\"@id\":\"https:\/\/www.lookforward.at\/#\/schema\/logo\/image\/\",\"url\":\"https:\/\/www.lookforward.at\/wp-content\/uploads\/2023\/10\/Icon-KB.svg\",\"contentUrl\":\"https:\/\/www.lookforward.at\/wp-content\/uploads\/2023\/10\/Icon-KB.svg\",\"caption\":\"KB lookforward\"},\"image\":{\"@id\":\"https:\/\/www.lookforward.at\/#\/schema\/logo\/image\/\"}}]}<\/script>\n<!-- \/ Yoast SEO plugin. -->","yoast_head_json":{"title":"CB 07 Leichte Musselin Bluse \u2013 dein Everyday Favorite \u2728","robots":{"index":"index","follow":"follow","max-snippet":"max-snippet:-1","max-image-preview":"max-image-preview:large","max-video-preview":"max-video-preview:-1"},"canonical":"https:\/\/www.lookforward.at\/en\/produkt\/cb-07-leichte-musselin-bluse-dein-everyday-favorite-\u2728\/","og_locale":"en_US","og_type":"article","og_title":"[:de]CB 07 Leichte Musselin Bluse \u2013 dein Everyday Favorite \u2728[:] - lookforward Shop","og_description":"Leichte Musselin Bluse \u2013 dein Everyday Favorite \u2728  Diese Bluse ist einfach gemacht f\u00fcr Tage, an denen du dich wohlf\u00fchlen und trotzdem m\u00fchelos gut aussehen willst. Der lockere Schnitt f\u00e4llt sch\u00f6n flie\u00dfend und ist auch perfekt f\u00fcr Plus Size geeignet, ohne einzuengen. Die weiche Musselin-Struktur und die aufrollbaren \u00c4rmel machen sie zu deinem entspannten Go-to Look.  Der Stoff ist super angenehm auf der Haut, leicht und atmungsaktiv \u2013 ideal f\u00fcr Fr\u00fchling & Sommer. Die Brusttasche und die Knopfleiste geben dem Look eine l\u00e4ssige, aber dennoch feminine Note.  Details:  \u2022 One Size (passt ca. 36\u201346) \u2013 Plus Size geeignet  \u2022 Made in Italy  \u2022 100 % Baumwolle (Musselin)  \u2022 Waschbar bei 30 Grad  \u2022 Farben: Beige, Gelb, Rosa, Blau, Khaki, Schwarz","og_url":"https:\/\/www.lookforward.at\/en\/produkt\/cb-07-leichte-musselin-bluse-dein-everyday-favorite-\u2728\/","og_site_name":"lookforward Shop","article_modified_time":"2026-04-26T17:53:04+00:00","twitter_card":"summary_large_image","twitter_misc":{"Est. reading time":"1 minute"},"schema":{"@context":"https:\/\/schema.org","@graph":[{"@type":"WebPage","@id":"https:\/\/www.lookforward.at\/produkt\/cb-07-leichte-musselin-bluse-dein-everyday-favorite-%e2%9c%a8\/","url":"https:\/\/www.lookforward.at\/produkt\/cb-07-leichte-musselin-bluse-dein-everyday-favorite-%e2%9c%a8\/","name":"CB 07 Leichte Musselin Bluse \u2013 dein Everyday Favorite \u2728","isPartOf":{"@id":"https:\/\/www.lookforward.at\/#website"},"primaryImageOfPage":{"@id":"https:\/\/www.lookforward.at\/produkt\/cb-07-leichte-musselin-bluse-dein-everyday-favorite-%e2%9c%a8\/#primaryimage"},"image":{"@id":"https:\/\/www.lookforward.at\/produkt\/cb-07-leichte-musselin-bluse-dein-everyday-favorite-%e2%9c%a8\/#primaryimage"},"thumbnailUrl":"https:\/\/www.lookforward.at\/wp-content\/uploads\/2026\/04\/IMG_7506-scaled.jpg","datePublished":"2026-04-25T14:06:13+00:00","dateModified":"2026-04-26T17:53:04+00:00","breadcrumb":{"@id":"https:\/\/www.lookforward.at\/produkt\/cb-07-leichte-musselin-bluse-dein-everyday-favorite-%e2%9c%a8\/#breadcrumb"},"inLanguage":"en-US","potentialAction":[{"@type":"ReadAction","target":["https:\/\/www.lookforward.at\/produkt\/cb-07-leichte-musselin-bluse-dein-everyday-favorite-%e2%9c%a8\/"]}]},{"@type":"ImageObject","inLanguage":"en-US","@id":"https:\/\/www.lookforward.at\/produkt\/cb-07-leichte-musselin-bluse-dein-everyday-favorite-%e2%9c%a8\/#primaryimage","url":"https:\/\/www.lookforward.at\/wp-content\/uploads\/2026\/04\/IMG_7506-scaled.jpg","contentUrl":"https:\/\/www.lookforward.at\/wp-content\/uploads\/2026\/04\/IMG_7506-scaled.jpg","width":1920,"height":2560},{"@type":"BreadcrumbList","@id":"https:\/\/www.lookforward.at\/produkt\/cb-07-leichte-musselin-bluse-dein-everyday-favorite-%e2%9c%a8\/#breadcrumb","itemListElement":[{"@type":"ListItem","position":1,"name":"Startseite","item":"https:\/\/www.lookforward.at\/"},{"@type":"ListItem","position":2,"name":"Shop","item":"https:\/\/www.lookforward.at\/shop\/"},{"@type":"ListItem","position":3,"name":"CB 07 Leichte Musselin Bluse \u2013 dein Everyday Favorite \u2728"}]},{"@type":"WebSite","@id":"https:\/\/www.lookforward.at\/#website","url":"https:\/\/www.lookforward.at\/","name":"lookforward Shop","description":"Der neue Shop f\u00fcr Fashion, Lifestyle, Family, Food and Beauty.","publisher":{"@id":"https:\/\/www.lookforward.at\/#organization"},"potentialAction":[{"@type":"SearchAction","target":{"@type":"EntryPoint","urlTemplate":"https:\/\/www.lookforward.at\/?s={search_term_string}"},"query-input":{"@type":"PropertyValueSpecification","valueRequired":true,"valueName":"search_term_string"}}],"inLanguage":"en-US"},{"@type":"Organization","@id":"https:\/\/www.lookforward.at\/#organization","name":"KB lookforward","url":"https:\/\/www.lookforward.at\/","logo":{"@type":"ImageObject","inLanguage":"en-US","@id":"https:\/\/www.lookforward.at\/#\/schema\/logo\/image\/","url":"https:\/\/www.lookforward.at\/wp-content\/uploads\/2023\/10\/Icon-KB.svg","contentUrl":"https:\/\/www.lookforward.at\/wp-content\/uploads\/2023\/10\/Icon-KB.svg","caption":"KB lookforward"},"image":{"@id":"https:\/\/www.lookforward.at\/#\/schema\/logo\/image\/"}}]}},"_links":{"self":[{"href":"https:\/\/www.lookforward.at\/en\/wp-json\/wp\/v2\/product\/157907","targetHints":{"allow":["GET"]}}],"collection":[{"href":"https:\/\/www.lookforward.at\/en\/wp-json\/wp\/v2\/product"}],"about":[{"href":"https:\/\/www.lookforward.at\/en\/wp-json\/wp\/v2\/types\/product"}],"wp:featuredmedia":[{"embeddable":true,"href":"https:\/\/www.lookforward.at\/en\/wp-json\/wp\/v2\/media\/157948"}],"wp:attachment":[{"href":"https:\/\/www.lookforward.at\/en\/wp-json\/wp\/v2\/media?parent=157907"}],"wp:term":[{"taxonomy":"product_brand","embeddable":true,"href":"https:\/\/www.lookforward.at\/en\/wp-json\/wp\/v2\/product_brand?post=157907"},{"taxonomy":"product_cat","embeddable":true,"href":"https:\/\/www.lookforward.at\/en\/wp-json\/wp\/v2\/product_cat?post=157907"},{"taxonomy":"product_tag","embeddable":true,"href":"https:\/\/www.lookforward.at\/en\/wp-json\/wp\/v2\/product_tag?post=157907"}],"curies":[{"name":"wp","href":"https:\/\/api.w.org\/{rel}","templated":true}]}}