{"id":157971,"date":"2026-04-25T17:58:17","date_gmt":"2026-04-25T15:58:17","guid":{"rendered":"https:\/\/www.lookforward.at\/?post_type=product&#038;p=157971"},"modified":"2026-04-25T17:59:11","modified_gmt":"2026-04-25T15:59:11","slug":"musselin-set-bluse-palazzo-hose-%e2%9c%a8-in-6-farben","status":"publish","type":"product","link":"https:\/\/www.lookforward.at\/en\/produkt\/musselin-set-bluse-palazzo-hose-%e2%9c%a8-in-6-farben\/","title":{"rendered":"CB 09 Musselin Set \u2013 Bluse &#038; Palazzo Hose \u2728 in 6 Farben"},"content":{"rendered":"","protected":false},"excerpt":{"rendered":"<p><b>Musselin Set \u2013 Bluse &#038; Palazzo Hose <\/b>\u2728<\/p>\n<p>Dieses Set ist dein kompletter Wohlf\u00fchl-Look in einem. Die lockere Bluse kombiniert mit der flie\u00dfenden Palazzo Hose sorgt f\u00fcr einen entspannten, aber super stylischen Fit \u2013 <b>perfekt auch f\u00fcr Plus Size geeignet<\/b>. Du bist direkt angezogen, ohne gro\u00df \u00fcberlegen zu m\u00fcssen.<\/p>\n<p>Der leichte Musselin-Stoff ist weich, atmungsaktiv und ideal f\u00fcr warme Tage. Ob als Set getragen oder einzeln kombiniert \u2013 du hast unendlich viele Styling-M\u00f6glichkeiten. L\u00e4ssig mit Sneakern oder etwas schicker mit Sandalen \u2013 funktioniert immer.<\/p>\n<p><b>Details:<\/b><\/p>\n<p>\u2022 One Size (passt ca. 36\u201346) \u2013 Plus Size geeignet<\/p>\n<p>\u2022 2-teiliges Set (Bluse + Hose)<\/p>\n<p>\u2022 Made in Italy<\/p>\n<p>\u2022 100 % Baumwolle (Musselin)<\/p>\n<p>\u2022 Waschbar bei 30 Grad<\/p>\n<p>\u2022 Hose mit elastischem Bund &#038; Taschen<\/p>\n<p>\u2022 Farben: Schwarz, Beige, Rosa, Gelb, Khaki, Blau<\/p>\n","protected":false},"featured_media":157892,"template":"","meta":{"inline_featured_image":false},"product_brand":[],"product_cat":[495,499],"product_tag":[],"class_list":{"0":"post-157971","1":"product","2":"type-product","3":"status-publish","4":"has-post-thumbnail","6":"product_cat-jumpsuits-und-2-teiler","7":"product_cat-fruehling-2026","9":"first","10":"onbackorder","11":"taxable","12":"shipping-taxable","13":"purchasable","14":"product-type-variable"},"bundled_by":[],"bundle_stock_status":"onbackorder","bundle_stock_quantity":null,"bundle_virtual":false,"bundle_layout":"","bundle_add_to_cart_form_location":"","bundle_editable_in_cart":false,"bundle_sold_individually_context":"","bundle_item_grouping":"","bundle_min_size":"","bundle_max_size":"","bundle_price":[],"bundled_items":[],"bundle_sell_ids":[],"yoast_head":"<!-- This site is optimized with the Yoast SEO plugin v26.5 - https:\/\/yoast.com\/wordpress\/plugins\/seo\/ -->\n<title>CB 09 Musselin Set \u2013 Bluse &amp; Palazzo Hose \u2728 in 6 Farben<\/title>\n<meta name=\"robots\" content=\"index, follow, max-snippet:-1, max-image-preview:large, max-video-preview:-1\" \/>\n<link rel=\"canonical\" href=\"https:\/\/www.lookforward.at\/en\/produkt\/musselin-set-bluse-palazzo-hose-\u2728-in-6-farben\/\" \/>\n<meta property=\"og:locale\" content=\"en_US\" \/>\n<meta property=\"og:locale:alternate\" content=\"de_DE\" \/>\n<meta property=\"og:type\" content=\"article\" \/>\n<meta property=\"og:title\" content=\"CB 09 Musselin Set \u2013 Bluse &amp; Palazzo Hose \u2728 in 6 Farben\" \/>\n<meta property=\"og:description\" content=\"Musselin Set \u2013 Bluse &amp; Palazzo Hose \u2728  Dieses Set ist dein kompletter Wohlf\u00fchl-Look in einem. Die lockere Bluse kombiniert mit der flie\u00dfenden Palazzo Hose sorgt f\u00fcr einen entspannten, aber super stylischen Fit \u2013 perfekt auch f\u00fcr Plus Size geeignet. Du bist direkt angezogen, ohne gro\u00df \u00fcberlegen zu m\u00fcssen.  Der leichte Musselin-Stoff ist weich, atmungsaktiv und ideal f\u00fcr warme Tage. Ob als Set getragen oder einzeln kombiniert \u2013 du hast unendlich viele Styling-M\u00f6glichkeiten. L\u00e4ssig mit Sneakern oder etwas schicker mit Sandalen \u2013 funktioniert immer.  Details:  \u2022 One Size (passt ca. 36\u201346) \u2013 Plus Size geeignet  \u2022 2-teiliges Set (Bluse + Hose)  \u2022 Made in Italy  \u2022 100 % Baumwolle (Musselin)  \u2022 Waschbar bei 30 Grad  \u2022 Hose mit elastischem Bund &amp; Taschen  \u2022 Farben: Schwarz, Beige, Rosa, Gelb, Khaki, Blau\" \/>\n<meta property=\"og:url\" content=\"https:\/\/www.lookforward.at\/en\/produkt\/musselin-set-bluse-palazzo-hose-\u2728-in-6-farben\/\" \/>\n<meta property=\"og:site_name\" content=\"lookforward Shop\" \/>\n<meta property=\"article:modified_time\" content=\"2026-04-25T15:59:11+00:00\" \/>\n<meta property=\"og:image\" content=\"https:\/\/www.lookforward.at\/wp-content\/uploads\/2026\/04\/IMG_6430-scaled.jpg\" \/>\n\t<meta property=\"og:image:width\" content=\"1920\" \/>\n\t<meta property=\"og:image:height\" content=\"2560\" \/>\n\t<meta property=\"og:image:type\" content=\"image\/jpeg\" \/>\n<meta name=\"twitter:card\" content=\"summary_large_image\" \/>\n<meta name=\"twitter:label1\" content=\"Est. reading time\" \/>\n\t<meta name=\"twitter:data1\" content=\"1 minute\" \/>\n<script type=\"application\/ld+json\" class=\"yoast-schema-graph\">{\"@context\":\"https:\/\/schema.org\",\"@graph\":[{\"@type\":\"WebPage\",\"@id\":\"https:\/\/www.lookforward.at\/produkt\/musselin-set-bluse-palazzo-hose-%e2%9c%a8-in-6-farben\/\",\"url\":\"https:\/\/www.lookforward.at\/produkt\/musselin-set-bluse-palazzo-hose-%e2%9c%a8-in-6-farben\/\",\"name\":\"CB 09 Musselin Set \u2013 Bluse & Palazzo Hose \u2728 in 6 Farben\",\"isPartOf\":{\"@id\":\"https:\/\/www.lookforward.at\/#website\"},\"primaryImageOfPage\":{\"@id\":\"https:\/\/www.lookforward.at\/produkt\/musselin-set-bluse-palazzo-hose-%e2%9c%a8-in-6-farben\/#primaryimage\"},\"image\":{\"@id\":\"https:\/\/www.lookforward.at\/produkt\/musselin-set-bluse-palazzo-hose-%e2%9c%a8-in-6-farben\/#primaryimage\"},\"thumbnailUrl\":\"https:\/\/www.lookforward.at\/wp-content\/uploads\/2026\/04\/IMG_6430-scaled.jpg\",\"datePublished\":\"2026-04-25T15:58:17+00:00\",\"dateModified\":\"2026-04-25T15:59:11+00:00\",\"breadcrumb\":{\"@id\":\"https:\/\/www.lookforward.at\/produkt\/musselin-set-bluse-palazzo-hose-%e2%9c%a8-in-6-farben\/#breadcrumb\"},\"inLanguage\":\"en-US\",\"potentialAction\":[{\"@type\":\"ReadAction\",\"target\":[\"https:\/\/www.lookforward.at\/produkt\/musselin-set-bluse-palazzo-hose-%e2%9c%a8-in-6-farben\/\"]}]},{\"@type\":\"ImageObject\",\"inLanguage\":\"en-US\",\"@id\":\"https:\/\/www.lookforward.at\/produkt\/musselin-set-bluse-palazzo-hose-%e2%9c%a8-in-6-farben\/#primaryimage\",\"url\":\"https:\/\/www.lookforward.at\/wp-content\/uploads\/2026\/04\/IMG_6430-scaled.jpg\",\"contentUrl\":\"https:\/\/www.lookforward.at\/wp-content\/uploads\/2026\/04\/IMG_6430-scaled.jpg\",\"width\":1920,\"height\":2560},{\"@type\":\"BreadcrumbList\",\"@id\":\"https:\/\/www.lookforward.at\/produkt\/musselin-set-bluse-palazzo-hose-%e2%9c%a8-in-6-farben\/#breadcrumb\",\"itemListElement\":[{\"@type\":\"ListItem\",\"position\":1,\"name\":\"Startseite\",\"item\":\"https:\/\/www.lookforward.at\/\"},{\"@type\":\"ListItem\",\"position\":2,\"name\":\"Shop\",\"item\":\"https:\/\/www.lookforward.at\/shop\/\"},{\"@type\":\"ListItem\",\"position\":3,\"name\":\"CB 09 Musselin Set \u2013 Bluse &#038; Palazzo Hose \u2728 in 6 Farben\"}]},{\"@type\":\"WebSite\",\"@id\":\"https:\/\/www.lookforward.at\/#website\",\"url\":\"https:\/\/www.lookforward.at\/\",\"name\":\"lookforward Shop\",\"description\":\"Der neue Shop f\u00fcr Fashion, Lifestyle, Family, Food and Beauty.\",\"publisher\":{\"@id\":\"https:\/\/www.lookforward.at\/#organization\"},\"potentialAction\":[{\"@type\":\"SearchAction\",\"target\":{\"@type\":\"EntryPoint\",\"urlTemplate\":\"https:\/\/www.lookforward.at\/?s={search_term_string}\"},\"query-input\":{\"@type\":\"PropertyValueSpecification\",\"valueRequired\":true,\"valueName\":\"search_term_string\"}}],\"inLanguage\":\"en-US\"},{\"@type\":\"Organization\",\"@id\":\"https:\/\/www.lookforward.at\/#organization\",\"name\":\"KB lookforward\",\"url\":\"https:\/\/www.lookforward.at\/\",\"logo\":{\"@type\":\"ImageObject\",\"inLanguage\":\"en-US\",\"@id\":\"https:\/\/www.lookforward.at\/#\/schema\/logo\/image\/\",\"url\":\"https:\/\/www.lookforward.at\/wp-content\/uploads\/2023\/10\/Icon-KB.svg\",\"contentUrl\":\"https:\/\/www.lookforward.at\/wp-content\/uploads\/2023\/10\/Icon-KB.svg\",\"caption\":\"KB lookforward\"},\"image\":{\"@id\":\"https:\/\/www.lookforward.at\/#\/schema\/logo\/image\/\"}}]}<\/script>\n<!-- \/ Yoast SEO plugin. -->","yoast_head_json":{"title":"CB 09 Musselin Set \u2013 Bluse & Palazzo Hose \u2728 in 6 Farben","robots":{"index":"index","follow":"follow","max-snippet":"max-snippet:-1","max-image-preview":"max-image-preview:large","max-video-preview":"max-video-preview:-1"},"canonical":"https:\/\/www.lookforward.at\/en\/produkt\/musselin-set-bluse-palazzo-hose-\u2728-in-6-farben\/","og_locale":"en_US","og_type":"article","og_title":"[:de]CB 09 Musselin Set \u2013 Bluse & Palazzo Hose \u2728 in 6 Farben[:] - lookforward Shop","og_description":"Musselin Set \u2013 Bluse & Palazzo Hose \u2728  Dieses Set ist dein kompletter Wohlf\u00fchl-Look in einem. Die lockere Bluse kombiniert mit der flie\u00dfenden Palazzo Hose sorgt f\u00fcr einen entspannten, aber super stylischen Fit \u2013 perfekt auch f\u00fcr Plus Size geeignet. Du bist direkt angezogen, ohne gro\u00df \u00fcberlegen zu m\u00fcssen.  Der leichte Musselin-Stoff ist weich, atmungsaktiv und ideal f\u00fcr warme Tage. Ob als Set getragen oder einzeln kombiniert \u2013 du hast unendlich viele Styling-M\u00f6glichkeiten. L\u00e4ssig mit Sneakern oder etwas schicker mit Sandalen \u2013 funktioniert immer.  Details:  \u2022 One Size (passt ca. 36\u201346) \u2013 Plus Size geeignet  \u2022 2-teiliges Set (Bluse + Hose)  \u2022 Made in Italy  \u2022 100 % Baumwolle (Musselin)  \u2022 Waschbar bei 30 Grad  \u2022 Hose mit elastischem Bund & Taschen  \u2022 Farben: Schwarz, Beige, Rosa, Gelb, Khaki, Blau","og_url":"https:\/\/www.lookforward.at\/en\/produkt\/musselin-set-bluse-palazzo-hose-\u2728-in-6-farben\/","og_site_name":"lookforward Shop","article_modified_time":"2026-04-25T15:59:11+00:00","og_image":[{"width":1920,"height":2560,"url":"https:\/\/www.lookforward.at\/wp-content\/uploads\/2026\/04\/IMG_6430-scaled.jpg","type":"image\/jpeg"}],"twitter_card":"summary_large_image","twitter_misc":{"Est. reading time":"1 minute"},"schema":{"@context":"https:\/\/schema.org","@graph":[{"@type":"WebPage","@id":"https:\/\/www.lookforward.at\/produkt\/musselin-set-bluse-palazzo-hose-%e2%9c%a8-in-6-farben\/","url":"https:\/\/www.lookforward.at\/produkt\/musselin-set-bluse-palazzo-hose-%e2%9c%a8-in-6-farben\/","name":"CB 09 Musselin Set \u2013 Bluse & Palazzo Hose \u2728 in 6 Farben","isPartOf":{"@id":"https:\/\/www.lookforward.at\/#website"},"primaryImageOfPage":{"@id":"https:\/\/www.lookforward.at\/produkt\/musselin-set-bluse-palazzo-hose-%e2%9c%a8-in-6-farben\/#primaryimage"},"image":{"@id":"https:\/\/www.lookforward.at\/produkt\/musselin-set-bluse-palazzo-hose-%e2%9c%a8-in-6-farben\/#primaryimage"},"thumbnailUrl":"https:\/\/www.lookforward.at\/wp-content\/uploads\/2026\/04\/IMG_6430-scaled.jpg","datePublished":"2026-04-25T15:58:17+00:00","dateModified":"2026-04-25T15:59:11+00:00","breadcrumb":{"@id":"https:\/\/www.lookforward.at\/produkt\/musselin-set-bluse-palazzo-hose-%e2%9c%a8-in-6-farben\/#breadcrumb"},"inLanguage":"en-US","potentialAction":[{"@type":"ReadAction","target":["https:\/\/www.lookforward.at\/produkt\/musselin-set-bluse-palazzo-hose-%e2%9c%a8-in-6-farben\/"]}]},{"@type":"ImageObject","inLanguage":"en-US","@id":"https:\/\/www.lookforward.at\/produkt\/musselin-set-bluse-palazzo-hose-%e2%9c%a8-in-6-farben\/#primaryimage","url":"https:\/\/www.lookforward.at\/wp-content\/uploads\/2026\/04\/IMG_6430-scaled.jpg","contentUrl":"https:\/\/www.lookforward.at\/wp-content\/uploads\/2026\/04\/IMG_6430-scaled.jpg","width":1920,"height":2560},{"@type":"BreadcrumbList","@id":"https:\/\/www.lookforward.at\/produkt\/musselin-set-bluse-palazzo-hose-%e2%9c%a8-in-6-farben\/#breadcrumb","itemListElement":[{"@type":"ListItem","position":1,"name":"Startseite","item":"https:\/\/www.lookforward.at\/"},{"@type":"ListItem","position":2,"name":"Shop","item":"https:\/\/www.lookforward.at\/shop\/"},{"@type":"ListItem","position":3,"name":"CB 09 Musselin Set \u2013 Bluse &#038; Palazzo Hose \u2728 in 6 Farben"}]},{"@type":"WebSite","@id":"https:\/\/www.lookforward.at\/#website","url":"https:\/\/www.lookforward.at\/","name":"lookforward Shop","description":"Der neue Shop f\u00fcr Fashion, Lifestyle, Family, Food and Beauty.","publisher":{"@id":"https:\/\/www.lookforward.at\/#organization"},"potentialAction":[{"@type":"SearchAction","target":{"@type":"EntryPoint","urlTemplate":"https:\/\/www.lookforward.at\/?s={search_term_string}"},"query-input":{"@type":"PropertyValueSpecification","valueRequired":true,"valueName":"search_term_string"}}],"inLanguage":"en-US"},{"@type":"Organization","@id":"https:\/\/www.lookforward.at\/#organization","name":"KB lookforward","url":"https:\/\/www.lookforward.at\/","logo":{"@type":"ImageObject","inLanguage":"en-US","@id":"https:\/\/www.lookforward.at\/#\/schema\/logo\/image\/","url":"https:\/\/www.lookforward.at\/wp-content\/uploads\/2023\/10\/Icon-KB.svg","contentUrl":"https:\/\/www.lookforward.at\/wp-content\/uploads\/2023\/10\/Icon-KB.svg","caption":"KB lookforward"},"image":{"@id":"https:\/\/www.lookforward.at\/#\/schema\/logo\/image\/"}}]}},"_links":{"self":[{"href":"https:\/\/www.lookforward.at\/en\/wp-json\/wp\/v2\/product\/157971","targetHints":{"allow":["GET"]}}],"collection":[{"href":"https:\/\/www.lookforward.at\/en\/wp-json\/wp\/v2\/product"}],"about":[{"href":"https:\/\/www.lookforward.at\/en\/wp-json\/wp\/v2\/types\/product"}],"wp:featuredmedia":[{"embeddable":true,"href":"https:\/\/www.lookforward.at\/en\/wp-json\/wp\/v2\/media\/157892"}],"wp:attachment":[{"href":"https:\/\/www.lookforward.at\/en\/wp-json\/wp\/v2\/media?parent=157971"}],"wp:term":[{"taxonomy":"product_brand","embeddable":true,"href":"https:\/\/www.lookforward.at\/en\/wp-json\/wp\/v2\/product_brand?post=157971"},{"taxonomy":"product_cat","embeddable":true,"href":"https:\/\/www.lookforward.at\/en\/wp-json\/wp\/v2\/product_cat?post=157971"},{"taxonomy":"product_tag","embeddable":true,"href":"https:\/\/www.lookforward.at\/en\/wp-json\/wp\/v2\/product_tag?post=157971"}],"curies":[{"name":"wp","href":"https:\/\/api.w.org\/{rel}","templated":true}]}}