{"id":157987,"date":"2026-04-25T18:12:40","date_gmt":"2026-04-25T16:12:40","guid":{"rendered":"https:\/\/www.lookforward.at\/?post_type=product&#038;p=157987"},"modified":"2026-04-25T18:12:40","modified_gmt":"2026-04-25T16:12:40","slug":"fo13-bluse-mit-stickerei-feminin-besonders-%e2%9c%a8","status":"publish","type":"product","link":"https:\/\/www.lookforward.at\/en\/produkt\/fo13-bluse-mit-stickerei-feminin-besonders-%e2%9c%a8\/","title":{"rendered":"FO13 Bluse mit Stickerei \u2013 feminin &#038; besonders \u2728"},"content":{"rendered":"","protected":false},"excerpt":{"rendered":"<p><b>Bluse mit Stickerei \u2013 feminin &#038; besonders <\/b>\u2728<\/p>\n<p>Diese Bluse bringt sofort Leichtigkeit in deinen Look. Die feinen Stickereien geben ihr einen verspielten, hochwertigen Touch, w\u00e4hrend der lockere Schnitt f\u00fcr maximalen Komfort sorgt. Perfekt f\u00fcr Tage, an denen du effortless sch\u00f6n aussehen willst.<\/p>\n<p>Der Stoff ist weich, leicht elastisch und angenehm auf der Haut \u2013 nichts kratzt, nichts engt ein. Du kannst sie l\u00e4ssig offen tragen oder klassisch geschlossen stylen \u2013 passt einfach immer.<\/p>\n<p><b>Details:<\/b><\/p>\n<p>\u2022 One Size (passt ca. 36\u201346) \u2013 Plus Size geeignet<\/p>\n<p>\u2022 Made in Italy<\/p>\n<p>\u2022 95 % Viskose, 5 % Elasthan<\/p>\n<p>\u2022 Waschbar bei 30 Grad<\/p>\n<p>\u2022 Mit Knopfleiste &#038; Brusttaschen<\/p>\n<p>\u2022 Mit feiner Stickerei<\/p>\n<p>\u2022 Farben: beige, Khaki, Rosa<\/p>\n<p>Eine Bluse, die schlicht ist \u2013 aber durch Details sofort besonders wirkt \ud83e\udd0d<\/p>\n","protected":false},"featured_media":157856,"template":"","meta":{"inline_featured_image":false},"product_brand":[],"product_cat":[435,499],"product_tag":[],"class_list":{"0":"post-157987","1":"product","2":"type-product","3":"status-publish","4":"has-post-thumbnail","6":"product_cat-blazer","7":"product_cat-fruehling-2026","9":"first","10":"onbackorder","11":"taxable","12":"shipping-taxable","13":"purchasable","14":"product-type-variable"},"bundled_by":[],"bundle_stock_status":"onbackorder","bundle_stock_quantity":null,"bundle_virtual":false,"bundle_layout":"","bundle_add_to_cart_form_location":"","bundle_editable_in_cart":false,"bundle_sold_individually_context":"","bundle_item_grouping":"","bundle_min_size":"","bundle_max_size":"","bundle_price":[],"bundled_items":[],"bundle_sell_ids":[],"yoast_head":"<!-- This site is optimized with the Yoast SEO plugin v26.5 - https:\/\/yoast.com\/wordpress\/plugins\/seo\/ -->\n<title>FO13 Bluse mit Stickerei \u2013 feminin &amp; besonders \u2728<\/title>\n<meta name=\"robots\" content=\"index, follow, max-snippet:-1, max-image-preview:large, max-video-preview:-1\" \/>\n<link rel=\"canonical\" href=\"https:\/\/www.lookforward.at\/en\/produkt\/fo13-bluse-mit-stickerei-feminin-besonders-\u2728\/\" \/>\n<meta property=\"og:locale\" content=\"en_US\" \/>\n<meta property=\"og:locale:alternate\" content=\"de_DE\" \/>\n<meta property=\"og:type\" content=\"article\" \/>\n<meta property=\"og:title\" content=\"FO13 Bluse mit Stickerei \u2013 feminin &amp; besonders \u2728\" \/>\n<meta property=\"og:description\" content=\"Bluse mit Stickerei \u2013 feminin &amp; besonders \u2728  Diese Bluse bringt sofort Leichtigkeit in deinen Look. Die feinen Stickereien geben ihr einen verspielten, hochwertigen Touch, w\u00e4hrend der lockere Schnitt f\u00fcr maximalen Komfort sorgt. Perfekt f\u00fcr Tage, an denen du effortless sch\u00f6n aussehen willst.  Der Stoff ist weich, leicht elastisch und angenehm auf der Haut \u2013 nichts kratzt, nichts engt ein. Du kannst sie l\u00e4ssig offen tragen oder klassisch geschlossen stylen \u2013 passt einfach immer.  Details:  \u2022 One Size (passt ca. 36\u201346) \u2013 Plus Size geeignet  \u2022 Made in Italy  \u2022 95 % Viskose, 5 % Elasthan  \u2022 Waschbar bei 30 Grad  \u2022 Mit Knopfleiste &amp; Brusttaschen  \u2022 Mit feiner Stickerei  \u2022 Farben: beige, Khaki, Rosa  Eine Bluse, die schlicht ist \u2013 aber durch Details sofort besonders wirkt \ud83e\udd0d\" \/>\n<meta property=\"og:url\" content=\"https:\/\/www.lookforward.at\/en\/produkt\/fo13-bluse-mit-stickerei-feminin-besonders-\u2728\/\" \/>\n<meta property=\"og:site_name\" content=\"lookforward Shop\" \/>\n<meta name=\"twitter:card\" content=\"summary_large_image\" \/>\n<meta name=\"twitter:label1\" content=\"Est. reading time\" \/>\n\t<meta name=\"twitter:data1\" content=\"1 minute\" \/>\n<script type=\"application\/ld+json\" class=\"yoast-schema-graph\">{\"@context\":\"https:\/\/schema.org\",\"@graph\":[{\"@type\":\"WebPage\",\"@id\":\"https:\/\/www.lookforward.at\/produkt\/fo13-bluse-mit-stickerei-feminin-besonders-%e2%9c%a8\/\",\"url\":\"https:\/\/www.lookforward.at\/produkt\/fo13-bluse-mit-stickerei-feminin-besonders-%e2%9c%a8\/\",\"name\":\"FO13 Bluse mit Stickerei \u2013 feminin & besonders \u2728\",\"isPartOf\":{\"@id\":\"https:\/\/www.lookforward.at\/#website\"},\"primaryImageOfPage\":{\"@id\":\"https:\/\/www.lookforward.at\/produkt\/fo13-bluse-mit-stickerei-feminin-besonders-%e2%9c%a8\/#primaryimage\"},\"image\":{\"@id\":\"https:\/\/www.lookforward.at\/produkt\/fo13-bluse-mit-stickerei-feminin-besonders-%e2%9c%a8\/#primaryimage\"},\"thumbnailUrl\":\"https:\/\/www.lookforward.at\/wp-content\/uploads\/2026\/04\/IMG_6385-scaled.jpg\",\"datePublished\":\"2026-04-25T16:12:40+00:00\",\"breadcrumb\":{\"@id\":\"https:\/\/www.lookforward.at\/produkt\/fo13-bluse-mit-stickerei-feminin-besonders-%e2%9c%a8\/#breadcrumb\"},\"inLanguage\":\"en-US\",\"potentialAction\":[{\"@type\":\"ReadAction\",\"target\":[\"https:\/\/www.lookforward.at\/produkt\/fo13-bluse-mit-stickerei-feminin-besonders-%e2%9c%a8\/\"]}]},{\"@type\":\"ImageObject\",\"inLanguage\":\"en-US\",\"@id\":\"https:\/\/www.lookforward.at\/produkt\/fo13-bluse-mit-stickerei-feminin-besonders-%e2%9c%a8\/#primaryimage\",\"url\":\"https:\/\/www.lookforward.at\/wp-content\/uploads\/2026\/04\/IMG_6385-scaled.jpg\",\"contentUrl\":\"https:\/\/www.lookforward.at\/wp-content\/uploads\/2026\/04\/IMG_6385-scaled.jpg\",\"width\":1920,\"height\":2560},{\"@type\":\"BreadcrumbList\",\"@id\":\"https:\/\/www.lookforward.at\/produkt\/fo13-bluse-mit-stickerei-feminin-besonders-%e2%9c%a8\/#breadcrumb\",\"itemListElement\":[{\"@type\":\"ListItem\",\"position\":1,\"name\":\"Startseite\",\"item\":\"https:\/\/www.lookforward.at\/\"},{\"@type\":\"ListItem\",\"position\":2,\"name\":\"Shop\",\"item\":\"https:\/\/www.lookforward.at\/shop\/\"},{\"@type\":\"ListItem\",\"position\":3,\"name\":\"FO13 Bluse mit Stickerei \u2013 feminin &#038; besonders \u2728\"}]},{\"@type\":\"WebSite\",\"@id\":\"https:\/\/www.lookforward.at\/#website\",\"url\":\"https:\/\/www.lookforward.at\/\",\"name\":\"lookforward Shop\",\"description\":\"Der neue Shop f\u00fcr Fashion, Lifestyle, Family, Food and Beauty.\",\"publisher\":{\"@id\":\"https:\/\/www.lookforward.at\/#organization\"},\"potentialAction\":[{\"@type\":\"SearchAction\",\"target\":{\"@type\":\"EntryPoint\",\"urlTemplate\":\"https:\/\/www.lookforward.at\/?s={search_term_string}\"},\"query-input\":{\"@type\":\"PropertyValueSpecification\",\"valueRequired\":true,\"valueName\":\"search_term_string\"}}],\"inLanguage\":\"en-US\"},{\"@type\":\"Organization\",\"@id\":\"https:\/\/www.lookforward.at\/#organization\",\"name\":\"KB lookforward\",\"url\":\"https:\/\/www.lookforward.at\/\",\"logo\":{\"@type\":\"ImageObject\",\"inLanguage\":\"en-US\",\"@id\":\"https:\/\/www.lookforward.at\/#\/schema\/logo\/image\/\",\"url\":\"https:\/\/www.lookforward.at\/wp-content\/uploads\/2023\/10\/Icon-KB.svg\",\"contentUrl\":\"https:\/\/www.lookforward.at\/wp-content\/uploads\/2023\/10\/Icon-KB.svg\",\"caption\":\"KB lookforward\"},\"image\":{\"@id\":\"https:\/\/www.lookforward.at\/#\/schema\/logo\/image\/\"}}]}<\/script>\n<!-- \/ Yoast SEO plugin. -->","yoast_head_json":{"title":"FO13 Bluse mit Stickerei \u2013 feminin & besonders \u2728","robots":{"index":"index","follow":"follow","max-snippet":"max-snippet:-1","max-image-preview":"max-image-preview:large","max-video-preview":"max-video-preview:-1"},"canonical":"https:\/\/www.lookforward.at\/en\/produkt\/fo13-bluse-mit-stickerei-feminin-besonders-\u2728\/","og_locale":"en_US","og_type":"article","og_title":"[:de]FO13 Bluse mit Stickerei \u2013 feminin & besonders \u2728[:] - lookforward Shop","og_description":"Bluse mit Stickerei \u2013 feminin & besonders \u2728  Diese Bluse bringt sofort Leichtigkeit in deinen Look. Die feinen Stickereien geben ihr einen verspielten, hochwertigen Touch, w\u00e4hrend der lockere Schnitt f\u00fcr maximalen Komfort sorgt. Perfekt f\u00fcr Tage, an denen du effortless sch\u00f6n aussehen willst.  Der Stoff ist weich, leicht elastisch und angenehm auf der Haut \u2013 nichts kratzt, nichts engt ein. Du kannst sie l\u00e4ssig offen tragen oder klassisch geschlossen stylen \u2013 passt einfach immer.  Details:  \u2022 One Size (passt ca. 36\u201346) \u2013 Plus Size geeignet  \u2022 Made in Italy  \u2022 95 % Viskose, 5 % Elasthan  \u2022 Waschbar bei 30 Grad  \u2022 Mit Knopfleiste & Brusttaschen  \u2022 Mit feiner Stickerei  \u2022 Farben: beige, Khaki, Rosa  Eine Bluse, die schlicht ist \u2013 aber durch Details sofort besonders wirkt \ud83e\udd0d","og_url":"https:\/\/www.lookforward.at\/en\/produkt\/fo13-bluse-mit-stickerei-feminin-besonders-\u2728\/","og_site_name":"lookforward Shop","twitter_card":"summary_large_image","twitter_misc":{"Est. reading time":"1 minute"},"schema":{"@context":"https:\/\/schema.org","@graph":[{"@type":"WebPage","@id":"https:\/\/www.lookforward.at\/produkt\/fo13-bluse-mit-stickerei-feminin-besonders-%e2%9c%a8\/","url":"https:\/\/www.lookforward.at\/produkt\/fo13-bluse-mit-stickerei-feminin-besonders-%e2%9c%a8\/","name":"FO13 Bluse mit Stickerei \u2013 feminin & besonders \u2728","isPartOf":{"@id":"https:\/\/www.lookforward.at\/#website"},"primaryImageOfPage":{"@id":"https:\/\/www.lookforward.at\/produkt\/fo13-bluse-mit-stickerei-feminin-besonders-%e2%9c%a8\/#primaryimage"},"image":{"@id":"https:\/\/www.lookforward.at\/produkt\/fo13-bluse-mit-stickerei-feminin-besonders-%e2%9c%a8\/#primaryimage"},"thumbnailUrl":"https:\/\/www.lookforward.at\/wp-content\/uploads\/2026\/04\/IMG_6385-scaled.jpg","datePublished":"2026-04-25T16:12:40+00:00","breadcrumb":{"@id":"https:\/\/www.lookforward.at\/produkt\/fo13-bluse-mit-stickerei-feminin-besonders-%e2%9c%a8\/#breadcrumb"},"inLanguage":"en-US","potentialAction":[{"@type":"ReadAction","target":["https:\/\/www.lookforward.at\/produkt\/fo13-bluse-mit-stickerei-feminin-besonders-%e2%9c%a8\/"]}]},{"@type":"ImageObject","inLanguage":"en-US","@id":"https:\/\/www.lookforward.at\/produkt\/fo13-bluse-mit-stickerei-feminin-besonders-%e2%9c%a8\/#primaryimage","url":"https:\/\/www.lookforward.at\/wp-content\/uploads\/2026\/04\/IMG_6385-scaled.jpg","contentUrl":"https:\/\/www.lookforward.at\/wp-content\/uploads\/2026\/04\/IMG_6385-scaled.jpg","width":1920,"height":2560},{"@type":"BreadcrumbList","@id":"https:\/\/www.lookforward.at\/produkt\/fo13-bluse-mit-stickerei-feminin-besonders-%e2%9c%a8\/#breadcrumb","itemListElement":[{"@type":"ListItem","position":1,"name":"Startseite","item":"https:\/\/www.lookforward.at\/"},{"@type":"ListItem","position":2,"name":"Shop","item":"https:\/\/www.lookforward.at\/shop\/"},{"@type":"ListItem","position":3,"name":"FO13 Bluse mit Stickerei \u2013 feminin &#038; besonders \u2728"}]},{"@type":"WebSite","@id":"https:\/\/www.lookforward.at\/#website","url":"https:\/\/www.lookforward.at\/","name":"lookforward Shop","description":"Der neue Shop f\u00fcr Fashion, Lifestyle, Family, Food and Beauty.","publisher":{"@id":"https:\/\/www.lookforward.at\/#organization"},"potentialAction":[{"@type":"SearchAction","target":{"@type":"EntryPoint","urlTemplate":"https:\/\/www.lookforward.at\/?s={search_term_string}"},"query-input":{"@type":"PropertyValueSpecification","valueRequired":true,"valueName":"search_term_string"}}],"inLanguage":"en-US"},{"@type":"Organization","@id":"https:\/\/www.lookforward.at\/#organization","name":"KB lookforward","url":"https:\/\/www.lookforward.at\/","logo":{"@type":"ImageObject","inLanguage":"en-US","@id":"https:\/\/www.lookforward.at\/#\/schema\/logo\/image\/","url":"https:\/\/www.lookforward.at\/wp-content\/uploads\/2023\/10\/Icon-KB.svg","contentUrl":"https:\/\/www.lookforward.at\/wp-content\/uploads\/2023\/10\/Icon-KB.svg","caption":"KB lookforward"},"image":{"@id":"https:\/\/www.lookforward.at\/#\/schema\/logo\/image\/"}}]}},"_links":{"self":[{"href":"https:\/\/www.lookforward.at\/en\/wp-json\/wp\/v2\/product\/157987","targetHints":{"allow":["GET"]}}],"collection":[{"href":"https:\/\/www.lookforward.at\/en\/wp-json\/wp\/v2\/product"}],"about":[{"href":"https:\/\/www.lookforward.at\/en\/wp-json\/wp\/v2\/types\/product"}],"wp:featuredmedia":[{"embeddable":true,"href":"https:\/\/www.lookforward.at\/en\/wp-json\/wp\/v2\/media\/157856"}],"wp:attachment":[{"href":"https:\/\/www.lookforward.at\/en\/wp-json\/wp\/v2\/media?parent=157987"}],"wp:term":[{"taxonomy":"product_brand","embeddable":true,"href":"https:\/\/www.lookforward.at\/en\/wp-json\/wp\/v2\/product_brand?post=157987"},{"taxonomy":"product_cat","embeddable":true,"href":"https:\/\/www.lookforward.at\/en\/wp-json\/wp\/v2\/product_cat?post=157987"},{"taxonomy":"product_tag","embeddable":true,"href":"https:\/\/www.lookforward.at\/en\/wp-json\/wp\/v2\/product_tag?post=157987"}],"curies":[{"name":"wp","href":"https:\/\/api.w.org\/{rel}","templated":true}]}}