{"id":158109,"date":"2026-05-09T20:16:43","date_gmt":"2026-05-09T18:16:43","guid":{"rendered":"https:\/\/www.lookforward.at\/?post_type=product&#038;p=158109"},"modified":"2026-05-10T10:26:07","modified_gmt":"2026-05-10T08:26:07","slug":"fo14-boho-maxi-kleid-feminin-sommerlich-%e2%9c%a8","status":"publish","type":"product","link":"https:\/\/www.lookforward.at\/en\/produkt\/fo14-boho-maxi-kleid-feminin-sommerlich-%e2%9c%a8\/","title":{"rendered":"FO14 Boho Maxi Kleid \u2013 feminin &#038; sommerlich \u2728"},"content":{"rendered":"","protected":false},"excerpt":{"rendered":"<p><b>Boho Maxi Kleid \u2013 feminin &#038; sommerlich <\/b>\u2728<\/p>\n<p>Dieses Kleid ist einfach gemacht f\u00fcr warme Tage und besondere Sommermomente. Der flie\u00dfende Schnitt, die feinen Spitzen-Details und der tiefe R\u00fcckenausschnitt machen den Look gleichzeitig feminin, leicht und absolut besonders.<\/p>\n<p>Der weiche Stoff f\u00e4llt wundersch\u00f6n locker und sorgt f\u00fcr ein angenehmes Tragegef\u00fchl \u2013 perfekt f\u00fcr Urlaub, Strandtage, Dinner oder einfach einen effortless Sommerlook. Durch die Bindung im Nacken kannst du das Kleid individuell anpassen.<\/p>\n<p><b>Details:<\/b><\/p>\n<p>\u2022 One Size (passt ca. 34\u201342)<\/p>\n<p>\u2022 Made in Italy<\/p>\n<p>\u2022 95 % Baumwolle, 5 % Elasthan<\/p>\n<p>\u2022 Waschbar bei 30 Grad<\/p>\n<p>\u2022 Mit Spitzen-Details &#038; R\u00fcckenausschnitt<\/p>\n<p>\u2022 Maxil\u00e4nge<\/p>\n<p>\u2022 Farben: Schwarz, Beige<\/p>\n<p>Ein Kleid, das sofort Urlaubsgef\u00fchle ausl\u00f6st \ud83e\udd0d<\/p>\n","protected":false},"featured_media":158107,"template":"","meta":{"inline_featured_image":false},"product_brand":[],"product_cat":[508,72],"product_tag":[],"class_list":{"0":"post-158109","1":"product","2":"type-product","3":"status-publish","4":"has-post-thumbnail","6":"product_cat-summer","7":"product_cat-kleid","9":"first","10":"onbackorder","11":"taxable","12":"shipping-taxable","13":"purchasable","14":"product-type-variable"},"bundled_by":[],"bundle_stock_status":"onbackorder","bundle_stock_quantity":null,"bundle_virtual":false,"bundle_layout":"","bundle_add_to_cart_form_location":"","bundle_editable_in_cart":false,"bundle_sold_individually_context":"","bundle_item_grouping":"","bundle_min_size":"","bundle_max_size":"","bundle_price":[],"bundled_items":[],"bundle_sell_ids":[],"yoast_head":"<!-- This site is optimized with the Yoast SEO plugin v26.5 - https:\/\/yoast.com\/wordpress\/plugins\/seo\/ -->\n<title>FO14 Boho Maxi Kleid \u2013 feminin &amp; sommerlich \u2728<\/title>\n<meta name=\"robots\" content=\"index, follow, max-snippet:-1, max-image-preview:large, max-video-preview:-1\" \/>\n<link rel=\"canonical\" href=\"https:\/\/www.lookforward.at\/en\/produkt\/fo14-boho-maxi-kleid-feminin-sommerlich-\u2728\/\" \/>\n<meta property=\"og:locale\" content=\"en_US\" \/>\n<meta property=\"og:locale:alternate\" content=\"de_DE\" \/>\n<meta property=\"og:type\" content=\"article\" \/>\n<meta property=\"og:title\" content=\"FO14 Boho Maxi Kleid \u2013 feminin &amp; sommerlich \u2728\" \/>\n<meta property=\"og:description\" content=\"Boho Maxi Kleid \u2013 feminin &amp; sommerlich \u2728  Dieses Kleid ist einfach gemacht f\u00fcr warme Tage und besondere Sommermomente. Der flie\u00dfende Schnitt, die feinen Spitzen-Details und der tiefe R\u00fcckenausschnitt machen den Look gleichzeitig feminin, leicht und absolut besonders.  Der weiche Stoff f\u00e4llt wundersch\u00f6n locker und sorgt f\u00fcr ein angenehmes Tragegef\u00fchl \u2013 perfekt f\u00fcr Urlaub, Strandtage, Dinner oder einfach einen effortless Sommerlook. Durch die Bindung im Nacken kannst du das Kleid individuell anpassen.  Details:  \u2022 One Size (passt ca. 34\u201342)  \u2022 Made in Italy  \u2022 95 % Baumwolle, 5 % Elasthan  \u2022 Waschbar bei 30 Grad  \u2022 Mit Spitzen-Details &amp; R\u00fcckenausschnitt  \u2022 Maxil\u00e4nge  \u2022 Farben: Schwarz, Beige  Ein Kleid, das sofort Urlaubsgef\u00fchle ausl\u00f6st \ud83e\udd0d\" \/>\n<meta property=\"og:url\" content=\"https:\/\/www.lookforward.at\/en\/produkt\/fo14-boho-maxi-kleid-feminin-sommerlich-\u2728\/\" \/>\n<meta property=\"og:site_name\" content=\"lookforward Shop\" \/>\n<meta property=\"article:modified_time\" content=\"2026-05-10T08:26:07+00:00\" \/>\n<meta name=\"twitter:card\" content=\"summary_large_image\" \/>\n<meta name=\"twitter:label1\" content=\"Est. reading time\" \/>\n\t<meta name=\"twitter:data1\" content=\"1 minute\" \/>\n<script type=\"application\/ld+json\" class=\"yoast-schema-graph\">{\"@context\":\"https:\/\/schema.org\",\"@graph\":[{\"@type\":\"WebPage\",\"@id\":\"https:\/\/www.lookforward.at\/produkt\/fo14-boho-maxi-kleid-feminin-sommerlich-%e2%9c%a8\/\",\"url\":\"https:\/\/www.lookforward.at\/produkt\/fo14-boho-maxi-kleid-feminin-sommerlich-%e2%9c%a8\/\",\"name\":\"FO14 Boho Maxi Kleid \u2013 feminin & sommerlich \u2728\",\"isPartOf\":{\"@id\":\"https:\/\/www.lookforward.at\/#website\"},\"primaryImageOfPage\":{\"@id\":\"https:\/\/www.lookforward.at\/produkt\/fo14-boho-maxi-kleid-feminin-sommerlich-%e2%9c%a8\/#primaryimage\"},\"image\":{\"@id\":\"https:\/\/www.lookforward.at\/produkt\/fo14-boho-maxi-kleid-feminin-sommerlich-%e2%9c%a8\/#primaryimage\"},\"thumbnailUrl\":\"https:\/\/www.lookforward.at\/wp-content\/uploads\/2026\/05\/IMG_6873-2-scaled.jpg\",\"datePublished\":\"2026-05-09T18:16:43+00:00\",\"dateModified\":\"2026-05-10T08:26:07+00:00\",\"breadcrumb\":{\"@id\":\"https:\/\/www.lookforward.at\/produkt\/fo14-boho-maxi-kleid-feminin-sommerlich-%e2%9c%a8\/#breadcrumb\"},\"inLanguage\":\"en-US\",\"potentialAction\":[{\"@type\":\"ReadAction\",\"target\":[\"https:\/\/www.lookforward.at\/produkt\/fo14-boho-maxi-kleid-feminin-sommerlich-%e2%9c%a8\/\"]}]},{\"@type\":\"ImageObject\",\"inLanguage\":\"en-US\",\"@id\":\"https:\/\/www.lookforward.at\/produkt\/fo14-boho-maxi-kleid-feminin-sommerlich-%e2%9c%a8\/#primaryimage\",\"url\":\"https:\/\/www.lookforward.at\/wp-content\/uploads\/2026\/05\/IMG_6873-2-scaled.jpg\",\"contentUrl\":\"https:\/\/www.lookforward.at\/wp-content\/uploads\/2026\/05\/IMG_6873-2-scaled.jpg\",\"width\":1920,\"height\":2560},{\"@type\":\"BreadcrumbList\",\"@id\":\"https:\/\/www.lookforward.at\/produkt\/fo14-boho-maxi-kleid-feminin-sommerlich-%e2%9c%a8\/#breadcrumb\",\"itemListElement\":[{\"@type\":\"ListItem\",\"position\":1,\"name\":\"Startseite\",\"item\":\"https:\/\/www.lookforward.at\/\"},{\"@type\":\"ListItem\",\"position\":2,\"name\":\"Shop\",\"item\":\"https:\/\/www.lookforward.at\/shop\/\"},{\"@type\":\"ListItem\",\"position\":3,\"name\":\"FO14 Boho Maxi Kleid \u2013 feminin &#038; sommerlich \u2728\"}]},{\"@type\":\"WebSite\",\"@id\":\"https:\/\/www.lookforward.at\/#website\",\"url\":\"https:\/\/www.lookforward.at\/\",\"name\":\"lookforward Shop\",\"description\":\"Der neue Shop f\u00fcr Fashion, Lifestyle, Family, Food and Beauty.\",\"publisher\":{\"@id\":\"https:\/\/www.lookforward.at\/#organization\"},\"potentialAction\":[{\"@type\":\"SearchAction\",\"target\":{\"@type\":\"EntryPoint\",\"urlTemplate\":\"https:\/\/www.lookforward.at\/?s={search_term_string}\"},\"query-input\":{\"@type\":\"PropertyValueSpecification\",\"valueRequired\":true,\"valueName\":\"search_term_string\"}}],\"inLanguage\":\"en-US\"},{\"@type\":\"Organization\",\"@id\":\"https:\/\/www.lookforward.at\/#organization\",\"name\":\"KB lookforward\",\"url\":\"https:\/\/www.lookforward.at\/\",\"logo\":{\"@type\":\"ImageObject\",\"inLanguage\":\"en-US\",\"@id\":\"https:\/\/www.lookforward.at\/#\/schema\/logo\/image\/\",\"url\":\"https:\/\/www.lookforward.at\/wp-content\/uploads\/2023\/10\/Icon-KB.svg\",\"contentUrl\":\"https:\/\/www.lookforward.at\/wp-content\/uploads\/2023\/10\/Icon-KB.svg\",\"caption\":\"KB lookforward\"},\"image\":{\"@id\":\"https:\/\/www.lookforward.at\/#\/schema\/logo\/image\/\"}}]}<\/script>\n<!-- \/ Yoast SEO plugin. -->","yoast_head_json":{"title":"FO14 Boho Maxi Kleid \u2013 feminin & sommerlich \u2728","robots":{"index":"index","follow":"follow","max-snippet":"max-snippet:-1","max-image-preview":"max-image-preview:large","max-video-preview":"max-video-preview:-1"},"canonical":"https:\/\/www.lookforward.at\/en\/produkt\/fo14-boho-maxi-kleid-feminin-sommerlich-\u2728\/","og_locale":"en_US","og_type":"article","og_title":"[:de]FO14 Boho Maxi Kleid \u2013 feminin & sommerlich \u2728[:] - lookforward Shop","og_description":"Boho Maxi Kleid \u2013 feminin & sommerlich \u2728  Dieses Kleid ist einfach gemacht f\u00fcr warme Tage und besondere Sommermomente. Der flie\u00dfende Schnitt, die feinen Spitzen-Details und der tiefe R\u00fcckenausschnitt machen den Look gleichzeitig feminin, leicht und absolut besonders.  Der weiche Stoff f\u00e4llt wundersch\u00f6n locker und sorgt f\u00fcr ein angenehmes Tragegef\u00fchl \u2013 perfekt f\u00fcr Urlaub, Strandtage, Dinner oder einfach einen effortless Sommerlook. Durch die Bindung im Nacken kannst du das Kleid individuell anpassen.  Details:  \u2022 One Size (passt ca. 34\u201342)  \u2022 Made in Italy  \u2022 95 % Baumwolle, 5 % Elasthan  \u2022 Waschbar bei 30 Grad  \u2022 Mit Spitzen-Details & R\u00fcckenausschnitt  \u2022 Maxil\u00e4nge  \u2022 Farben: Schwarz, Beige  Ein Kleid, das sofort Urlaubsgef\u00fchle ausl\u00f6st \ud83e\udd0d","og_url":"https:\/\/www.lookforward.at\/en\/produkt\/fo14-boho-maxi-kleid-feminin-sommerlich-\u2728\/","og_site_name":"lookforward Shop","article_modified_time":"2026-05-10T08:26:07+00:00","twitter_card":"summary_large_image","twitter_misc":{"Est. reading time":"1 minute"},"schema":{"@context":"https:\/\/schema.org","@graph":[{"@type":"WebPage","@id":"https:\/\/www.lookforward.at\/produkt\/fo14-boho-maxi-kleid-feminin-sommerlich-%e2%9c%a8\/","url":"https:\/\/www.lookforward.at\/produkt\/fo14-boho-maxi-kleid-feminin-sommerlich-%e2%9c%a8\/","name":"FO14 Boho Maxi Kleid \u2013 feminin & sommerlich \u2728","isPartOf":{"@id":"https:\/\/www.lookforward.at\/#website"},"primaryImageOfPage":{"@id":"https:\/\/www.lookforward.at\/produkt\/fo14-boho-maxi-kleid-feminin-sommerlich-%e2%9c%a8\/#primaryimage"},"image":{"@id":"https:\/\/www.lookforward.at\/produkt\/fo14-boho-maxi-kleid-feminin-sommerlich-%e2%9c%a8\/#primaryimage"},"thumbnailUrl":"https:\/\/www.lookforward.at\/wp-content\/uploads\/2026\/05\/IMG_6873-2-scaled.jpg","datePublished":"2026-05-09T18:16:43+00:00","dateModified":"2026-05-10T08:26:07+00:00","breadcrumb":{"@id":"https:\/\/www.lookforward.at\/produkt\/fo14-boho-maxi-kleid-feminin-sommerlich-%e2%9c%a8\/#breadcrumb"},"inLanguage":"en-US","potentialAction":[{"@type":"ReadAction","target":["https:\/\/www.lookforward.at\/produkt\/fo14-boho-maxi-kleid-feminin-sommerlich-%e2%9c%a8\/"]}]},{"@type":"ImageObject","inLanguage":"en-US","@id":"https:\/\/www.lookforward.at\/produkt\/fo14-boho-maxi-kleid-feminin-sommerlich-%e2%9c%a8\/#primaryimage","url":"https:\/\/www.lookforward.at\/wp-content\/uploads\/2026\/05\/IMG_6873-2-scaled.jpg","contentUrl":"https:\/\/www.lookforward.at\/wp-content\/uploads\/2026\/05\/IMG_6873-2-scaled.jpg","width":1920,"height":2560},{"@type":"BreadcrumbList","@id":"https:\/\/www.lookforward.at\/produkt\/fo14-boho-maxi-kleid-feminin-sommerlich-%e2%9c%a8\/#breadcrumb","itemListElement":[{"@type":"ListItem","position":1,"name":"Startseite","item":"https:\/\/www.lookforward.at\/"},{"@type":"ListItem","position":2,"name":"Shop","item":"https:\/\/www.lookforward.at\/shop\/"},{"@type":"ListItem","position":3,"name":"FO14 Boho Maxi Kleid \u2013 feminin &#038; sommerlich \u2728"}]},{"@type":"WebSite","@id":"https:\/\/www.lookforward.at\/#website","url":"https:\/\/www.lookforward.at\/","name":"lookforward Shop","description":"Der neue Shop f\u00fcr Fashion, Lifestyle, Family, Food and Beauty.","publisher":{"@id":"https:\/\/www.lookforward.at\/#organization"},"potentialAction":[{"@type":"SearchAction","target":{"@type":"EntryPoint","urlTemplate":"https:\/\/www.lookforward.at\/?s={search_term_string}"},"query-input":{"@type":"PropertyValueSpecification","valueRequired":true,"valueName":"search_term_string"}}],"inLanguage":"en-US"},{"@type":"Organization","@id":"https:\/\/www.lookforward.at\/#organization","name":"KB lookforward","url":"https:\/\/www.lookforward.at\/","logo":{"@type":"ImageObject","inLanguage":"en-US","@id":"https:\/\/www.lookforward.at\/#\/schema\/logo\/image\/","url":"https:\/\/www.lookforward.at\/wp-content\/uploads\/2023\/10\/Icon-KB.svg","contentUrl":"https:\/\/www.lookforward.at\/wp-content\/uploads\/2023\/10\/Icon-KB.svg","caption":"KB lookforward"},"image":{"@id":"https:\/\/www.lookforward.at\/#\/schema\/logo\/image\/"}}]}},"_links":{"self":[{"href":"https:\/\/www.lookforward.at\/en\/wp-json\/wp\/v2\/product\/158109","targetHints":{"allow":["GET"]}}],"collection":[{"href":"https:\/\/www.lookforward.at\/en\/wp-json\/wp\/v2\/product"}],"about":[{"href":"https:\/\/www.lookforward.at\/en\/wp-json\/wp\/v2\/types\/product"}],"wp:featuredmedia":[{"embeddable":true,"href":"https:\/\/www.lookforward.at\/en\/wp-json\/wp\/v2\/media\/158107"}],"wp:attachment":[{"href":"https:\/\/www.lookforward.at\/en\/wp-json\/wp\/v2\/media?parent=158109"}],"wp:term":[{"taxonomy":"product_brand","embeddable":true,"href":"https:\/\/www.lookforward.at\/en\/wp-json\/wp\/v2\/product_brand?post=158109"},{"taxonomy":"product_cat","embeddable":true,"href":"https:\/\/www.lookforward.at\/en\/wp-json\/wp\/v2\/product_cat?post=158109"},{"taxonomy":"product_tag","embeddable":true,"href":"https:\/\/www.lookforward.at\/en\/wp-json\/wp\/v2\/product_tag?post=158109"}],"curies":[{"name":"wp","href":"https:\/\/api.w.org\/{rel}","templated":true}]}}