{"id":158253,"date":"2026-05-10T09:18:06","date_gmt":"2026-05-10T07:18:06","guid":{"rendered":"https:\/\/www.lookforward.at\/?post_type=product&#038;p=158253"},"modified":"2026-05-10T09:51:12","modified_gmt":"2026-05-10T07:51:12","slug":"maxirock-boho-romance-%e2%9c%a8","status":"publish","type":"product","link":"https:\/\/www.lookforward.at\/en\/produkt\/maxirock-boho-romance-%e2%9c%a8\/","title":{"rendered":"Maxirock \u201eBoho Romance\u201c \u2728"},"content":{"rendered":"","protected":false},"excerpt":{"rendered":"<p>Maxirock \u201eBoho Romance\u201c \u2728<\/p>\n<p>Dieser wundersch\u00f6ne Maxirock vereint feminine Eleganz mit sommerlichem Boho-Flair. Die liebevollen Lochstickerei-Details und die flie\u00dfende Passform machen ihn zum perfekten Begleiter f\u00fcr warme Tage, Urlaub oder entspannte Everyday-Looks.<\/p>\n<p>Der elastische Bund sorgt f\u00fcr einen angenehmen Sitz und maximalen Tragekomfort \u2013 ob kombiniert mit Tops, Blusen oder l\u00e4ssigen Strickteilen \ud83e\udd0d<\/p>\n<p>Details:<br \/>\n\u2022 One Size (passend ca. 36\u201342)<br \/>\n\u2022 Elastischer Bund f\u00fcr hohen Tragekomfort<br \/>\n\u2022 Wundersch\u00f6ne Lochstickerei &#038; Spitzendetails<br \/>\n\u2022 Flie\u00dfender, femininer Schnitt<br \/>\n\u2022 Perfekt f\u00fcr Boho-, Beach- &#038; Summer-Looks<br \/>\n\u2022 Farben: Wei\u00df, Beige, Schwarz<br \/>\n\u2022 Waschbar bei 30 Grad<\/p>\n<p>Made in Italy \ud83c\uddee\ud83c\uddf9\u2728<\/p>\n<p>&nbsp;<\/p>\n","protected":false},"featured_media":158234,"template":"","meta":{"inline_featured_image":false},"product_brand":[],"product_cat":[432,508],"product_tag":[],"class_list":{"0":"post-158253","1":"product","2":"type-product","3":"status-publish","4":"has-post-thumbnail","6":"product_cat-rock","7":"product_cat-summer","9":"first","10":"onbackorder","11":"taxable","12":"shipping-taxable","13":"purchasable","14":"product-type-variable"},"bundled_by":[],"bundle_stock_status":"onbackorder","bundle_stock_quantity":null,"bundle_virtual":false,"bundle_layout":"","bundle_add_to_cart_form_location":"","bundle_editable_in_cart":false,"bundle_sold_individually_context":"","bundle_item_grouping":"","bundle_min_size":"","bundle_max_size":"","bundle_price":[],"bundled_items":[],"bundle_sell_ids":[],"yoast_head":"<!-- This site is optimized with the Yoast SEO plugin v26.5 - https:\/\/yoast.com\/wordpress\/plugins\/seo\/ -->\n<title>Maxirock \u201eBoho Romance\u201c \u2728<\/title>\n<meta name=\"robots\" content=\"index, follow, max-snippet:-1, max-image-preview:large, max-video-preview:-1\" \/>\n<link rel=\"canonical\" href=\"https:\/\/www.lookforward.at\/en\/produkt\/maxirock-boho-romance-\u2728\/\" \/>\n<meta property=\"og:locale\" content=\"en_US\" \/>\n<meta property=\"og:locale:alternate\" content=\"de_DE\" \/>\n<meta property=\"og:type\" content=\"article\" \/>\n<meta property=\"og:title\" content=\"Maxirock \u201eBoho Romance\u201c \u2728\" \/>\n<meta property=\"og:description\" content=\"Maxirock \u201eBoho Romance\u201c \u2728  Dieser wundersch\u00f6ne Maxirock vereint feminine Eleganz mit sommerlichem Boho-Flair. Die liebevollen Lochstickerei-Details und die flie\u00dfende Passform machen ihn zum perfekten Begleiter f\u00fcr warme Tage, Urlaub oder entspannte Everyday-Looks.  Der elastische Bund sorgt f\u00fcr einen angenehmen Sitz und maximalen Tragekomfort \u2013 ob kombiniert mit Tops, Blusen oder l\u00e4ssigen Strickteilen \ud83e\udd0d  Details: \u2022 One Size (passend ca. 36\u201342) \u2022 Elastischer Bund f\u00fcr hohen Tragekomfort \u2022 Wundersch\u00f6ne Lochstickerei &amp; Spitzendetails \u2022 Flie\u00dfender, femininer Schnitt \u2022 Perfekt f\u00fcr Boho-, Beach- &amp; Summer-Looks \u2022 Farben: Wei\u00df, Beige, Schwarz \u2022 Waschbar bei 30 Grad  Made in Italy \ud83c\uddee\ud83c\uddf9\u2728  &nbsp;\" \/>\n<meta property=\"og:url\" content=\"https:\/\/www.lookforward.at\/en\/produkt\/maxirock-boho-romance-\u2728\/\" \/>\n<meta property=\"og:site_name\" content=\"lookforward Shop\" \/>\n<meta property=\"article:modified_time\" content=\"2026-05-10T07:51:12+00:00\" \/>\n<meta name=\"twitter:card\" content=\"summary_large_image\" \/>\n<meta name=\"twitter:label1\" content=\"Est. reading time\" \/>\n\t<meta name=\"twitter:data1\" content=\"1 minute\" \/>\n<script type=\"application\/ld+json\" class=\"yoast-schema-graph\">{\"@context\":\"https:\/\/schema.org\",\"@graph\":[{\"@type\":\"WebPage\",\"@id\":\"https:\/\/www.lookforward.at\/produkt\/maxirock-boho-romance-%e2%9c%a8\/\",\"url\":\"https:\/\/www.lookforward.at\/produkt\/maxirock-boho-romance-%e2%9c%a8\/\",\"name\":\"Maxirock \u201eBoho Romance\u201c \u2728\",\"isPartOf\":{\"@id\":\"https:\/\/www.lookforward.at\/#website\"},\"primaryImageOfPage\":{\"@id\":\"https:\/\/www.lookforward.at\/produkt\/maxirock-boho-romance-%e2%9c%a8\/#primaryimage\"},\"image\":{\"@id\":\"https:\/\/www.lookforward.at\/produkt\/maxirock-boho-romance-%e2%9c%a8\/#primaryimage\"},\"thumbnailUrl\":\"https:\/\/www.lookforward.at\/wp-content\/uploads\/2026\/05\/IMG_6804-2-scaled.jpg\",\"datePublished\":\"2026-05-10T07:18:06+00:00\",\"dateModified\":\"2026-05-10T07:51:12+00:00\",\"breadcrumb\":{\"@id\":\"https:\/\/www.lookforward.at\/produkt\/maxirock-boho-romance-%e2%9c%a8\/#breadcrumb\"},\"inLanguage\":\"en-US\",\"potentialAction\":[{\"@type\":\"ReadAction\",\"target\":[\"https:\/\/www.lookforward.at\/produkt\/maxirock-boho-romance-%e2%9c%a8\/\"]}]},{\"@type\":\"ImageObject\",\"inLanguage\":\"en-US\",\"@id\":\"https:\/\/www.lookforward.at\/produkt\/maxirock-boho-romance-%e2%9c%a8\/#primaryimage\",\"url\":\"https:\/\/www.lookforward.at\/wp-content\/uploads\/2026\/05\/IMG_6804-2-scaled.jpg\",\"contentUrl\":\"https:\/\/www.lookforward.at\/wp-content\/uploads\/2026\/05\/IMG_6804-2-scaled.jpg\",\"width\":1920,\"height\":2560},{\"@type\":\"BreadcrumbList\",\"@id\":\"https:\/\/www.lookforward.at\/produkt\/maxirock-boho-romance-%e2%9c%a8\/#breadcrumb\",\"itemListElement\":[{\"@type\":\"ListItem\",\"position\":1,\"name\":\"Startseite\",\"item\":\"https:\/\/www.lookforward.at\/\"},{\"@type\":\"ListItem\",\"position\":2,\"name\":\"Shop\",\"item\":\"https:\/\/www.lookforward.at\/shop\/\"},{\"@type\":\"ListItem\",\"position\":3,\"name\":\"Maxirock \u201eBoho Romance\u201c \u2728\"}]},{\"@type\":\"WebSite\",\"@id\":\"https:\/\/www.lookforward.at\/#website\",\"url\":\"https:\/\/www.lookforward.at\/\",\"name\":\"lookforward Shop\",\"description\":\"Der neue Shop f\u00fcr Fashion, Lifestyle, Family, Food and Beauty.\",\"publisher\":{\"@id\":\"https:\/\/www.lookforward.at\/#organization\"},\"potentialAction\":[{\"@type\":\"SearchAction\",\"target\":{\"@type\":\"EntryPoint\",\"urlTemplate\":\"https:\/\/www.lookforward.at\/?s={search_term_string}\"},\"query-input\":{\"@type\":\"PropertyValueSpecification\",\"valueRequired\":true,\"valueName\":\"search_term_string\"}}],\"inLanguage\":\"en-US\"},{\"@type\":\"Organization\",\"@id\":\"https:\/\/www.lookforward.at\/#organization\",\"name\":\"KB lookforward\",\"url\":\"https:\/\/www.lookforward.at\/\",\"logo\":{\"@type\":\"ImageObject\",\"inLanguage\":\"en-US\",\"@id\":\"https:\/\/www.lookforward.at\/#\/schema\/logo\/image\/\",\"url\":\"https:\/\/www.lookforward.at\/wp-content\/uploads\/2023\/10\/Icon-KB.svg\",\"contentUrl\":\"https:\/\/www.lookforward.at\/wp-content\/uploads\/2023\/10\/Icon-KB.svg\",\"caption\":\"KB lookforward\"},\"image\":{\"@id\":\"https:\/\/www.lookforward.at\/#\/schema\/logo\/image\/\"}}]}<\/script>\n<!-- \/ Yoast SEO plugin. -->","yoast_head_json":{"title":"Maxirock \u201eBoho Romance\u201c \u2728","robots":{"index":"index","follow":"follow","max-snippet":"max-snippet:-1","max-image-preview":"max-image-preview:large","max-video-preview":"max-video-preview:-1"},"canonical":"https:\/\/www.lookforward.at\/en\/produkt\/maxirock-boho-romance-\u2728\/","og_locale":"en_US","og_type":"article","og_title":"[:de]Maxirock \u201eBoho Romance\u201c \u2728[:] - lookforward Shop","og_description":"Maxirock \u201eBoho Romance\u201c \u2728  Dieser wundersch\u00f6ne Maxirock vereint feminine Eleganz mit sommerlichem Boho-Flair. Die liebevollen Lochstickerei-Details und die flie\u00dfende Passform machen ihn zum perfekten Begleiter f\u00fcr warme Tage, Urlaub oder entspannte Everyday-Looks.  Der elastische Bund sorgt f\u00fcr einen angenehmen Sitz und maximalen Tragekomfort \u2013 ob kombiniert mit Tops, Blusen oder l\u00e4ssigen Strickteilen \ud83e\udd0d  Details: \u2022 One Size (passend ca. 36\u201342) \u2022 Elastischer Bund f\u00fcr hohen Tragekomfort \u2022 Wundersch\u00f6ne Lochstickerei & Spitzendetails \u2022 Flie\u00dfender, femininer Schnitt \u2022 Perfekt f\u00fcr Boho-, Beach- & Summer-Looks \u2022 Farben: Wei\u00df, Beige, Schwarz \u2022 Waschbar bei 30 Grad  Made in Italy \ud83c\uddee\ud83c\uddf9\u2728  &nbsp;","og_url":"https:\/\/www.lookforward.at\/en\/produkt\/maxirock-boho-romance-\u2728\/","og_site_name":"lookforward Shop","article_modified_time":"2026-05-10T07:51:12+00:00","twitter_card":"summary_large_image","twitter_misc":{"Est. reading time":"1 minute"},"schema":{"@context":"https:\/\/schema.org","@graph":[{"@type":"WebPage","@id":"https:\/\/www.lookforward.at\/produkt\/maxirock-boho-romance-%e2%9c%a8\/","url":"https:\/\/www.lookforward.at\/produkt\/maxirock-boho-romance-%e2%9c%a8\/","name":"Maxirock \u201eBoho Romance\u201c \u2728","isPartOf":{"@id":"https:\/\/www.lookforward.at\/#website"},"primaryImageOfPage":{"@id":"https:\/\/www.lookforward.at\/produkt\/maxirock-boho-romance-%e2%9c%a8\/#primaryimage"},"image":{"@id":"https:\/\/www.lookforward.at\/produkt\/maxirock-boho-romance-%e2%9c%a8\/#primaryimage"},"thumbnailUrl":"https:\/\/www.lookforward.at\/wp-content\/uploads\/2026\/05\/IMG_6804-2-scaled.jpg","datePublished":"2026-05-10T07:18:06+00:00","dateModified":"2026-05-10T07:51:12+00:00","breadcrumb":{"@id":"https:\/\/www.lookforward.at\/produkt\/maxirock-boho-romance-%e2%9c%a8\/#breadcrumb"},"inLanguage":"en-US","potentialAction":[{"@type":"ReadAction","target":["https:\/\/www.lookforward.at\/produkt\/maxirock-boho-romance-%e2%9c%a8\/"]}]},{"@type":"ImageObject","inLanguage":"en-US","@id":"https:\/\/www.lookforward.at\/produkt\/maxirock-boho-romance-%e2%9c%a8\/#primaryimage","url":"https:\/\/www.lookforward.at\/wp-content\/uploads\/2026\/05\/IMG_6804-2-scaled.jpg","contentUrl":"https:\/\/www.lookforward.at\/wp-content\/uploads\/2026\/05\/IMG_6804-2-scaled.jpg","width":1920,"height":2560},{"@type":"BreadcrumbList","@id":"https:\/\/www.lookforward.at\/produkt\/maxirock-boho-romance-%e2%9c%a8\/#breadcrumb","itemListElement":[{"@type":"ListItem","position":1,"name":"Startseite","item":"https:\/\/www.lookforward.at\/"},{"@type":"ListItem","position":2,"name":"Shop","item":"https:\/\/www.lookforward.at\/shop\/"},{"@type":"ListItem","position":3,"name":"Maxirock \u201eBoho Romance\u201c \u2728"}]},{"@type":"WebSite","@id":"https:\/\/www.lookforward.at\/#website","url":"https:\/\/www.lookforward.at\/","name":"lookforward Shop","description":"Der neue Shop f\u00fcr Fashion, Lifestyle, Family, Food and Beauty.","publisher":{"@id":"https:\/\/www.lookforward.at\/#organization"},"potentialAction":[{"@type":"SearchAction","target":{"@type":"EntryPoint","urlTemplate":"https:\/\/www.lookforward.at\/?s={search_term_string}"},"query-input":{"@type":"PropertyValueSpecification","valueRequired":true,"valueName":"search_term_string"}}],"inLanguage":"en-US"},{"@type":"Organization","@id":"https:\/\/www.lookforward.at\/#organization","name":"KB lookforward","url":"https:\/\/www.lookforward.at\/","logo":{"@type":"ImageObject","inLanguage":"en-US","@id":"https:\/\/www.lookforward.at\/#\/schema\/logo\/image\/","url":"https:\/\/www.lookforward.at\/wp-content\/uploads\/2023\/10\/Icon-KB.svg","contentUrl":"https:\/\/www.lookforward.at\/wp-content\/uploads\/2023\/10\/Icon-KB.svg","caption":"KB lookforward"},"image":{"@id":"https:\/\/www.lookforward.at\/#\/schema\/logo\/image\/"}}]}},"_links":{"self":[{"href":"https:\/\/www.lookforward.at\/en\/wp-json\/wp\/v2\/product\/158253","targetHints":{"allow":["GET"]}}],"collection":[{"href":"https:\/\/www.lookforward.at\/en\/wp-json\/wp\/v2\/product"}],"about":[{"href":"https:\/\/www.lookforward.at\/en\/wp-json\/wp\/v2\/types\/product"}],"wp:featuredmedia":[{"embeddable":true,"href":"https:\/\/www.lookforward.at\/en\/wp-json\/wp\/v2\/media\/158234"}],"wp:attachment":[{"href":"https:\/\/www.lookforward.at\/en\/wp-json\/wp\/v2\/media?parent=158253"}],"wp:term":[{"taxonomy":"product_brand","embeddable":true,"href":"https:\/\/www.lookforward.at\/en\/wp-json\/wp\/v2\/product_brand?post=158253"},{"taxonomy":"product_cat","embeddable":true,"href":"https:\/\/www.lookforward.at\/en\/wp-json\/wp\/v2\/product_cat?post=158253"},{"taxonomy":"product_tag","embeddable":true,"href":"https:\/\/www.lookforward.at\/en\/wp-json\/wp\/v2\/product_tag?post=158253"}],"curies":[{"name":"wp","href":"https:\/\/api.w.org\/{rel}","templated":true}]}}