{"id":158257,"date":"2026-05-10T09:21:26","date_gmt":"2026-05-10T07:21:26","guid":{"rendered":"https:\/\/www.lookforward.at\/?post_type=product&#038;p=158257"},"modified":"2026-05-10T09:51:12","modified_gmt":"2026-05-10T07:51:12","slug":"boho-kleid-summer-breeze-%e2%9c%a8","status":"publish","type":"product","link":"https:\/\/www.lookforward.at\/en\/produkt\/boho-kleid-summer-breeze-%e2%9c%a8\/","title":{"rendered":"Boho Kleid \u201eSummer Breeze\u201c \u2728"},"content":{"rendered":"","protected":false},"excerpt":{"rendered":"<p><b>Boho Kleid \u201eSummer Breeze\u201c <\/b>\u2728<\/p>\n<p>Dieses traumhafte Kleid aus feiner Lochstickerei ist der perfekte Begleiter f\u00fcr warme Sommertage. Der lockere, flie\u00dfende Schnitt sorgt f\u00fcr ein luftiges Tragegef\u00fchl und verleiht deinem Look eine feminine Leichtigkeit mit wundersch\u00f6nem Boho-Charme.<\/p>\n<p>Ob am Strand, im Urlaub oder kombiniert mit Sandalen und Korbtasche im Alltag \u2013 dieses Kleid sorgt immer f\u00fcr einen stilvollen Auftritt \ud83e\udd0d<\/p>\n<p><b>Details:<\/b><\/p>\n<p>\u2022 One Size (passend ca. 36\u201344)<\/p>\n<p>\u2022 Locker &#038; luftig geschnitten<\/p>\n<p>\u2022 Wundersch\u00f6ne Lochstickerei<\/p>\n<p>\u2022 Femininer V-Ausschnitt<\/p>\n<p>\u2022 Angenehmer Tragekomfort<\/p>\n<p>\u2022 Material: 100 % Baumwolle<\/p>\n<p>\u2022 Farben: Wei\u00df, Braun, Schwarz<\/p>\n<p>\u2022 Waschbar bei 30 Grad<\/p>\n","protected":false},"featured_media":158205,"template":"","meta":{"inline_featured_image":false},"product_brand":[],"product_cat":[508,72],"product_tag":[],"class_list":{"0":"post-158257","1":"product","2":"type-product","3":"status-publish","4":"has-post-thumbnail","6":"product_cat-summer","7":"product_cat-kleid","9":"first","10":"onbackorder","11":"taxable","12":"shipping-taxable","13":"purchasable","14":"product-type-variable"},"bundled_by":[],"bundle_stock_status":"onbackorder","bundle_stock_quantity":null,"bundle_virtual":false,"bundle_layout":"","bundle_add_to_cart_form_location":"","bundle_editable_in_cart":false,"bundle_sold_individually_context":"","bundle_item_grouping":"","bundle_min_size":"","bundle_max_size":"","bundle_price":[],"bundled_items":[],"bundle_sell_ids":[],"yoast_head":"<!-- This site is optimized with the Yoast SEO plugin v26.5 - https:\/\/yoast.com\/wordpress\/plugins\/seo\/ -->\n<title>Boho Kleid \u201eSummer Breeze\u201c \u2728<\/title>\n<meta name=\"robots\" content=\"index, follow, max-snippet:-1, max-image-preview:large, max-video-preview:-1\" \/>\n<link rel=\"canonical\" href=\"https:\/\/www.lookforward.at\/en\/produkt\/boho-kleid-summer-breeze-\u2728\/\" \/>\n<meta property=\"og:locale\" content=\"en_US\" \/>\n<meta property=\"og:locale:alternate\" content=\"de_DE\" \/>\n<meta property=\"og:type\" content=\"article\" \/>\n<meta property=\"og:title\" content=\"Boho Kleid \u201eSummer Breeze\u201c \u2728\" \/>\n<meta property=\"og:description\" content=\"Boho Kleid \u201eSummer Breeze\u201c \u2728  Dieses traumhafte Kleid aus feiner Lochstickerei ist der perfekte Begleiter f\u00fcr warme Sommertage. Der lockere, flie\u00dfende Schnitt sorgt f\u00fcr ein luftiges Tragegef\u00fchl und verleiht deinem Look eine feminine Leichtigkeit mit wundersch\u00f6nem Boho-Charme.  Ob am Strand, im Urlaub oder kombiniert mit Sandalen und Korbtasche im Alltag \u2013 dieses Kleid sorgt immer f\u00fcr einen stilvollen Auftritt \ud83e\udd0d  Details:  \u2022 One Size (passend ca. 36\u201344)  \u2022 Locker &amp; luftig geschnitten  \u2022 Wundersch\u00f6ne Lochstickerei  \u2022 Femininer V-Ausschnitt  \u2022 Angenehmer Tragekomfort  \u2022 Material: 100 % Baumwolle  \u2022 Farben: Wei\u00df, Braun, Schwarz  \u2022 Waschbar bei 30 Grad\" \/>\n<meta property=\"og:url\" content=\"https:\/\/www.lookforward.at\/en\/produkt\/boho-kleid-summer-breeze-\u2728\/\" \/>\n<meta property=\"og:site_name\" content=\"lookforward Shop\" \/>\n<meta property=\"article:modified_time\" content=\"2026-05-10T07:51:12+00:00\" \/>\n<meta name=\"twitter:card\" content=\"summary_large_image\" \/>\n<meta name=\"twitter:label1\" content=\"Est. reading time\" \/>\n\t<meta name=\"twitter:data1\" content=\"1 minute\" \/>\n<script type=\"application\/ld+json\" class=\"yoast-schema-graph\">{\"@context\":\"https:\/\/schema.org\",\"@graph\":[{\"@type\":\"WebPage\",\"@id\":\"https:\/\/www.lookforward.at\/produkt\/boho-kleid-summer-breeze-%e2%9c%a8\/\",\"url\":\"https:\/\/www.lookforward.at\/produkt\/boho-kleid-summer-breeze-%e2%9c%a8\/\",\"name\":\"Boho Kleid \u201eSummer Breeze\u201c \u2728\",\"isPartOf\":{\"@id\":\"https:\/\/www.lookforward.at\/#website\"},\"primaryImageOfPage\":{\"@id\":\"https:\/\/www.lookforward.at\/produkt\/boho-kleid-summer-breeze-%e2%9c%a8\/#primaryimage\"},\"image\":{\"@id\":\"https:\/\/www.lookforward.at\/produkt\/boho-kleid-summer-breeze-%e2%9c%a8\/#primaryimage\"},\"thumbnailUrl\":\"https:\/\/www.lookforward.at\/wp-content\/uploads\/2026\/05\/IMG_6834-scaled.jpg\",\"datePublished\":\"2026-05-10T07:21:26+00:00\",\"dateModified\":\"2026-05-10T07:51:12+00:00\",\"breadcrumb\":{\"@id\":\"https:\/\/www.lookforward.at\/produkt\/boho-kleid-summer-breeze-%e2%9c%a8\/#breadcrumb\"},\"inLanguage\":\"en-US\",\"potentialAction\":[{\"@type\":\"ReadAction\",\"target\":[\"https:\/\/www.lookforward.at\/produkt\/boho-kleid-summer-breeze-%e2%9c%a8\/\"]}]},{\"@type\":\"ImageObject\",\"inLanguage\":\"en-US\",\"@id\":\"https:\/\/www.lookforward.at\/produkt\/boho-kleid-summer-breeze-%e2%9c%a8\/#primaryimage\",\"url\":\"https:\/\/www.lookforward.at\/wp-content\/uploads\/2026\/05\/IMG_6834-scaled.jpg\",\"contentUrl\":\"https:\/\/www.lookforward.at\/wp-content\/uploads\/2026\/05\/IMG_6834-scaled.jpg\",\"width\":1920,\"height\":2560},{\"@type\":\"BreadcrumbList\",\"@id\":\"https:\/\/www.lookforward.at\/produkt\/boho-kleid-summer-breeze-%e2%9c%a8\/#breadcrumb\",\"itemListElement\":[{\"@type\":\"ListItem\",\"position\":1,\"name\":\"Startseite\",\"item\":\"https:\/\/www.lookforward.at\/\"},{\"@type\":\"ListItem\",\"position\":2,\"name\":\"Shop\",\"item\":\"https:\/\/www.lookforward.at\/shop\/\"},{\"@type\":\"ListItem\",\"position\":3,\"name\":\"Boho Kleid \u201eSummer Breeze\u201c \u2728\"}]},{\"@type\":\"WebSite\",\"@id\":\"https:\/\/www.lookforward.at\/#website\",\"url\":\"https:\/\/www.lookforward.at\/\",\"name\":\"lookforward Shop\",\"description\":\"Der neue Shop f\u00fcr Fashion, Lifestyle, Family, Food and Beauty.\",\"publisher\":{\"@id\":\"https:\/\/www.lookforward.at\/#organization\"},\"potentialAction\":[{\"@type\":\"SearchAction\",\"target\":{\"@type\":\"EntryPoint\",\"urlTemplate\":\"https:\/\/www.lookforward.at\/?s={search_term_string}\"},\"query-input\":{\"@type\":\"PropertyValueSpecification\",\"valueRequired\":true,\"valueName\":\"search_term_string\"}}],\"inLanguage\":\"en-US\"},{\"@type\":\"Organization\",\"@id\":\"https:\/\/www.lookforward.at\/#organization\",\"name\":\"KB lookforward\",\"url\":\"https:\/\/www.lookforward.at\/\",\"logo\":{\"@type\":\"ImageObject\",\"inLanguage\":\"en-US\",\"@id\":\"https:\/\/www.lookforward.at\/#\/schema\/logo\/image\/\",\"url\":\"https:\/\/www.lookforward.at\/wp-content\/uploads\/2023\/10\/Icon-KB.svg\",\"contentUrl\":\"https:\/\/www.lookforward.at\/wp-content\/uploads\/2023\/10\/Icon-KB.svg\",\"caption\":\"KB lookforward\"},\"image\":{\"@id\":\"https:\/\/www.lookforward.at\/#\/schema\/logo\/image\/\"}}]}<\/script>\n<!-- \/ Yoast SEO plugin. -->","yoast_head_json":{"title":"Boho Kleid \u201eSummer Breeze\u201c \u2728","robots":{"index":"index","follow":"follow","max-snippet":"max-snippet:-1","max-image-preview":"max-image-preview:large","max-video-preview":"max-video-preview:-1"},"canonical":"https:\/\/www.lookforward.at\/en\/produkt\/boho-kleid-summer-breeze-\u2728\/","og_locale":"en_US","og_type":"article","og_title":"[:de]Boho Kleid \u201eSummer Breeze\u201c \u2728[:] - lookforward Shop","og_description":"Boho Kleid \u201eSummer Breeze\u201c \u2728  Dieses traumhafte Kleid aus feiner Lochstickerei ist der perfekte Begleiter f\u00fcr warme Sommertage. Der lockere, flie\u00dfende Schnitt sorgt f\u00fcr ein luftiges Tragegef\u00fchl und verleiht deinem Look eine feminine Leichtigkeit mit wundersch\u00f6nem Boho-Charme.  Ob am Strand, im Urlaub oder kombiniert mit Sandalen und Korbtasche im Alltag \u2013 dieses Kleid sorgt immer f\u00fcr einen stilvollen Auftritt \ud83e\udd0d  Details:  \u2022 One Size (passend ca. 36\u201344)  \u2022 Locker & luftig geschnitten  \u2022 Wundersch\u00f6ne Lochstickerei  \u2022 Femininer V-Ausschnitt  \u2022 Angenehmer Tragekomfort  \u2022 Material: 100 % Baumwolle  \u2022 Farben: Wei\u00df, Braun, Schwarz  \u2022 Waschbar bei 30 Grad","og_url":"https:\/\/www.lookforward.at\/en\/produkt\/boho-kleid-summer-breeze-\u2728\/","og_site_name":"lookforward Shop","article_modified_time":"2026-05-10T07:51:12+00:00","twitter_card":"summary_large_image","twitter_misc":{"Est. reading time":"1 minute"},"schema":{"@context":"https:\/\/schema.org","@graph":[{"@type":"WebPage","@id":"https:\/\/www.lookforward.at\/produkt\/boho-kleid-summer-breeze-%e2%9c%a8\/","url":"https:\/\/www.lookforward.at\/produkt\/boho-kleid-summer-breeze-%e2%9c%a8\/","name":"Boho Kleid \u201eSummer Breeze\u201c \u2728","isPartOf":{"@id":"https:\/\/www.lookforward.at\/#website"},"primaryImageOfPage":{"@id":"https:\/\/www.lookforward.at\/produkt\/boho-kleid-summer-breeze-%e2%9c%a8\/#primaryimage"},"image":{"@id":"https:\/\/www.lookforward.at\/produkt\/boho-kleid-summer-breeze-%e2%9c%a8\/#primaryimage"},"thumbnailUrl":"https:\/\/www.lookforward.at\/wp-content\/uploads\/2026\/05\/IMG_6834-scaled.jpg","datePublished":"2026-05-10T07:21:26+00:00","dateModified":"2026-05-10T07:51:12+00:00","breadcrumb":{"@id":"https:\/\/www.lookforward.at\/produkt\/boho-kleid-summer-breeze-%e2%9c%a8\/#breadcrumb"},"inLanguage":"en-US","potentialAction":[{"@type":"ReadAction","target":["https:\/\/www.lookforward.at\/produkt\/boho-kleid-summer-breeze-%e2%9c%a8\/"]}]},{"@type":"ImageObject","inLanguage":"en-US","@id":"https:\/\/www.lookforward.at\/produkt\/boho-kleid-summer-breeze-%e2%9c%a8\/#primaryimage","url":"https:\/\/www.lookforward.at\/wp-content\/uploads\/2026\/05\/IMG_6834-scaled.jpg","contentUrl":"https:\/\/www.lookforward.at\/wp-content\/uploads\/2026\/05\/IMG_6834-scaled.jpg","width":1920,"height":2560},{"@type":"BreadcrumbList","@id":"https:\/\/www.lookforward.at\/produkt\/boho-kleid-summer-breeze-%e2%9c%a8\/#breadcrumb","itemListElement":[{"@type":"ListItem","position":1,"name":"Startseite","item":"https:\/\/www.lookforward.at\/"},{"@type":"ListItem","position":2,"name":"Shop","item":"https:\/\/www.lookforward.at\/shop\/"},{"@type":"ListItem","position":3,"name":"Boho Kleid \u201eSummer Breeze\u201c \u2728"}]},{"@type":"WebSite","@id":"https:\/\/www.lookforward.at\/#website","url":"https:\/\/www.lookforward.at\/","name":"lookforward Shop","description":"Der neue Shop f\u00fcr Fashion, Lifestyle, Family, Food and Beauty.","publisher":{"@id":"https:\/\/www.lookforward.at\/#organization"},"potentialAction":[{"@type":"SearchAction","target":{"@type":"EntryPoint","urlTemplate":"https:\/\/www.lookforward.at\/?s={search_term_string}"},"query-input":{"@type":"PropertyValueSpecification","valueRequired":true,"valueName":"search_term_string"}}],"inLanguage":"en-US"},{"@type":"Organization","@id":"https:\/\/www.lookforward.at\/#organization","name":"KB lookforward","url":"https:\/\/www.lookforward.at\/","logo":{"@type":"ImageObject","inLanguage":"en-US","@id":"https:\/\/www.lookforward.at\/#\/schema\/logo\/image\/","url":"https:\/\/www.lookforward.at\/wp-content\/uploads\/2023\/10\/Icon-KB.svg","contentUrl":"https:\/\/www.lookforward.at\/wp-content\/uploads\/2023\/10\/Icon-KB.svg","caption":"KB lookforward"},"image":{"@id":"https:\/\/www.lookforward.at\/#\/schema\/logo\/image\/"}}]}},"_links":{"self":[{"href":"https:\/\/www.lookforward.at\/en\/wp-json\/wp\/v2\/product\/158257","targetHints":{"allow":["GET"]}}],"collection":[{"href":"https:\/\/www.lookforward.at\/en\/wp-json\/wp\/v2\/product"}],"about":[{"href":"https:\/\/www.lookforward.at\/en\/wp-json\/wp\/v2\/types\/product"}],"wp:featuredmedia":[{"embeddable":true,"href":"https:\/\/www.lookforward.at\/en\/wp-json\/wp\/v2\/media\/158205"}],"wp:attachment":[{"href":"https:\/\/www.lookforward.at\/en\/wp-json\/wp\/v2\/media?parent=158257"}],"wp:term":[{"taxonomy":"product_brand","embeddable":true,"href":"https:\/\/www.lookforward.at\/en\/wp-json\/wp\/v2\/product_brand?post=158257"},{"taxonomy":"product_cat","embeddable":true,"href":"https:\/\/www.lookforward.at\/en\/wp-json\/wp\/v2\/product_cat?post=158257"},{"taxonomy":"product_tag","embeddable":true,"href":"https:\/\/www.lookforward.at\/en\/wp-json\/wp\/v2\/product_tag?post=158257"}],"curies":[{"name":"wp","href":"https:\/\/api.w.org\/{rel}","templated":true}]}}