{"id":158269,"date":"2026-05-10T09:32:02","date_gmt":"2026-05-10T07:32:02","guid":{"rendered":"https:\/\/www.lookforward.at\/?post_type=product&#038;p=158269"},"modified":"2026-05-10T09:32:03","modified_gmt":"2026-05-10T07:32:03","slug":"musselin-hemdblusenkleid-summer-breeze-%e2%98%80%ef%b8%8f","status":"publish","type":"product","link":"https:\/\/www.lookforward.at\/en\/produkt\/musselin-hemdblusenkleid-summer-breeze-%e2%98%80%ef%b8%8f\/","title":{"rendered":"Musselin Hemdblusenkleid \u201eSummer Breeze\u201c \u2600\ufe0f"},"content":{"rendered":"","protected":false},"excerpt":{"rendered":"<p><b>Musselin Hemdblusenkleid \u201eSummer Breeze\u201c <\/b>\u2600\ufe0f<\/p>\n<p>Locker, luftig und einfach perfekt f\u00fcr warme Tage \u2013 dieses Musselin-Hemdblusenkleid vereint Komfort mit einem l\u00e4ssig femininen Look. Der lockere Schnitt, die weiche Musselin-Qualit\u00e4t und der Bindeg\u00fcrtel machen das Kleid zu einem unkomplizierten Lieblingsst\u00fcck f\u00fcr Alltag, Urlaub oder Strandtage.<\/p>\n<p>Ob offen mit Sandalen getragen oder tailliert gebunden \u2013 dieses Kleid sorgt immer f\u00fcr einen entspannten Summer-Vibe \ud83e\udd0d<\/p>\n<p><b>Details:<\/b><\/p>\n<p>\u2022 Luftiges Hemdblusenkleid aus Musselin<\/p>\n<p>\u2022 Mit Knopfleiste &#038; Bindeg\u00fcrtel<\/p>\n<p>\u2022 Locker fallender Schnitt<\/p>\n<p>\u2022 Angenehm weich &#038; leicht<\/p>\n<p>\u2022 One Size (passend ca. 36\u201344)<\/p>\n<p>\u2022 Material: 95 % Baumwolle, 5 % Elasthan<\/p>\n<p>\u2022 Farben: Rosa, Beige, Gelb, Hellblau, Schwarz<\/p>\n<p>\u2022 Waschbar bei 30 Grad<\/p>\n<p>Made in Italy \ud83c\uddee\ud83c\uddf9\u2728<\/p>\n","protected":false},"featured_media":158157,"template":"","meta":{"inline_featured_image":false},"product_brand":[],"product_cat":[508,72],"product_tag":[],"class_list":{"0":"post-158269","1":"product","2":"type-product","3":"status-publish","4":"has-post-thumbnail","6":"product_cat-summer","7":"product_cat-kleid","9":"first","10":"onbackorder","11":"taxable","12":"shipping-taxable","13":"purchasable","14":"product-type-variable"},"bundled_by":[],"bundle_stock_status":"onbackorder","bundle_stock_quantity":null,"bundle_virtual":false,"bundle_layout":"","bundle_add_to_cart_form_location":"","bundle_editable_in_cart":false,"bundle_sold_individually_context":"","bundle_item_grouping":"","bundle_min_size":"","bundle_max_size":"","bundle_price":[],"bundled_items":[],"bundle_sell_ids":[],"yoast_head":"<!-- This site is optimized with the Yoast SEO plugin v26.5 - https:\/\/yoast.com\/wordpress\/plugins\/seo\/ -->\n<title>Musselin Hemdblusenkleid \u201eSummer Breeze\u201c \u2600\ufe0f<\/title>\n<meta name=\"robots\" content=\"index, follow, max-snippet:-1, max-image-preview:large, max-video-preview:-1\" \/>\n<link rel=\"canonical\" href=\"https:\/\/www.lookforward.at\/en\/produkt\/musselin-hemdblusenkleid-summer-breeze-\u2600\ufe0f\/\" \/>\n<meta property=\"og:locale\" content=\"en_US\" \/>\n<meta property=\"og:locale:alternate\" content=\"de_DE\" \/>\n<meta property=\"og:type\" content=\"article\" \/>\n<meta property=\"og:title\" content=\"Musselin Hemdblusenkleid \u201eSummer Breeze\u201c \u2600\ufe0f\" \/>\n<meta property=\"og:description\" content=\"Musselin Hemdblusenkleid \u201eSummer Breeze\u201c \u2600\ufe0f  Locker, luftig und einfach perfekt f\u00fcr warme Tage \u2013 dieses Musselin-Hemdblusenkleid vereint Komfort mit einem l\u00e4ssig femininen Look. Der lockere Schnitt, die weiche Musselin-Qualit\u00e4t und der Bindeg\u00fcrtel machen das Kleid zu einem unkomplizierten Lieblingsst\u00fcck f\u00fcr Alltag, Urlaub oder Strandtage.  Ob offen mit Sandalen getragen oder tailliert gebunden \u2013 dieses Kleid sorgt immer f\u00fcr einen entspannten Summer-Vibe \ud83e\udd0d  Details:  \u2022 Luftiges Hemdblusenkleid aus Musselin  \u2022 Mit Knopfleiste &amp; Bindeg\u00fcrtel  \u2022 Locker fallender Schnitt  \u2022 Angenehm weich &amp; leicht  \u2022 One Size (passend ca. 36\u201344)  \u2022 Material: 95 % Baumwolle, 5 % Elasthan  \u2022 Farben: Rosa, Beige, Gelb, Hellblau, Schwarz  \u2022 Waschbar bei 30 Grad  Made in Italy \ud83c\uddee\ud83c\uddf9\u2728\" \/>\n<meta property=\"og:url\" content=\"https:\/\/www.lookforward.at\/en\/produkt\/musselin-hemdblusenkleid-summer-breeze-\u2600\ufe0f\/\" \/>\n<meta property=\"og:site_name\" content=\"lookforward Shop\" \/>\n<meta property=\"article:modified_time\" content=\"2026-05-10T07:32:03+00:00\" \/>\n<meta name=\"twitter:card\" content=\"summary_large_image\" \/>\n<meta name=\"twitter:label1\" content=\"Est. reading time\" \/>\n\t<meta name=\"twitter:data1\" content=\"1 minute\" \/>\n<script type=\"application\/ld+json\" class=\"yoast-schema-graph\">{\"@context\":\"https:\/\/schema.org\",\"@graph\":[{\"@type\":\"WebPage\",\"@id\":\"https:\/\/www.lookforward.at\/produkt\/musselin-hemdblusenkleid-summer-breeze-%e2%98%80%ef%b8%8f\/\",\"url\":\"https:\/\/www.lookforward.at\/produkt\/musselin-hemdblusenkleid-summer-breeze-%e2%98%80%ef%b8%8f\/\",\"name\":\"Musselin Hemdblusenkleid \u201eSummer Breeze\u201c \u2600\ufe0f\",\"isPartOf\":{\"@id\":\"https:\/\/www.lookforward.at\/#website\"},\"primaryImageOfPage\":{\"@id\":\"https:\/\/www.lookforward.at\/produkt\/musselin-hemdblusenkleid-summer-breeze-%e2%98%80%ef%b8%8f\/#primaryimage\"},\"image\":{\"@id\":\"https:\/\/www.lookforward.at\/produkt\/musselin-hemdblusenkleid-summer-breeze-%e2%98%80%ef%b8%8f\/#primaryimage\"},\"thumbnailUrl\":\"https:\/\/www.lookforward.at\/wp-content\/uploads\/2026\/05\/IMG_6682-scaled.jpg\",\"datePublished\":\"2026-05-10T07:32:02+00:00\",\"dateModified\":\"2026-05-10T07:32:03+00:00\",\"breadcrumb\":{\"@id\":\"https:\/\/www.lookforward.at\/produkt\/musselin-hemdblusenkleid-summer-breeze-%e2%98%80%ef%b8%8f\/#breadcrumb\"},\"inLanguage\":\"en-US\",\"potentialAction\":[{\"@type\":\"ReadAction\",\"target\":[\"https:\/\/www.lookforward.at\/produkt\/musselin-hemdblusenkleid-summer-breeze-%e2%98%80%ef%b8%8f\/\"]}]},{\"@type\":\"ImageObject\",\"inLanguage\":\"en-US\",\"@id\":\"https:\/\/www.lookforward.at\/produkt\/musselin-hemdblusenkleid-summer-breeze-%e2%98%80%ef%b8%8f\/#primaryimage\",\"url\":\"https:\/\/www.lookforward.at\/wp-content\/uploads\/2026\/05\/IMG_6682-scaled.jpg\",\"contentUrl\":\"https:\/\/www.lookforward.at\/wp-content\/uploads\/2026\/05\/IMG_6682-scaled.jpg\",\"width\":1920,\"height\":2560},{\"@type\":\"BreadcrumbList\",\"@id\":\"https:\/\/www.lookforward.at\/produkt\/musselin-hemdblusenkleid-summer-breeze-%e2%98%80%ef%b8%8f\/#breadcrumb\",\"itemListElement\":[{\"@type\":\"ListItem\",\"position\":1,\"name\":\"Startseite\",\"item\":\"https:\/\/www.lookforward.at\/\"},{\"@type\":\"ListItem\",\"position\":2,\"name\":\"Shop\",\"item\":\"https:\/\/www.lookforward.at\/shop\/\"},{\"@type\":\"ListItem\",\"position\":3,\"name\":\"Musselin Hemdblusenkleid \u201eSummer Breeze\u201c \u2600\ufe0f\"}]},{\"@type\":\"WebSite\",\"@id\":\"https:\/\/www.lookforward.at\/#website\",\"url\":\"https:\/\/www.lookforward.at\/\",\"name\":\"lookforward Shop\",\"description\":\"Der neue Shop f\u00fcr Fashion, Lifestyle, Family, Food and Beauty.\",\"publisher\":{\"@id\":\"https:\/\/www.lookforward.at\/#organization\"},\"potentialAction\":[{\"@type\":\"SearchAction\",\"target\":{\"@type\":\"EntryPoint\",\"urlTemplate\":\"https:\/\/www.lookforward.at\/?s={search_term_string}\"},\"query-input\":{\"@type\":\"PropertyValueSpecification\",\"valueRequired\":true,\"valueName\":\"search_term_string\"}}],\"inLanguage\":\"en-US\"},{\"@type\":\"Organization\",\"@id\":\"https:\/\/www.lookforward.at\/#organization\",\"name\":\"KB lookforward\",\"url\":\"https:\/\/www.lookforward.at\/\",\"logo\":{\"@type\":\"ImageObject\",\"inLanguage\":\"en-US\",\"@id\":\"https:\/\/www.lookforward.at\/#\/schema\/logo\/image\/\",\"url\":\"https:\/\/www.lookforward.at\/wp-content\/uploads\/2023\/10\/Icon-KB.svg\",\"contentUrl\":\"https:\/\/www.lookforward.at\/wp-content\/uploads\/2023\/10\/Icon-KB.svg\",\"caption\":\"KB lookforward\"},\"image\":{\"@id\":\"https:\/\/www.lookforward.at\/#\/schema\/logo\/image\/\"}}]}<\/script>\n<!-- \/ Yoast SEO plugin. -->","yoast_head_json":{"title":"Musselin Hemdblusenkleid \u201eSummer Breeze\u201c \u2600\ufe0f","robots":{"index":"index","follow":"follow","max-snippet":"max-snippet:-1","max-image-preview":"max-image-preview:large","max-video-preview":"max-video-preview:-1"},"canonical":"https:\/\/www.lookforward.at\/en\/produkt\/musselin-hemdblusenkleid-summer-breeze-\u2600\ufe0f\/","og_locale":"en_US","og_type":"article","og_title":"[:de]Musselin Hemdblusenkleid \u201eSummer Breeze\u201c \u2600\ufe0f[:] - lookforward Shop","og_description":"Musselin Hemdblusenkleid \u201eSummer Breeze\u201c \u2600\ufe0f  Locker, luftig und einfach perfekt f\u00fcr warme Tage \u2013 dieses Musselin-Hemdblusenkleid vereint Komfort mit einem l\u00e4ssig femininen Look. Der lockere Schnitt, die weiche Musselin-Qualit\u00e4t und der Bindeg\u00fcrtel machen das Kleid zu einem unkomplizierten Lieblingsst\u00fcck f\u00fcr Alltag, Urlaub oder Strandtage.  Ob offen mit Sandalen getragen oder tailliert gebunden \u2013 dieses Kleid sorgt immer f\u00fcr einen entspannten Summer-Vibe \ud83e\udd0d  Details:  \u2022 Luftiges Hemdblusenkleid aus Musselin  \u2022 Mit Knopfleiste & Bindeg\u00fcrtel  \u2022 Locker fallender Schnitt  \u2022 Angenehm weich & leicht  \u2022 One Size (passend ca. 36\u201344)  \u2022 Material: 95 % Baumwolle, 5 % Elasthan  \u2022 Farben: Rosa, Beige, Gelb, Hellblau, Schwarz  \u2022 Waschbar bei 30 Grad  Made in Italy \ud83c\uddee\ud83c\uddf9\u2728","og_url":"https:\/\/www.lookforward.at\/en\/produkt\/musselin-hemdblusenkleid-summer-breeze-\u2600\ufe0f\/","og_site_name":"lookforward Shop","article_modified_time":"2026-05-10T07:32:03+00:00","twitter_card":"summary_large_image","twitter_misc":{"Est. reading time":"1 minute"},"schema":{"@context":"https:\/\/schema.org","@graph":[{"@type":"WebPage","@id":"https:\/\/www.lookforward.at\/produkt\/musselin-hemdblusenkleid-summer-breeze-%e2%98%80%ef%b8%8f\/","url":"https:\/\/www.lookforward.at\/produkt\/musselin-hemdblusenkleid-summer-breeze-%e2%98%80%ef%b8%8f\/","name":"Musselin Hemdblusenkleid \u201eSummer Breeze\u201c \u2600\ufe0f","isPartOf":{"@id":"https:\/\/www.lookforward.at\/#website"},"primaryImageOfPage":{"@id":"https:\/\/www.lookforward.at\/produkt\/musselin-hemdblusenkleid-summer-breeze-%e2%98%80%ef%b8%8f\/#primaryimage"},"image":{"@id":"https:\/\/www.lookforward.at\/produkt\/musselin-hemdblusenkleid-summer-breeze-%e2%98%80%ef%b8%8f\/#primaryimage"},"thumbnailUrl":"https:\/\/www.lookforward.at\/wp-content\/uploads\/2026\/05\/IMG_6682-scaled.jpg","datePublished":"2026-05-10T07:32:02+00:00","dateModified":"2026-05-10T07:32:03+00:00","breadcrumb":{"@id":"https:\/\/www.lookforward.at\/produkt\/musselin-hemdblusenkleid-summer-breeze-%e2%98%80%ef%b8%8f\/#breadcrumb"},"inLanguage":"en-US","potentialAction":[{"@type":"ReadAction","target":["https:\/\/www.lookforward.at\/produkt\/musselin-hemdblusenkleid-summer-breeze-%e2%98%80%ef%b8%8f\/"]}]},{"@type":"ImageObject","inLanguage":"en-US","@id":"https:\/\/www.lookforward.at\/produkt\/musselin-hemdblusenkleid-summer-breeze-%e2%98%80%ef%b8%8f\/#primaryimage","url":"https:\/\/www.lookforward.at\/wp-content\/uploads\/2026\/05\/IMG_6682-scaled.jpg","contentUrl":"https:\/\/www.lookforward.at\/wp-content\/uploads\/2026\/05\/IMG_6682-scaled.jpg","width":1920,"height":2560},{"@type":"BreadcrumbList","@id":"https:\/\/www.lookforward.at\/produkt\/musselin-hemdblusenkleid-summer-breeze-%e2%98%80%ef%b8%8f\/#breadcrumb","itemListElement":[{"@type":"ListItem","position":1,"name":"Startseite","item":"https:\/\/www.lookforward.at\/"},{"@type":"ListItem","position":2,"name":"Shop","item":"https:\/\/www.lookforward.at\/shop\/"},{"@type":"ListItem","position":3,"name":"Musselin Hemdblusenkleid \u201eSummer Breeze\u201c \u2600\ufe0f"}]},{"@type":"WebSite","@id":"https:\/\/www.lookforward.at\/#website","url":"https:\/\/www.lookforward.at\/","name":"lookforward Shop","description":"Der neue Shop f\u00fcr Fashion, Lifestyle, Family, Food and Beauty.","publisher":{"@id":"https:\/\/www.lookforward.at\/#organization"},"potentialAction":[{"@type":"SearchAction","target":{"@type":"EntryPoint","urlTemplate":"https:\/\/www.lookforward.at\/?s={search_term_string}"},"query-input":{"@type":"PropertyValueSpecification","valueRequired":true,"valueName":"search_term_string"}}],"inLanguage":"en-US"},{"@type":"Organization","@id":"https:\/\/www.lookforward.at\/#organization","name":"KB lookforward","url":"https:\/\/www.lookforward.at\/","logo":{"@type":"ImageObject","inLanguage":"en-US","@id":"https:\/\/www.lookforward.at\/#\/schema\/logo\/image\/","url":"https:\/\/www.lookforward.at\/wp-content\/uploads\/2023\/10\/Icon-KB.svg","contentUrl":"https:\/\/www.lookforward.at\/wp-content\/uploads\/2023\/10\/Icon-KB.svg","caption":"KB lookforward"},"image":{"@id":"https:\/\/www.lookforward.at\/#\/schema\/logo\/image\/"}}]}},"_links":{"self":[{"href":"https:\/\/www.lookforward.at\/en\/wp-json\/wp\/v2\/product\/158269","targetHints":{"allow":["GET"]}}],"collection":[{"href":"https:\/\/www.lookforward.at\/en\/wp-json\/wp\/v2\/product"}],"about":[{"href":"https:\/\/www.lookforward.at\/en\/wp-json\/wp\/v2\/types\/product"}],"wp:featuredmedia":[{"embeddable":true,"href":"https:\/\/www.lookforward.at\/en\/wp-json\/wp\/v2\/media\/158157"}],"wp:attachment":[{"href":"https:\/\/www.lookforward.at\/en\/wp-json\/wp\/v2\/media?parent=158269"}],"wp:term":[{"taxonomy":"product_brand","embeddable":true,"href":"https:\/\/www.lookforward.at\/en\/wp-json\/wp\/v2\/product_brand?post=158269"},{"taxonomy":"product_cat","embeddable":true,"href":"https:\/\/www.lookforward.at\/en\/wp-json\/wp\/v2\/product_cat?post=158269"},{"taxonomy":"product_tag","embeddable":true,"href":"https:\/\/www.lookforward.at\/en\/wp-json\/wp\/v2\/product_tag?post=158269"}],"curies":[{"name":"wp","href":"https:\/\/api.w.org\/{rel}","templated":true}]}}