{"id":158455,"date":"2026-05-15T18:44:30","date_gmt":"2026-05-15T16:44:30","guid":{"rendered":"https:\/\/www.lookforward.at\/?post_type=product&#038;p=158455"},"modified":"2026-05-15T18:45:06","modified_gmt":"2026-05-15T16:45:06","slug":"moonflower-lace-top-%e2%98%81%ef%b8%8f","status":"publish","type":"product","link":"https:\/\/www.lookforward.at\/en\/produkt\/moonflower-lace-top-%e2%98%81%ef%b8%8f\/","title":{"rendered":"004 Moonflower Lace Top \u2601\ufe0f"},"content":{"rendered":"","protected":false},"excerpt":{"rendered":"<p><b>Moonflower Lace Top <\/b>\u2601\ufe0f<\/p>\n<p>&nbsp;<\/p>\n<p>Soft, feminin &#038; gemacht f\u00fcr alle die keine unbequemen BHs mehr tragen wollen \ud83d\ude2d<\/p>\n<p>Das tr\u00e4gerlose Lace Top sorgt f\u00fcr wundersch\u00f6nen Halt &#038; macht jedes Sommer Outfit direkt softer, femininer &#038; besonderer.<\/p>\n<p>Perfekt unter Blusen, Off-Shoulder Looks oder \u00fcberall dort, wo keine Tr\u00e4ger sichtbar sein sollen \ud83e\udd0d<\/p>\n<ul>\n<li>\ud83c\udf3e Goodbye unbequemer BH<\/li>\n<li>\u2601\ufe0f Sorgt f\u00fcr Halt, ohne dein Outfit zu ruinieren<\/li>\n<li>\ud83e\udd0d Als Top oder BH tragbar<\/li>\n<li>\u2728 Perfekt f\u00fcr feminine Sommer Looks<\/li>\n<li>\ud83e\udd0d Ideal wenn keine Tr\u00e4ger sichtbar sein sollen<\/li>\n<li>\ud83e\udef6 Cups k\u00f6nnen ganz leicht herausgenommen werden<\/li>\n<li>\ud83e\udd0d Ideal passend f\u00fcr Cup A\u2013C<\/li>\n<li>\u2601\ufe0f Soft, stretchy &#038; super angenehm zu tragen<\/li>\n<li>\ud83e\uddfa Waschbar bei 30 Grad<\/li>\n<li>\ud83c\uddee\ud83c\uddf9 Made in Italy<\/li>\n<li>\ud83e\udd0d One Size<\/li>\n<\/ul>\n<p>Farben:<\/p>\n<p>\ud83d\udda4 Schwarz<\/p>\n<p>\ud83e\udd0d Wei\u00df<\/p>\n<p>\ud83e\udd0e Beige<\/p>\n<p>\ud83d\udc97 Rosa<\/p>\n<p>\ud83d\udc9c Flieder<\/p>\n","protected":false},"featured_media":158335,"template":"","meta":{"inline_featured_image":false},"product_brand":[],"product_cat":[442,508],"product_tag":[],"class_list":{"0":"post-158455","1":"product","2":"type-product","3":"status-publish","4":"has-post-thumbnail","6":"product_cat-bras","7":"product_cat-summer","9":"first","10":"onbackorder","11":"taxable","12":"shipping-taxable","13":"purchasable","14":"product-type-variable"},"bundled_by":[],"bundle_stock_status":"onbackorder","bundle_stock_quantity":null,"bundle_virtual":false,"bundle_layout":"","bundle_add_to_cart_form_location":"","bundle_editable_in_cart":false,"bundle_sold_individually_context":"","bundle_item_grouping":"","bundle_min_size":"","bundle_max_size":"","bundle_price":[],"bundled_items":[],"bundle_sell_ids":[],"yoast_head":"<!-- This site is optimized with the Yoast SEO plugin v26.5 - https:\/\/yoast.com\/wordpress\/plugins\/seo\/ -->\n<title>004 Moonflower Lace Top \u2601\ufe0f<\/title>\n<meta name=\"robots\" content=\"index, follow, max-snippet:-1, max-image-preview:large, max-video-preview:-1\" \/>\n<link rel=\"canonical\" href=\"https:\/\/www.lookforward.at\/en\/produkt\/moonflower-lace-top-\u2601\ufe0f\/\" \/>\n<meta property=\"og:locale\" content=\"en_US\" \/>\n<meta property=\"og:locale:alternate\" content=\"de_DE\" \/>\n<meta property=\"og:type\" content=\"article\" \/>\n<meta property=\"og:title\" content=\"004 Moonflower Lace Top \u2601\ufe0f\" \/>\n<meta property=\"og:description\" content=\"Moonflower Lace Top \u2601\ufe0f  &nbsp;  Soft, feminin &amp; gemacht f\u00fcr alle die keine unbequemen BHs mehr tragen wollen \ud83d\ude2d  Das tr\u00e4gerlose Lace Top sorgt f\u00fcr wundersch\u00f6nen Halt &amp; macht jedes Sommer Outfit direkt softer, femininer &amp; besonderer.  Perfekt unter Blusen, Off-Shoulder Looks oder \u00fcberall dort, wo keine Tr\u00e4ger sichtbar sein sollen \ud83e\udd0d   \ud83c\udf3e Goodbye unbequemer BH  \u2601\ufe0f Sorgt f\u00fcr Halt, ohne dein Outfit zu ruinieren  \ud83e\udd0d Als Top oder BH tragbar  \u2728 Perfekt f\u00fcr feminine Sommer Looks  \ud83e\udd0d Ideal wenn keine Tr\u00e4ger sichtbar sein sollen  \ud83e\udef6 Cups k\u00f6nnen ganz leicht herausgenommen werden  \ud83e\udd0d Ideal passend f\u00fcr Cup A\u2013C  \u2601\ufe0f Soft, stretchy &amp; super angenehm zu tragen  \ud83e\uddfa Waschbar bei 30 Grad  \ud83c\uddee\ud83c\uddf9 Made in Italy  \ud83e\udd0d One Size  Farben:  \ud83d\udda4 Schwarz  \ud83e\udd0d Wei\u00df  \ud83e\udd0e Beige  \ud83d\udc97 Rosa  \ud83d\udc9c Flieder\" \/>\n<meta property=\"og:url\" content=\"https:\/\/www.lookforward.at\/en\/produkt\/moonflower-lace-top-\u2601\ufe0f\/\" \/>\n<meta property=\"og:site_name\" content=\"lookforward Shop\" \/>\n<meta property=\"article:modified_time\" content=\"2026-05-15T16:45:06+00:00\" \/>\n<meta property=\"og:image\" content=\"https:\/\/www.lookforward.at\/wp-content\/uploads\/2026\/05\/IMG_1348-scaled.jpg\" \/>\n\t<meta property=\"og:image:width\" content=\"1920\" \/>\n\t<meta property=\"og:image:height\" content=\"2560\" \/>\n\t<meta property=\"og:image:type\" content=\"image\/jpeg\" \/>\n<meta name=\"twitter:card\" content=\"summary_large_image\" \/>\n<meta name=\"twitter:label1\" content=\"Est. reading time\" \/>\n\t<meta name=\"twitter:data1\" content=\"1 minute\" \/>\n<script type=\"application\/ld+json\" class=\"yoast-schema-graph\">{\"@context\":\"https:\/\/schema.org\",\"@graph\":[{\"@type\":\"WebPage\",\"@id\":\"https:\/\/www.lookforward.at\/produkt\/moonflower-lace-top-%e2%98%81%ef%b8%8f\/\",\"url\":\"https:\/\/www.lookforward.at\/produkt\/moonflower-lace-top-%e2%98%81%ef%b8%8f\/\",\"name\":\"004 Moonflower Lace Top \u2601\ufe0f\",\"isPartOf\":{\"@id\":\"https:\/\/www.lookforward.at\/#website\"},\"primaryImageOfPage\":{\"@id\":\"https:\/\/www.lookforward.at\/produkt\/moonflower-lace-top-%e2%98%81%ef%b8%8f\/#primaryimage\"},\"image\":{\"@id\":\"https:\/\/www.lookforward.at\/produkt\/moonflower-lace-top-%e2%98%81%ef%b8%8f\/#primaryimage\"},\"thumbnailUrl\":\"https:\/\/www.lookforward.at\/wp-content\/uploads\/2026\/05\/IMG_1348-scaled.jpg\",\"datePublished\":\"2026-05-15T16:44:30+00:00\",\"dateModified\":\"2026-05-15T16:45:06+00:00\",\"breadcrumb\":{\"@id\":\"https:\/\/www.lookforward.at\/produkt\/moonflower-lace-top-%e2%98%81%ef%b8%8f\/#breadcrumb\"},\"inLanguage\":\"en-US\",\"potentialAction\":[{\"@type\":\"ReadAction\",\"target\":[\"https:\/\/www.lookforward.at\/produkt\/moonflower-lace-top-%e2%98%81%ef%b8%8f\/\"]}]},{\"@type\":\"ImageObject\",\"inLanguage\":\"en-US\",\"@id\":\"https:\/\/www.lookforward.at\/produkt\/moonflower-lace-top-%e2%98%81%ef%b8%8f\/#primaryimage\",\"url\":\"https:\/\/www.lookforward.at\/wp-content\/uploads\/2026\/05\/IMG_1348-scaled.jpg\",\"contentUrl\":\"https:\/\/www.lookforward.at\/wp-content\/uploads\/2026\/05\/IMG_1348-scaled.jpg\",\"width\":1920,\"height\":2560},{\"@type\":\"BreadcrumbList\",\"@id\":\"https:\/\/www.lookforward.at\/produkt\/moonflower-lace-top-%e2%98%81%ef%b8%8f\/#breadcrumb\",\"itemListElement\":[{\"@type\":\"ListItem\",\"position\":1,\"name\":\"Startseite\",\"item\":\"https:\/\/www.lookforward.at\/\"},{\"@type\":\"ListItem\",\"position\":2,\"name\":\"Shop\",\"item\":\"https:\/\/www.lookforward.at\/shop\/\"},{\"@type\":\"ListItem\",\"position\":3,\"name\":\"004 Moonflower Lace Top \u2601\ufe0f\"}]},{\"@type\":\"WebSite\",\"@id\":\"https:\/\/www.lookforward.at\/#website\",\"url\":\"https:\/\/www.lookforward.at\/\",\"name\":\"lookforward Shop\",\"description\":\"Der neue Shop f\u00fcr Fashion, Lifestyle, Family, Food and Beauty.\",\"publisher\":{\"@id\":\"https:\/\/www.lookforward.at\/#organization\"},\"potentialAction\":[{\"@type\":\"SearchAction\",\"target\":{\"@type\":\"EntryPoint\",\"urlTemplate\":\"https:\/\/www.lookforward.at\/?s={search_term_string}\"},\"query-input\":{\"@type\":\"PropertyValueSpecification\",\"valueRequired\":true,\"valueName\":\"search_term_string\"}}],\"inLanguage\":\"en-US\"},{\"@type\":\"Organization\",\"@id\":\"https:\/\/www.lookforward.at\/#organization\",\"name\":\"KB lookforward\",\"url\":\"https:\/\/www.lookforward.at\/\",\"logo\":{\"@type\":\"ImageObject\",\"inLanguage\":\"en-US\",\"@id\":\"https:\/\/www.lookforward.at\/#\/schema\/logo\/image\/\",\"url\":\"https:\/\/www.lookforward.at\/wp-content\/uploads\/2023\/10\/Icon-KB.svg\",\"contentUrl\":\"https:\/\/www.lookforward.at\/wp-content\/uploads\/2023\/10\/Icon-KB.svg\",\"caption\":\"KB lookforward\"},\"image\":{\"@id\":\"https:\/\/www.lookforward.at\/#\/schema\/logo\/image\/\"}}]}<\/script>\n<!-- \/ Yoast SEO plugin. -->","yoast_head_json":{"title":"004 Moonflower Lace Top \u2601\ufe0f","robots":{"index":"index","follow":"follow","max-snippet":"max-snippet:-1","max-image-preview":"max-image-preview:large","max-video-preview":"max-video-preview:-1"},"canonical":"https:\/\/www.lookforward.at\/en\/produkt\/moonflower-lace-top-\u2601\ufe0f\/","og_locale":"en_US","og_type":"article","og_title":"[:de]004 Moonflower Lace Top \u2601\ufe0f[:] - lookforward Shop","og_description":"Moonflower Lace Top \u2601\ufe0f  &nbsp;  Soft, feminin & gemacht f\u00fcr alle die keine unbequemen BHs mehr tragen wollen \ud83d\ude2d  Das tr\u00e4gerlose Lace Top sorgt f\u00fcr wundersch\u00f6nen Halt & macht jedes Sommer Outfit direkt softer, femininer & besonderer.  Perfekt unter Blusen, Off-Shoulder Looks oder \u00fcberall dort, wo keine Tr\u00e4ger sichtbar sein sollen \ud83e\udd0d   \ud83c\udf3e Goodbye unbequemer BH  \u2601\ufe0f Sorgt f\u00fcr Halt, ohne dein Outfit zu ruinieren  \ud83e\udd0d Als Top oder BH tragbar  \u2728 Perfekt f\u00fcr feminine Sommer Looks  \ud83e\udd0d Ideal wenn keine Tr\u00e4ger sichtbar sein sollen  \ud83e\udef6 Cups k\u00f6nnen ganz leicht herausgenommen werden  \ud83e\udd0d Ideal passend f\u00fcr Cup A\u2013C  \u2601\ufe0f Soft, stretchy & super angenehm zu tragen  \ud83e\uddfa Waschbar bei 30 Grad  \ud83c\uddee\ud83c\uddf9 Made in Italy  \ud83e\udd0d One Size  Farben:  \ud83d\udda4 Schwarz  \ud83e\udd0d Wei\u00df  \ud83e\udd0e Beige  \ud83d\udc97 Rosa  \ud83d\udc9c Flieder","og_url":"https:\/\/www.lookforward.at\/en\/produkt\/moonflower-lace-top-\u2601\ufe0f\/","og_site_name":"lookforward Shop","article_modified_time":"2026-05-15T16:45:06+00:00","og_image":[{"width":1920,"height":2560,"url":"https:\/\/www.lookforward.at\/wp-content\/uploads\/2026\/05\/IMG_1348-scaled.jpg","type":"image\/jpeg"}],"twitter_card":"summary_large_image","twitter_misc":{"Est. reading time":"1 minute"},"schema":{"@context":"https:\/\/schema.org","@graph":[{"@type":"WebPage","@id":"https:\/\/www.lookforward.at\/produkt\/moonflower-lace-top-%e2%98%81%ef%b8%8f\/","url":"https:\/\/www.lookforward.at\/produkt\/moonflower-lace-top-%e2%98%81%ef%b8%8f\/","name":"004 Moonflower Lace Top \u2601\ufe0f","isPartOf":{"@id":"https:\/\/www.lookforward.at\/#website"},"primaryImageOfPage":{"@id":"https:\/\/www.lookforward.at\/produkt\/moonflower-lace-top-%e2%98%81%ef%b8%8f\/#primaryimage"},"image":{"@id":"https:\/\/www.lookforward.at\/produkt\/moonflower-lace-top-%e2%98%81%ef%b8%8f\/#primaryimage"},"thumbnailUrl":"https:\/\/www.lookforward.at\/wp-content\/uploads\/2026\/05\/IMG_1348-scaled.jpg","datePublished":"2026-05-15T16:44:30+00:00","dateModified":"2026-05-15T16:45:06+00:00","breadcrumb":{"@id":"https:\/\/www.lookforward.at\/produkt\/moonflower-lace-top-%e2%98%81%ef%b8%8f\/#breadcrumb"},"inLanguage":"en-US","potentialAction":[{"@type":"ReadAction","target":["https:\/\/www.lookforward.at\/produkt\/moonflower-lace-top-%e2%98%81%ef%b8%8f\/"]}]},{"@type":"ImageObject","inLanguage":"en-US","@id":"https:\/\/www.lookforward.at\/produkt\/moonflower-lace-top-%e2%98%81%ef%b8%8f\/#primaryimage","url":"https:\/\/www.lookforward.at\/wp-content\/uploads\/2026\/05\/IMG_1348-scaled.jpg","contentUrl":"https:\/\/www.lookforward.at\/wp-content\/uploads\/2026\/05\/IMG_1348-scaled.jpg","width":1920,"height":2560},{"@type":"BreadcrumbList","@id":"https:\/\/www.lookforward.at\/produkt\/moonflower-lace-top-%e2%98%81%ef%b8%8f\/#breadcrumb","itemListElement":[{"@type":"ListItem","position":1,"name":"Startseite","item":"https:\/\/www.lookforward.at\/"},{"@type":"ListItem","position":2,"name":"Shop","item":"https:\/\/www.lookforward.at\/shop\/"},{"@type":"ListItem","position":3,"name":"004 Moonflower Lace Top \u2601\ufe0f"}]},{"@type":"WebSite","@id":"https:\/\/www.lookforward.at\/#website","url":"https:\/\/www.lookforward.at\/","name":"lookforward Shop","description":"Der neue Shop f\u00fcr Fashion, Lifestyle, Family, Food and Beauty.","publisher":{"@id":"https:\/\/www.lookforward.at\/#organization"},"potentialAction":[{"@type":"SearchAction","target":{"@type":"EntryPoint","urlTemplate":"https:\/\/www.lookforward.at\/?s={search_term_string}"},"query-input":{"@type":"PropertyValueSpecification","valueRequired":true,"valueName":"search_term_string"}}],"inLanguage":"en-US"},{"@type":"Organization","@id":"https:\/\/www.lookforward.at\/#organization","name":"KB lookforward","url":"https:\/\/www.lookforward.at\/","logo":{"@type":"ImageObject","inLanguage":"en-US","@id":"https:\/\/www.lookforward.at\/#\/schema\/logo\/image\/","url":"https:\/\/www.lookforward.at\/wp-content\/uploads\/2023\/10\/Icon-KB.svg","contentUrl":"https:\/\/www.lookforward.at\/wp-content\/uploads\/2023\/10\/Icon-KB.svg","caption":"KB lookforward"},"image":{"@id":"https:\/\/www.lookforward.at\/#\/schema\/logo\/image\/"}}]}},"_links":{"self":[{"href":"https:\/\/www.lookforward.at\/en\/wp-json\/wp\/v2\/product\/158455","targetHints":{"allow":["GET"]}}],"collection":[{"href":"https:\/\/www.lookforward.at\/en\/wp-json\/wp\/v2\/product"}],"about":[{"href":"https:\/\/www.lookforward.at\/en\/wp-json\/wp\/v2\/types\/product"}],"wp:featuredmedia":[{"embeddable":true,"href":"https:\/\/www.lookforward.at\/en\/wp-json\/wp\/v2\/media\/158335"}],"wp:attachment":[{"href":"https:\/\/www.lookforward.at\/en\/wp-json\/wp\/v2\/media?parent=158455"}],"wp:term":[{"taxonomy":"product_brand","embeddable":true,"href":"https:\/\/www.lookforward.at\/en\/wp-json\/wp\/v2\/product_brand?post=158455"},{"taxonomy":"product_cat","embeddable":true,"href":"https:\/\/www.lookforward.at\/en\/wp-json\/wp\/v2\/product_cat?post=158455"},{"taxonomy":"product_tag","embeddable":true,"href":"https:\/\/www.lookforward.at\/en\/wp-json\/wp\/v2\/product_tag?post=158455"}],"curies":[{"name":"wp","href":"https:\/\/api.w.org\/{rel}","templated":true}]}}