{"id":158553,"date":"2026-05-16T10:35:03","date_gmt":"2026-05-16T08:35:03","guid":{"rendered":"https:\/\/www.lookforward.at\/?post_type=product&#038;p=158553"},"modified":"2026-05-16T10:36:53","modified_gmt":"2026-05-16T08:36:53","slug":"limited-golden-glow-bikini-%e2%9c%a8%f0%9f%8c%be","status":"publish","type":"product","link":"https:\/\/www.lookforward.at\/en\/produkt\/limited-golden-glow-bikini-%e2%9c%a8%f0%9f%8c%be\/","title":{"rendered":"!LIMITED! Golden Glow Bikini \u2728\ud83c\udf3e"},"content":{"rendered":"","protected":false},"excerpt":{"rendered":"<p><b>Golden Glow Bikini <\/b>\u2728\ud83c\udf3e<\/p>\n<p>Dieser Bikini macht sofort Summer Mood \u2600\ufe0f\ud83d\ude2d<\/p>\n<p>Die warme Gold-Beige Nuance l\u00e4sst die Haut wundersch\u00f6n gebr\u00e4unt wirken und passt einfach zu jedem Beach Look \ud83e\udd0d<\/p>\n<p>Feminin, clean &#038; genau die Art von Bikini, die man den ganzen Urlaub tragen will \ud83c\udf0a<\/p>\n<ul>\n<li>\u2600\ufe0f Zeitloser Triangle Bikini<\/li>\n<li>\u2728 Wundersch\u00f6ner Glow-Effekt in Gold-Beige<\/li>\n<li>\ud83e\udd0d L\u00e4sst die Haut super gebr\u00e4unt wirken<\/li>\n<li>\ud83c\udf34 Verstellbare B\u00e4nder f\u00fcr perfekten Sitz<\/li>\n<li>\u2601\ufe0f Softes &#038; angenehmes Material<\/li>\n<li>\ud83c\udf0a Herausnehmbare Cups f\u00fcr sch\u00f6nen Halt<\/li>\n<li>\ud83e\udd0d Bikinihose seitlich zum Binden<\/li>\n<li>\ud83c\udf3e Minimalistisch, classy &#038; feminin<\/li>\n<li>\ud83e\uddfa Schnell trocknend &#038; stretchy<\/li>\n<li>\u2728 Perfect Match f\u00fcr Beach Days &#038; Sunset Vibes<\/li>\n<\/ul>\n<p>Gr\u00f6\u00dfen:<\/p>\n<p>S \u2013 XL \ud83e\udd0d<\/p>\n<p>Farben:<\/p>\n<p>\u2728 Gold-Beige<\/p>\n","protected":false},"featured_media":158547,"template":"","meta":{"inline_featured_image":false},"product_brand":[],"product_cat":[509,442,508],"product_tag":[],"class_list":{"0":"post-158553","1":"product","2":"type-product","3":"status-publish","4":"has-post-thumbnail","6":"product_cat-bikini","7":"product_cat-bras","8":"product_cat-summer","10":"first","11":"onbackorder","12":"taxable","13":"shipping-taxable","14":"purchasable","15":"product-type-variable"},"bundled_by":[],"bundle_stock_status":"onbackorder","bundle_stock_quantity":null,"bundle_virtual":false,"bundle_layout":"","bundle_add_to_cart_form_location":"","bundle_editable_in_cart":false,"bundle_sold_individually_context":"","bundle_item_grouping":"","bundle_min_size":"","bundle_max_size":"","bundle_price":[],"bundled_items":[],"bundle_sell_ids":[],"yoast_head":"<!-- This site is optimized with the Yoast SEO plugin v26.5 - https:\/\/yoast.com\/wordpress\/plugins\/seo\/ -->\n<title>!LIMITED! Golden Glow Bikini \u2728\ud83c\udf3e<\/title>\n<meta name=\"robots\" content=\"index, follow, max-snippet:-1, max-image-preview:large, max-video-preview:-1\" \/>\n<link rel=\"canonical\" href=\"https:\/\/www.lookforward.at\/en\/produkt\/limited-golden-glow-bikini-\u2728\ud83c\udf3e\/\" \/>\n<meta property=\"og:locale\" content=\"en_US\" \/>\n<meta property=\"og:locale:alternate\" content=\"de_DE\" \/>\n<meta property=\"og:type\" content=\"article\" \/>\n<meta property=\"og:title\" content=\"!LIMITED! Golden Glow Bikini \u2728\ud83c\udf3e\" \/>\n<meta property=\"og:description\" content=\"Golden Glow Bikini \u2728\ud83c\udf3e  Dieser Bikini macht sofort Summer Mood \u2600\ufe0f\ud83d\ude2d  Die warme Gold-Beige Nuance l\u00e4sst die Haut wundersch\u00f6n gebr\u00e4unt wirken und passt einfach zu jedem Beach Look \ud83e\udd0d  Feminin, clean &amp; genau die Art von Bikini, die man den ganzen Urlaub tragen will \ud83c\udf0a   \u2600\ufe0f Zeitloser Triangle Bikini  \u2728 Wundersch\u00f6ner Glow-Effekt in Gold-Beige  \ud83e\udd0d L\u00e4sst die Haut super gebr\u00e4unt wirken  \ud83c\udf34 Verstellbare B\u00e4nder f\u00fcr perfekten Sitz  \u2601\ufe0f Softes &amp; angenehmes Material  \ud83c\udf0a Herausnehmbare Cups f\u00fcr sch\u00f6nen Halt  \ud83e\udd0d Bikinihose seitlich zum Binden  \ud83c\udf3e Minimalistisch, classy &amp; feminin  \ud83e\uddfa Schnell trocknend &amp; stretchy  \u2728 Perfect Match f\u00fcr Beach Days &amp; Sunset Vibes  Gr\u00f6\u00dfen:  S \u2013 XL \ud83e\udd0d  Farben:  \u2728 Gold-Beige\" \/>\n<meta property=\"og:url\" content=\"https:\/\/www.lookforward.at\/en\/produkt\/limited-golden-glow-bikini-\u2728\ud83c\udf3e\/\" \/>\n<meta property=\"og:site_name\" content=\"lookforward Shop\" \/>\n<meta property=\"article:modified_time\" content=\"2026-05-16T08:36:53+00:00\" \/>\n<meta property=\"og:image\" content=\"https:\/\/www.lookforward.at\/wp-content\/uploads\/2026\/05\/IMG_3554-scaled.jpg\" \/>\n\t<meta property=\"og:image:width\" content=\"1920\" \/>\n\t<meta property=\"og:image:height\" content=\"2560\" \/>\n\t<meta property=\"og:image:type\" content=\"image\/jpeg\" \/>\n<meta name=\"twitter:card\" content=\"summary_large_image\" \/>\n<meta name=\"twitter:label1\" content=\"Est. reading time\" \/>\n\t<meta name=\"twitter:data1\" content=\"1 minute\" \/>\n<script type=\"application\/ld+json\" class=\"yoast-schema-graph\">{\"@context\":\"https:\/\/schema.org\",\"@graph\":[{\"@type\":\"WebPage\",\"@id\":\"https:\/\/www.lookforward.at\/produkt\/limited-golden-glow-bikini-%e2%9c%a8%f0%9f%8c%be\/\",\"url\":\"https:\/\/www.lookforward.at\/produkt\/limited-golden-glow-bikini-%e2%9c%a8%f0%9f%8c%be\/\",\"name\":\"!LIMITED! Golden Glow Bikini \u2728\ud83c\udf3e\",\"isPartOf\":{\"@id\":\"https:\/\/www.lookforward.at\/#website\"},\"primaryImageOfPage\":{\"@id\":\"https:\/\/www.lookforward.at\/produkt\/limited-golden-glow-bikini-%e2%9c%a8%f0%9f%8c%be\/#primaryimage\"},\"image\":{\"@id\":\"https:\/\/www.lookforward.at\/produkt\/limited-golden-glow-bikini-%e2%9c%a8%f0%9f%8c%be\/#primaryimage\"},\"thumbnailUrl\":\"https:\/\/www.lookforward.at\/wp-content\/uploads\/2026\/05\/IMG_3554-scaled.jpg\",\"datePublished\":\"2026-05-16T08:35:03+00:00\",\"dateModified\":\"2026-05-16T08:36:53+00:00\",\"breadcrumb\":{\"@id\":\"https:\/\/www.lookforward.at\/produkt\/limited-golden-glow-bikini-%e2%9c%a8%f0%9f%8c%be\/#breadcrumb\"},\"inLanguage\":\"en-US\",\"potentialAction\":[{\"@type\":\"ReadAction\",\"target\":[\"https:\/\/www.lookforward.at\/produkt\/limited-golden-glow-bikini-%e2%9c%a8%f0%9f%8c%be\/\"]}]},{\"@type\":\"ImageObject\",\"inLanguage\":\"en-US\",\"@id\":\"https:\/\/www.lookforward.at\/produkt\/limited-golden-glow-bikini-%e2%9c%a8%f0%9f%8c%be\/#primaryimage\",\"url\":\"https:\/\/www.lookforward.at\/wp-content\/uploads\/2026\/05\/IMG_3554-scaled.jpg\",\"contentUrl\":\"https:\/\/www.lookforward.at\/wp-content\/uploads\/2026\/05\/IMG_3554-scaled.jpg\",\"width\":1920,\"height\":2560},{\"@type\":\"BreadcrumbList\",\"@id\":\"https:\/\/www.lookforward.at\/produkt\/limited-golden-glow-bikini-%e2%9c%a8%f0%9f%8c%be\/#breadcrumb\",\"itemListElement\":[{\"@type\":\"ListItem\",\"position\":1,\"name\":\"Startseite\",\"item\":\"https:\/\/www.lookforward.at\/\"},{\"@type\":\"ListItem\",\"position\":2,\"name\":\"Shop\",\"item\":\"https:\/\/www.lookforward.at\/shop\/\"},{\"@type\":\"ListItem\",\"position\":3,\"name\":\"!LIMITED! Golden Glow Bikini \u2728\ud83c\udf3e\"}]},{\"@type\":\"WebSite\",\"@id\":\"https:\/\/www.lookforward.at\/#website\",\"url\":\"https:\/\/www.lookforward.at\/\",\"name\":\"lookforward Shop\",\"description\":\"Der neue Shop f\u00fcr Fashion, Lifestyle, Family, Food and Beauty.\",\"publisher\":{\"@id\":\"https:\/\/www.lookforward.at\/#organization\"},\"potentialAction\":[{\"@type\":\"SearchAction\",\"target\":{\"@type\":\"EntryPoint\",\"urlTemplate\":\"https:\/\/www.lookforward.at\/?s={search_term_string}\"},\"query-input\":{\"@type\":\"PropertyValueSpecification\",\"valueRequired\":true,\"valueName\":\"search_term_string\"}}],\"inLanguage\":\"en-US\"},{\"@type\":\"Organization\",\"@id\":\"https:\/\/www.lookforward.at\/#organization\",\"name\":\"KB lookforward\",\"url\":\"https:\/\/www.lookforward.at\/\",\"logo\":{\"@type\":\"ImageObject\",\"inLanguage\":\"en-US\",\"@id\":\"https:\/\/www.lookforward.at\/#\/schema\/logo\/image\/\",\"url\":\"https:\/\/www.lookforward.at\/wp-content\/uploads\/2023\/10\/Icon-KB.svg\",\"contentUrl\":\"https:\/\/www.lookforward.at\/wp-content\/uploads\/2023\/10\/Icon-KB.svg\",\"caption\":\"KB lookforward\"},\"image\":{\"@id\":\"https:\/\/www.lookforward.at\/#\/schema\/logo\/image\/\"}}]}<\/script>\n<!-- \/ Yoast SEO plugin. -->","yoast_head_json":{"title":"!LIMITED! Golden Glow Bikini \u2728\ud83c\udf3e","robots":{"index":"index","follow":"follow","max-snippet":"max-snippet:-1","max-image-preview":"max-image-preview:large","max-video-preview":"max-video-preview:-1"},"canonical":"https:\/\/www.lookforward.at\/en\/produkt\/limited-golden-glow-bikini-\u2728\ud83c\udf3e\/","og_locale":"en_US","og_type":"article","og_title":"[:de]!LIMITED! Golden Glow Bikini \u2728\ud83c\udf3e[:] - lookforward Shop","og_description":"Golden Glow Bikini \u2728\ud83c\udf3e  Dieser Bikini macht sofort Summer Mood \u2600\ufe0f\ud83d\ude2d  Die warme Gold-Beige Nuance l\u00e4sst die Haut wundersch\u00f6n gebr\u00e4unt wirken und passt einfach zu jedem Beach Look \ud83e\udd0d  Feminin, clean & genau die Art von Bikini, die man den ganzen Urlaub tragen will \ud83c\udf0a   \u2600\ufe0f Zeitloser Triangle Bikini  \u2728 Wundersch\u00f6ner Glow-Effekt in Gold-Beige  \ud83e\udd0d L\u00e4sst die Haut super gebr\u00e4unt wirken  \ud83c\udf34 Verstellbare B\u00e4nder f\u00fcr perfekten Sitz  \u2601\ufe0f Softes & angenehmes Material  \ud83c\udf0a Herausnehmbare Cups f\u00fcr sch\u00f6nen Halt  \ud83e\udd0d Bikinihose seitlich zum Binden  \ud83c\udf3e Minimalistisch, classy & feminin  \ud83e\uddfa Schnell trocknend & stretchy  \u2728 Perfect Match f\u00fcr Beach Days & Sunset Vibes  Gr\u00f6\u00dfen:  S \u2013 XL \ud83e\udd0d  Farben:  \u2728 Gold-Beige","og_url":"https:\/\/www.lookforward.at\/en\/produkt\/limited-golden-glow-bikini-\u2728\ud83c\udf3e\/","og_site_name":"lookforward Shop","article_modified_time":"2026-05-16T08:36:53+00:00","og_image":[{"width":1920,"height":2560,"url":"https:\/\/www.lookforward.at\/wp-content\/uploads\/2026\/05\/IMG_3554-scaled.jpg","type":"image\/jpeg"}],"twitter_card":"summary_large_image","twitter_misc":{"Est. reading time":"1 minute"},"schema":{"@context":"https:\/\/schema.org","@graph":[{"@type":"WebPage","@id":"https:\/\/www.lookforward.at\/produkt\/limited-golden-glow-bikini-%e2%9c%a8%f0%9f%8c%be\/","url":"https:\/\/www.lookforward.at\/produkt\/limited-golden-glow-bikini-%e2%9c%a8%f0%9f%8c%be\/","name":"!LIMITED! Golden Glow Bikini \u2728\ud83c\udf3e","isPartOf":{"@id":"https:\/\/www.lookforward.at\/#website"},"primaryImageOfPage":{"@id":"https:\/\/www.lookforward.at\/produkt\/limited-golden-glow-bikini-%e2%9c%a8%f0%9f%8c%be\/#primaryimage"},"image":{"@id":"https:\/\/www.lookforward.at\/produkt\/limited-golden-glow-bikini-%e2%9c%a8%f0%9f%8c%be\/#primaryimage"},"thumbnailUrl":"https:\/\/www.lookforward.at\/wp-content\/uploads\/2026\/05\/IMG_3554-scaled.jpg","datePublished":"2026-05-16T08:35:03+00:00","dateModified":"2026-05-16T08:36:53+00:00","breadcrumb":{"@id":"https:\/\/www.lookforward.at\/produkt\/limited-golden-glow-bikini-%e2%9c%a8%f0%9f%8c%be\/#breadcrumb"},"inLanguage":"en-US","potentialAction":[{"@type":"ReadAction","target":["https:\/\/www.lookforward.at\/produkt\/limited-golden-glow-bikini-%e2%9c%a8%f0%9f%8c%be\/"]}]},{"@type":"ImageObject","inLanguage":"en-US","@id":"https:\/\/www.lookforward.at\/produkt\/limited-golden-glow-bikini-%e2%9c%a8%f0%9f%8c%be\/#primaryimage","url":"https:\/\/www.lookforward.at\/wp-content\/uploads\/2026\/05\/IMG_3554-scaled.jpg","contentUrl":"https:\/\/www.lookforward.at\/wp-content\/uploads\/2026\/05\/IMG_3554-scaled.jpg","width":1920,"height":2560},{"@type":"BreadcrumbList","@id":"https:\/\/www.lookforward.at\/produkt\/limited-golden-glow-bikini-%e2%9c%a8%f0%9f%8c%be\/#breadcrumb","itemListElement":[{"@type":"ListItem","position":1,"name":"Startseite","item":"https:\/\/www.lookforward.at\/"},{"@type":"ListItem","position":2,"name":"Shop","item":"https:\/\/www.lookforward.at\/shop\/"},{"@type":"ListItem","position":3,"name":"!LIMITED! Golden Glow Bikini \u2728\ud83c\udf3e"}]},{"@type":"WebSite","@id":"https:\/\/www.lookforward.at\/#website","url":"https:\/\/www.lookforward.at\/","name":"lookforward Shop","description":"Der neue Shop f\u00fcr Fashion, Lifestyle, Family, Food and Beauty.","publisher":{"@id":"https:\/\/www.lookforward.at\/#organization"},"potentialAction":[{"@type":"SearchAction","target":{"@type":"EntryPoint","urlTemplate":"https:\/\/www.lookforward.at\/?s={search_term_string}"},"query-input":{"@type":"PropertyValueSpecification","valueRequired":true,"valueName":"search_term_string"}}],"inLanguage":"en-US"},{"@type":"Organization","@id":"https:\/\/www.lookforward.at\/#organization","name":"KB lookforward","url":"https:\/\/www.lookforward.at\/","logo":{"@type":"ImageObject","inLanguage":"en-US","@id":"https:\/\/www.lookforward.at\/#\/schema\/logo\/image\/","url":"https:\/\/www.lookforward.at\/wp-content\/uploads\/2023\/10\/Icon-KB.svg","contentUrl":"https:\/\/www.lookforward.at\/wp-content\/uploads\/2023\/10\/Icon-KB.svg","caption":"KB lookforward"},"image":{"@id":"https:\/\/www.lookforward.at\/#\/schema\/logo\/image\/"}}]}},"_links":{"self":[{"href":"https:\/\/www.lookforward.at\/en\/wp-json\/wp\/v2\/product\/158553","targetHints":{"allow":["GET"]}}],"collection":[{"href":"https:\/\/www.lookforward.at\/en\/wp-json\/wp\/v2\/product"}],"about":[{"href":"https:\/\/www.lookforward.at\/en\/wp-json\/wp\/v2\/types\/product"}],"wp:featuredmedia":[{"embeddable":true,"href":"https:\/\/www.lookforward.at\/en\/wp-json\/wp\/v2\/media\/158547"}],"wp:attachment":[{"href":"https:\/\/www.lookforward.at\/en\/wp-json\/wp\/v2\/media?parent=158553"}],"wp:term":[{"taxonomy":"product_brand","embeddable":true,"href":"https:\/\/www.lookforward.at\/en\/wp-json\/wp\/v2\/product_brand?post=158553"},{"taxonomy":"product_cat","embeddable":true,"href":"https:\/\/www.lookforward.at\/en\/wp-json\/wp\/v2\/product_cat?post=158553"},{"taxonomy":"product_tag","embeddable":true,"href":"https:\/\/www.lookforward.at\/en\/wp-json\/wp\/v2\/product_tag?post=158553"}],"curies":[{"name":"wp","href":"https:\/\/api.w.org\/{rel}","templated":true}]}}